{"id":25575,"date":"2024-04-16T15:08:54","date_gmt":"2024-04-16T14:08:54","guid":{"rendered":"https:\/\/craftyminis.com\/unkategorisiert\/vallejo-special-fx-moss-and-lichen-paint-72611\/"},"modified":"2024-04-16T15:08:54","modified_gmt":"2024-04-16T14:08:54","slug":"vallejo-special-fx-moss-and-lichen-paint-72611","status":"publish","type":"product","link":"https:\/\/craftyminis.com\/de\/farben\/vallejo-special-fx-moss-and-lichen-paint-72611\/","title":{"rendered":"Moss and Lichen Special FX 72611 Game Color Vallejo"},"content":{"rendered":"<p>Verwandeln und beleben Sie Ihre Miniaturen und Dioramen mit Vallejo Special FX <strong>Moos und Flechten<\/strong> Farbe. Diese Kollektion ist speziell entwickelt, um eine Vielzahl nat\u00fcrlicher Effekte und organischer Texturen wie Blut, Galle und Erbrochenes zu simulieren und Ihren Fantasy- oder Sci-Fi-Figuren eine realistische Note zu verleihen. Zus\u00e4tzlich sind Patina-, Rost- und Korrosionseffekte perfekt, um verwitterte und gealterte Szenarien mit beeindruckenden Details nachzubilden.<\/p>\n<p><strong>Empfohlene Verwendung:<\/strong><br \/>\nDiese Farben sind f\u00fcr die Pinselapplikation formuliert, sodass Sie die Intensit\u00e4t und Bandbreite der Spezialeffekte pr\u00e4zise steuern k\u00f6nnen.<\/p>\n<p><strong>Intelligente Verpackung:<\/strong><br \/>\nGame Color Special FX wird in 18 ml Tropfflaschen geliefert, die es Ihnen erm\u00f6glichen, genau die ben\u00f6tigte Menge zu verwenden und den Rest der Farbe f\u00fcr zuk\u00fcnftige Projekte in perfektem Zustand zu bewahren. Dieses durchdachte System verhindert Verdunstung und vorzeitiges Austrocknen der Farbe.<\/p>\n<p>F\u00fcgen Sie Vallejo <strong>Special FX<\/strong> Moos- und Flechtenfarbe zu Ihrem Malset hinzu, um vielf\u00e4ltige Effekte auf Miniaturen und Fantasy-Szenarien zu erzeugen.<\/p>\n","protected":false},"excerpt":{"rendered":"<p>Entdecken Sie den Moss and Lichen-Effekt von Vallejo, eine <strong>spezielle Acrylfarbe<\/strong>, die entwickelt wurde, um verschiedene Effekte auf Miniaturen und Fantasy-Settings zu replizieren.<\/p>\n","protected":false},"featured_media":25576,"comment_status":"open","ping_status":"closed","template":"","meta":{"site-sidebar-layout":"default","site-content-layout":"","ast-site-content-layout":"default","site-content-style":"default","site-sidebar-style":"default","ast-global-header-display":"","ast-banner-title-visibility":"","ast-main-header-display":"","ast-hfb-above-header-display":"","ast-hfb-below-header-display":"","ast-hfb-mobile-header-display":"","site-post-title":"","ast-breadcrumbs-content":"","ast-featured-img":"","footer-sml-layout":"","ast-disable-related-posts":"","theme-transparent-header-meta":"default","adv-header-id-meta":"","stick-header-meta":"default","header-above-stick-meta":"","header-main-stick-meta":"","header-below-stick-meta":"","astra-migrate-meta-layouts":"default","ast-page-background-enabled":"default","ast-page-background-meta":{"desktop":{"background-color":"var(--ast-global-color-4)","background-image":"","background-repeat":"repeat","background-position":"center center","background-size":"auto","background-attachment":"scroll","background-type":"","background-media":"","overlay-type":"","overlay-color":"","overlay-opacity":"","overlay-gradient":""},"tablet":{"background-color":"","background-image":"","background-repeat":"repeat","background-position":"center center","background-size":"auto","background-attachment":"scroll","background-type":"","background-media":"","overlay-type":"","overlay-color":"","overlay-opacity":"","overlay-gradient":""},"mobile":{"background-color":"","background-image":"","background-repeat":"repeat","background-position":"center center","background-size":"auto","background-attachment":"scroll","background-type":"","background-media":"","overlay-type":"","overlay-color":"","overlay-opacity":"","overlay-gradient":""}},"ast-content-background-meta":{"desktop":{"background-color":"var(--ast-global-color-5)","background-image":"","background-repeat":"repeat","background-position":"center center","background-size":"auto","background-attachment":"scroll","background-type":"","background-media":"","overlay-type":"","overlay-color":"","overlay-opacity":"","overlay-gradient":""},"tablet":{"background-color":"var(--ast-global-color-5)","background-image":"","background-repeat":"repeat","background-position":"center center","background-size":"auto","background-attachment":"scroll","background-type":"","background-media":"","overlay-type":"","overlay-color":"","overlay-opacity":"","overlay-gradient":""},"mobile":{"background-color":"var(--ast-global-color-5)","background-image":"","background-repeat":"repeat","background-position":"center center","background-size":"auto","background-attachment":"scroll","background-type":"","background-media":"","overlay-type":"","overlay-color":"","overlay-opacity":"","overlay-gradient":""}}},"product_brand":[2242],"product_cat":[1948,1981,2011],"product_tag":[],"class_list":{"0":"post-25575","1":"product","2":"type-product","3":"status-publish","4":"has-post-thumbnail","6":"product_brand-vallejo","7":"product_cat-farben","8":"product_cat-effekte","9":"product_cat-special-fx-vallejo","10":"desktop-align-left","11":"tablet-align-left","12":"mobile-align-left","13":"ast-product-gallery-layout-first-image-large","14":"ast-product-gallery-with-no-image","15":"ast-magnify-disabled","16":"ast-product-tabs-layout-accordion","18":"first","19":"instock","20":"taxable","21":"shipping-taxable","22":"purchasable","23":"product-type-simple"},"_links":{"self":[{"href":"https:\/\/craftyminis.com\/de\/wp-json\/wp\/v2\/product\/25575","targetHints":{"allow":["GET"]}}],"collection":[{"href":"https:\/\/craftyminis.com\/de\/wp-json\/wp\/v2\/product"}],"about":[{"href":"https:\/\/craftyminis.com\/de\/wp-json\/wp\/v2\/types\/product"}],"replies":[{"embeddable":true,"href":"https:\/\/craftyminis.com\/de\/wp-json\/wp\/v2\/comments?post=25575"}],"wp:featuredmedia":[{"embeddable":true,"href":"https:\/\/craftyminis.com\/de\/wp-json\/wp\/v2\/media\/25576"}],"wp:attachment":[{"href":"https:\/\/craftyminis.com\/de\/wp-json\/wp\/v2\/media?parent=25575"}],"wp:term":[{"taxonomy":"product_brand","embeddable":true,"href":"https:\/\/craftyminis.com\/de\/wp-json\/wp\/v2\/product_brand?post=25575"},{"taxonomy":"product_cat","embeddable":true,"href":"https:\/\/craftyminis.com\/de\/wp-json\/wp\/v2\/product_cat?post=25575"},{"taxonomy":"product_tag","embeddable":true,"href":"https:\/\/craftyminis.com\/de\/wp-json\/wp\/v2\/product_tag?post=25575"}],"curies":[{"name":"wp","href":"https:\/\/api.w.org\/{rel}","templated":true}]}}