{"id":25225,"date":"2024-04-18T17:27:48","date_gmt":"2024-04-18T16:27:48","guid":{"rendered":"https:\/\/craftyminis.com\/unkategorisiert\/streaking-grime-effect-73824-weathering-fx-vallejo\/"},"modified":"2024-04-18T17:27:48","modified_gmt":"2024-04-18T16:27:48","slug":"streaking-grime-effect-73824-weathering-fx-vallejo","status":"publish","type":"product","link":"https:\/\/craftyminis.com\/de\/farben\/streaking-grime-effect-73824-weathering-fx-vallejo\/","title":{"rendered":"Streaking Grime 73824 Weathering FX Vallejo"},"content":{"rendered":"<p>Erkunden Sie die realistischen Effekte des Vallejo <strong>Streaking Grime<\/strong> Effekts.<strong> Weathering FX<\/strong> stellt seine wasserbasierte Reihe von Umwelteffekten vor, perfekt f\u00fcr Modellbauer, die nat\u00fcrliche Bedingungen in Modellen und Dioramen authentisch nachbilden m\u00f6chten.<\/p>\n<p>Dieses Produkt wurde sorgf\u00e4ltig formuliert, um auff\u00e4llige visuelle Effekte wie Feuchtigkeitsflecken, Moos auf Holz und Schlamm auf Steinen zu erzeugen. Es erm\u00f6glicht Ihnen, eindrucksvolle visuelle Geschichten \u00fcber das Einsatzleben jedes modellierten Elements zu erz\u00e4hlen. Tragen Sie es direkt auf jede Oberfl\u00e4che auf f\u00fcr schnelle und effektive Ergebnisse. Die schnelle Trocknungszeit sorgt f\u00fcr Flexibilit\u00e4t und einen unterbrechungsfreien Arbeitsablauf.<\/p>\n<p><strong>Sicherheitsinformationen und Verpackung:<\/strong><br \/>\nWeathering FX ist nicht entflammbar und l\u00f6semittelfrei. Es wird in 40-ml-Flaschen geliefert, die eine einfache Anwendung mit minimalem Abfall erm\u00f6glichen. Die Reinigung der Werkzeuge ist einfach mit Wasser, was ein sicheres und effizientes Modellbauerlebnis gew\u00e4hrleistet.<\/p>\n<p><strong>Anwendungsempfehlungen:<\/strong><br \/>\nDer Streaking Grime Effekt simuliert das Aussehen von Staub in der Schwebe oder vom Wind getragen, der sich als neutral get\u00f6nte Patina absetzt. Dieser Staub sammelt sich um Vertiefungen auf vertikalen Oberfl\u00e4chen, wie bei Fahrzeugen und Geb\u00e4uden. Er ist ideal, um Ihren Modellen detaillierten Realismus zu verleihen und das Aussehen von Oberfl\u00e4chen, die Witterungseinfl\u00fcssen im Freien ausgesetzt sind, einzufangen.<\/p>\n<p>F\u00fcgen Sie Vallejos Dirt Streaks Effect Ihrem Malset hinzu und replizieren Sie die Effekte von Witterung und Natur.<\/p>\n","protected":false},"excerpt":{"rendered":"<p>Entdecken Sie Vallejos Streifen-Effekt durch Schmutz, perfekt geeignet, um Ihren Modellen detaillierten Realismus zu verleihen und das Aussehen von <strong> Oberfl\u00e4chen einzufangen, die von Umwelteinfl\u00fcssen im Freien betroffen sind.<\/strong><\/p>\n","protected":false},"featured_media":25228,"comment_status":"open","ping_status":"closed","template":"","meta":{"site-sidebar-layout":"default","site-content-layout":"","ast-site-content-layout":"default","site-content-style":"default","site-sidebar-style":"default","ast-global-header-display":"","ast-banner-title-visibility":"","ast-main-header-display":"","ast-hfb-above-header-display":"","ast-hfb-below-header-display":"","ast-hfb-mobile-header-display":"","site-post-title":"","ast-breadcrumbs-content":"","ast-featured-img":"","footer-sml-layout":"","ast-disable-related-posts":"","theme-transparent-header-meta":"default","adv-header-id-meta":"","stick-header-meta":"default","header-above-stick-meta":"","header-main-stick-meta":"","header-below-stick-meta":"","astra-migrate-meta-layouts":"default","ast-page-background-enabled":"default","ast-page-background-meta":{"desktop":{"background-color":"var(--ast-global-color-4)","background-image":"","background-repeat":"repeat","background-position":"center center","background-size":"auto","background-attachment":"scroll","background-type":"","background-media":"","overlay-type":"","overlay-color":"","overlay-opacity":"","overlay-gradient":""},"tablet":{"background-color":"","background-image":"","background-repeat":"repeat","background-position":"center center","background-size":"auto","background-attachment":"scroll","background-type":"","background-media":"","overlay-type":"","overlay-color":"","overlay-opacity":"","overlay-gradient":""},"mobile":{"background-color":"","background-image":"","background-repeat":"repeat","background-position":"center center","background-size":"auto","background-attachment":"scroll","background-type":"","background-media":"","overlay-type":"","overlay-color":"","overlay-opacity":"","overlay-gradient":""}},"ast-content-background-meta":{"desktop":{"background-color":"var(--ast-global-color-5)","background-image":"","background-repeat":"repeat","background-position":"center center","background-size":"auto","background-attachment":"scroll","background-type":"","background-media":"","overlay-type":"","overlay-color":"","overlay-opacity":"","overlay-gradient":""},"tablet":{"background-color":"var(--ast-global-color-5)","background-image":"","background-repeat":"repeat","background-position":"center center","background-size":"auto","background-attachment":"scroll","background-type":"","background-media":"","overlay-type":"","overlay-color":"","overlay-opacity":"","overlay-gradient":""},"mobile":{"background-color":"var(--ast-global-color-5)","background-image":"","background-repeat":"repeat","background-position":"center center","background-size":"auto","background-attachment":"scroll","background-type":"","background-media":"","overlay-type":"","overlay-color":"","overlay-opacity":"","overlay-gradient":""}}},"product_brand":[2242],"product_cat":[1948,1981,2016],"product_tag":[],"class_list":{"0":"post-25225","1":"product","2":"type-product","3":"status-publish","4":"has-post-thumbnail","6":"product_brand-vallejo","7":"product_cat-farben","8":"product_cat-effekte","9":"product_cat-weathering-fx-vallejo","10":"desktop-align-left","11":"tablet-align-left","12":"mobile-align-left","13":"ast-product-gallery-layout-first-image-large","14":"ast-magnify-disabled","15":"ast-product-tabs-layout-accordion","17":"first","18":"instock","19":"taxable","20":"shipping-taxable","21":"purchasable","22":"product-type-simple"},"_links":{"self":[{"href":"https:\/\/craftyminis.com\/de\/wp-json\/wp\/v2\/product\/25225","targetHints":{"allow":["GET"]}}],"collection":[{"href":"https:\/\/craftyminis.com\/de\/wp-json\/wp\/v2\/product"}],"about":[{"href":"https:\/\/craftyminis.com\/de\/wp-json\/wp\/v2\/types\/product"}],"replies":[{"embeddable":true,"href":"https:\/\/craftyminis.com\/de\/wp-json\/wp\/v2\/comments?post=25225"}],"wp:featuredmedia":[{"embeddable":true,"href":"https:\/\/craftyminis.com\/de\/wp-json\/wp\/v2\/media\/25228"}],"wp:attachment":[{"href":"https:\/\/craftyminis.com\/de\/wp-json\/wp\/v2\/media?parent=25225"}],"wp:term":[{"taxonomy":"product_brand","embeddable":true,"href":"https:\/\/craftyminis.com\/de\/wp-json\/wp\/v2\/product_brand?post=25225"},{"taxonomy":"product_cat","embeddable":true,"href":"https:\/\/craftyminis.com\/de\/wp-json\/wp\/v2\/product_cat?post=25225"},{"taxonomy":"product_tag","embeddable":true,"href":"https:\/\/craftyminis.com\/de\/wp-json\/wp\/v2\/product_tag?post=25225"}],"curies":[{"name":"wp","href":"https:\/\/api.w.org\/{rel}","templated":true}]}}