{"id":25161,"date":"2024-04-18T17:53:36","date_gmt":"2024-04-18T16:53:36","guid":{"rendered":"https:\/\/craftyminis.com\/unkategorisiert\/vallejos-wet-effects-weathering-fx-vallejo\/"},"modified":"2024-04-18T17:53:36","modified_gmt":"2024-04-18T16:53:36","slug":"vallejos-wet-effects-weathering-fx-vallejo","status":"publish","type":"product","link":"https:\/\/craftyminis.com\/de\/farben\/vallejos-wet-effects-weathering-fx-vallejo\/","title":{"rendered":"Wet Effects 73828 Weathering FX Vallejo"},"content":{"rendered":"<p>Entdecken Sie die realistischen Effekte, die mit Vallejos Wet Effects erzielt werden k\u00f6nnen. Weathering FX stellt seine wasserbasierte Linie von Umwelteffekten vor, ideal f\u00fcr Modellbauer, die nat\u00fcrliche Bedingungen in Modellen und Dioramen authentisch nachbilden m\u00f6chten.<\/p>\n<p>Dieses Produkt wurde sorgf\u00e4ltig formuliert, um eindrucksvolle visuelle Effekte wie Feuchtigkeitsflecken, Moos auf Holz und Schlamm auf Steinen zu erzeugen, sodass Sie \u00fcberzeugende visuelle Geschichten \u00fcber das Einsatzleben jedes modellierten Elements gestalten k\u00f6nnen. Es kann direkt auf jede Oberfl\u00e4che aufgetragen werden, um schnelle und effektive Ergebnisse zu erzielen. Die schnelle Trocknungszeit gew\u00e4hrleistet einen nahtlosen Arbeitsablauf ohne Unterbrechungen.<\/p>\n<p><strong>Sicherheitsinformationen und Verpackung:<\/strong><br \/>\nWeathering FX ist nicht entflammbar und l\u00f6semittelfrei. Es wird in 40-ml-Flaschen geliefert, die f\u00fcr eine einfache Anwendung mit minimalem Abfall konzipiert sind. Die Reinigung der Werkzeuge ist einfach mit Wasser m\u00f6glich, was ein sicheres und effizientes Modellbauerlebnis gew\u00e4hrleistet.<\/p>\n<p><strong>Anwendungsempfehlungen:<\/strong><br \/>\nWet Effects stellt das Aussehen von Feuchtigkeit auf Modellen und Dioramen nach und verleiht jeder Szene einen Hauch von Realismus. Dieses Produkt kann mit anderen Effekten aus der Reihe kombiniert werden, um das Gef\u00fchl von N\u00e4sse und Tiefe zu verst\u00e4rken und so ein dynamischeres und authentischeres Finish f\u00fcr Ihre Modellbauprojekte zu erzielen.<\/p>\n<p>F\u00fcgen Sie Vallejos Wet Effects Ihrem Malwerkzeug hinzu und erwecken Sie die Effekte der Einwirkung nat\u00fcrlicher Elemente zum Leben.<\/p>\n","protected":false},"excerpt":{"rendered":"<p>Entdecken Sie Vallejos Wet Effects, die jeder Szene einen Hauch von Realismus verleihen. Dieses Produkt kann mit anderen Effekten aus der Reihe kombiniert werden, um das Gef\u00fchl von Feuchtigkeit und Tiefe zu verst\u00e4rken und so ein dynamischeres und authentischeres Finish in Ihren Modellbauprojekten zu erzielen.<\/p>\n","protected":false},"featured_media":25164,"comment_status":"open","ping_status":"closed","template":"","meta":{"site-sidebar-layout":"default","site-content-layout":"","ast-site-content-layout":"default","site-content-style":"default","site-sidebar-style":"default","ast-global-header-display":"","ast-banner-title-visibility":"","ast-main-header-display":"","ast-hfb-above-header-display":"","ast-hfb-below-header-display":"","ast-hfb-mobile-header-display":"","site-post-title":"","ast-breadcrumbs-content":"","ast-featured-img":"","footer-sml-layout":"","ast-disable-related-posts":"","theme-transparent-header-meta":"default","adv-header-id-meta":"","stick-header-meta":"default","header-above-stick-meta":"","header-main-stick-meta":"","header-below-stick-meta":"","astra-migrate-meta-layouts":"default","ast-page-background-enabled":"default","ast-page-background-meta":{"desktop":{"background-color":"var(--ast-global-color-4)","background-image":"","background-repeat":"repeat","background-position":"center center","background-size":"auto","background-attachment":"scroll","background-type":"","background-media":"","overlay-type":"","overlay-color":"","overlay-opacity":"","overlay-gradient":""},"tablet":{"background-color":"","background-image":"","background-repeat":"repeat","background-position":"center center","background-size":"auto","background-attachment":"scroll","background-type":"","background-media":"","overlay-type":"","overlay-color":"","overlay-opacity":"","overlay-gradient":""},"mobile":{"background-color":"","background-image":"","background-repeat":"repeat","background-position":"center center","background-size":"auto","background-attachment":"scroll","background-type":"","background-media":"","overlay-type":"","overlay-color":"","overlay-opacity":"","overlay-gradient":""}},"ast-content-background-meta":{"desktop":{"background-color":"var(--ast-global-color-5)","background-image":"","background-repeat":"repeat","background-position":"center center","background-size":"auto","background-attachment":"scroll","background-type":"","background-media":"","overlay-type":"","overlay-color":"","overlay-opacity":"","overlay-gradient":""},"tablet":{"background-color":"var(--ast-global-color-5)","background-image":"","background-repeat":"repeat","background-position":"center center","background-size":"auto","background-attachment":"scroll","background-type":"","background-media":"","overlay-type":"","overlay-color":"","overlay-opacity":"","overlay-gradient":""},"mobile":{"background-color":"var(--ast-global-color-5)","background-image":"","background-repeat":"repeat","background-position":"center center","background-size":"auto","background-attachment":"scroll","background-type":"","background-media":"","overlay-type":"","overlay-color":"","overlay-opacity":"","overlay-gradient":""}}},"product_brand":[2242],"product_cat":[1948,1981,2016],"product_tag":[],"class_list":{"0":"post-25161","1":"product","2":"type-product","3":"status-publish","4":"has-post-thumbnail","6":"product_brand-vallejo","7":"product_cat-farben","8":"product_cat-effekte","9":"product_cat-weathering-fx-vallejo","10":"desktop-align-left","11":"tablet-align-left","12":"mobile-align-left","13":"ast-product-gallery-layout-first-image-large","14":"ast-magnify-disabled","15":"ast-product-tabs-layout-accordion","17":"first","18":"instock","19":"taxable","20":"shipping-taxable","21":"purchasable","22":"product-type-simple"},"_links":{"self":[{"href":"https:\/\/craftyminis.com\/de\/wp-json\/wp\/v2\/product\/25161","targetHints":{"allow":["GET"]}}],"collection":[{"href":"https:\/\/craftyminis.com\/de\/wp-json\/wp\/v2\/product"}],"about":[{"href":"https:\/\/craftyminis.com\/de\/wp-json\/wp\/v2\/types\/product"}],"replies":[{"embeddable":true,"href":"https:\/\/craftyminis.com\/de\/wp-json\/wp\/v2\/comments?post=25161"}],"wp:featuredmedia":[{"embeddable":true,"href":"https:\/\/craftyminis.com\/de\/wp-json\/wp\/v2\/media\/25164"}],"wp:attachment":[{"href":"https:\/\/craftyminis.com\/de\/wp-json\/wp\/v2\/media?parent=25161"}],"wp:term":[{"taxonomy":"product_brand","embeddable":true,"href":"https:\/\/craftyminis.com\/de\/wp-json\/wp\/v2\/product_brand?post=25161"},{"taxonomy":"product_cat","embeddable":true,"href":"https:\/\/craftyminis.com\/de\/wp-json\/wp\/v2\/product_cat?post=25161"},{"taxonomy":"product_tag","embeddable":true,"href":"https:\/\/craftyminis.com\/de\/wp-json\/wp\/v2\/product_tag?post=25161"}],"curies":[{"name":"wp","href":"https:\/\/api.w.org\/{rel}","templated":true}]}}