{"id":25128,"date":"2025-07-17T12:15:58","date_gmt":"2025-07-17T11:15:58","guid":{"rendered":"https:\/\/craftyminis.com\/unkategorisiert\/vallejo-diorama-fx-industrial-mud-26809\/"},"modified":"2025-07-17T12:15:58","modified_gmt":"2025-07-17T11:15:58","slug":"vallejo-diorama-fx-industrial-mud-26809","status":"publish","type":"product","link":"https:\/\/craftyminis.com\/de\/farben\/vallejo-diorama-fx-industrial-mud-26809\/","title":{"rendered":"Vallejo Diorama FX \u2013 Industrial Mud (26809)"},"content":{"rendered":"<h4 data-start=\"49\" data-end=\"111\">Vallejo Diorama FX \u2013 Industrial Mud (26809) ist ideal, um st\u00e4dtischen Schlamm in Dioramen und Tabletop-Spielen zu simulieren. Realistische Textur und einfache Anwendung.: realistische Effekte f\u00fcr Dioramen<\/h4>\n<p data-start=\"113\" data-end=\"1043\">Teil von <strong>Vallejo Diorama FX<\/strong> \u2013 <strong>Industrial Mud<\/strong> (26809) ist ideal, um st\u00e4dtischen Schlamm in Dioramen und Tabletop-Spielen zu simulieren. Realistische Textur und einfache Anwendung. erm\u00f6glicht es Ihnen, hochrealistischen st\u00e4dtischen Schlamm in Ihren Modellbauszenen nachzubilden. Die Diorama FX-Reihe bietet Modellbauern alles, was sie ben\u00f6tigen, um Bodentexturen mit einer Vielzahl von Effekten darzustellen \u2013 von staubigen Stra\u00dfen bis hin zu Schnee, Schlamm und Wasser \u2013 und verleiht jeder Szene au\u00dfergew\u00f6hnliche Realit\u00e4tsn\u00e4he, indem sie Modelle nahtlos in ihre Umgebung einf\u00fcgt. Alle Diorama FX-Produkte sind wasserbasierte Acrylfarben (nicht entflammbar und <strong>l\u00f6semittelfrei<\/strong>), was eine sichere Anwendung auch in geschlossenen R\u00e4umen gew\u00e4hrleistet. Sie lassen sich leicht mit Pinsel, Spachtel oder anderen Werkzeugen auftragen und <strong>k\u00f6nnen mit Wasser verd\u00fcnnt werden<\/strong>, um Kanten zu mildern oder glattere Texturen zu erzeugen.<\/p>\n<p data-start=\"113\" data-end=\"1043\">Dank ihrer Vielseitigkeit eignen sich diese Produkte sowohl f\u00fcr traditionelle <strong>Diorama<\/strong> <strong>Projekte<\/strong> als auch f\u00fcr Miniaturbasen f\u00fcr <strong>Tabletop-Spiele<\/strong>, die als kleine, detailreiche Szenen behandelt werden k\u00f6nnen. In unserer <strong><a href=\"https:\/\/craftyminis.com\/en\/paintings\/effects\/diorama-fx-vallejo\/\">Diorama FX<\/a><\/strong> Kategorie finden Sie all diese spezialisierten Effekte, unterst\u00fctzt durch die renommierte Qualit\u00e4t von <a href=\"https:\/\/craftyminis.com\/en\/brand\/vallejo\/\"><strong>Vallejo<\/strong><\/a>, einer f\u00fchrenden Marke in der Welt des Modellbaus.<\/p>\n<p data-start=\"113\" data-end=\"1043\"><strong>Vallejo Industrial Mud (26809) <\/strong>ist eine strukturierte Paste mit einem <strong>grauen<\/strong> Ton, perfekt zur Simulation von st\u00e4dtischem Schlamm in Industrie-Szenen oder heruntergekommenen Umgebungen. Sie vermittelt Anzeichen menschlicher Pr\u00e4senz, Schmutz und st\u00e4dtischer Aktivit\u00e4t und bietet ein realistisches mattes Finish mit Volumen und Textur. Ideal f\u00fcr moderne Dioramen, Milit\u00e4rfahrzeuge oder urbane Miniaturbasen.<\/p>\n<p><small>Weitere technische Details finden Sie auf der <a href=\"https:\/\/acrylicosvallejo.com\/en\/\" target=\"_blank\" rel=\"noopener\">offiziellen Webseite von Vallejo<\/a>.<\/small><\/p>\n","protected":false},"excerpt":{"rendered":"<p><strong data-start=\"1511\" data-end=\"1594\">Erstellen Sie realistischen urbanen Schlamm in Ihren Dioramen mit Vallejo Industrial Mud (26809). <\/strong>Dieser gr\u00e4uliche, strukturierte Effekt ist perfekt f\u00fcr Industrieszenen und Miniaturbasen. Teil der sicheren, acrylbasierten und einfach zu verwendenden Diorama FX-Reihe.<\/p>\n","protected":false},"featured_media":25129,"comment_status":"open","ping_status":"closed","template":"","meta":{"site-sidebar-layout":"default","site-content-layout":"","ast-site-content-layout":"default","site-content-style":"default","site-sidebar-style":"default","ast-global-header-display":"","ast-banner-title-visibility":"","ast-main-header-display":"","ast-hfb-above-header-display":"","ast-hfb-below-header-display":"","ast-hfb-mobile-header-display":"","site-post-title":"","ast-breadcrumbs-content":"","ast-featured-img":"","footer-sml-layout":"","ast-disable-related-posts":"","theme-transparent-header-meta":"default","adv-header-id-meta":"","stick-header-meta":"default","header-above-stick-meta":"","header-main-stick-meta":"","header-below-stick-meta":"","astra-migrate-meta-layouts":"default","ast-page-background-enabled":"default","ast-page-background-meta":{"desktop":{"background-color":"var(--ast-global-color-4)","background-image":"","background-repeat":"repeat","background-position":"center center","background-size":"auto","background-attachment":"scroll","background-type":"","background-media":"","overlay-type":"","overlay-color":"","overlay-opacity":"","overlay-gradient":""},"tablet":{"background-color":"","background-image":"","background-repeat":"repeat","background-position":"center center","background-size":"auto","background-attachment":"scroll","background-type":"","background-media":"","overlay-type":"","overlay-color":"","overlay-opacity":"","overlay-gradient":""},"mobile":{"background-color":"","background-image":"","background-repeat":"repeat","background-position":"center center","background-size":"auto","background-attachment":"scroll","background-type":"","background-media":"","overlay-type":"","overlay-color":"","overlay-opacity":"","overlay-gradient":""}},"ast-content-background-meta":{"desktop":{"background-color":"var(--ast-global-color-5)","background-image":"","background-repeat":"repeat","background-position":"center center","background-size":"auto","background-attachment":"scroll","background-type":"","background-media":"","overlay-type":"","overlay-color":"","overlay-opacity":"","overlay-gradient":""},"tablet":{"background-color":"var(--ast-global-color-5)","background-image":"","background-repeat":"repeat","background-position":"center center","background-size":"auto","background-attachment":"scroll","background-type":"","background-media":"","overlay-type":"","overlay-color":"","overlay-opacity":"","overlay-gradient":""},"mobile":{"background-color":"var(--ast-global-color-5)","background-image":"","background-repeat":"repeat","background-position":"center center","background-size":"auto","background-attachment":"scroll","background-type":"","background-media":"","overlay-type":"","overlay-color":"","overlay-opacity":"","overlay-gradient":""}}},"product_brand":[2242],"product_cat":[1948,1998,1981],"product_tag":[],"class_list":{"0":"post-25128","1":"product","2":"type-product","3":"status-publish","4":"has-post-thumbnail","6":"product_brand-vallejo","7":"product_cat-farben","8":"product_cat-diorama-fx-vallejo","9":"product_cat-effekte","10":"desktop-align-left","11":"tablet-align-left","12":"mobile-align-left","13":"ast-product-gallery-layout-first-image-large","14":"ast-magnify-disabled","15":"ast-product-tabs-layout-accordion","17":"first","18":"instock","19":"taxable","20":"shipping-taxable","21":"purchasable","22":"product-type-simple"},"_links":{"self":[{"href":"https:\/\/craftyminis.com\/de\/wp-json\/wp\/v2\/product\/25128","targetHints":{"allow":["GET"]}}],"collection":[{"href":"https:\/\/craftyminis.com\/de\/wp-json\/wp\/v2\/product"}],"about":[{"href":"https:\/\/craftyminis.com\/de\/wp-json\/wp\/v2\/types\/product"}],"replies":[{"embeddable":true,"href":"https:\/\/craftyminis.com\/de\/wp-json\/wp\/v2\/comments?post=25128"}],"wp:featuredmedia":[{"embeddable":true,"href":"https:\/\/craftyminis.com\/de\/wp-json\/wp\/v2\/media\/25129"}],"wp:attachment":[{"href":"https:\/\/craftyminis.com\/de\/wp-json\/wp\/v2\/media?parent=25128"}],"wp:term":[{"taxonomy":"product_brand","embeddable":true,"href":"https:\/\/craftyminis.com\/de\/wp-json\/wp\/v2\/product_brand?post=25128"},{"taxonomy":"product_cat","embeddable":true,"href":"https:\/\/craftyminis.com\/de\/wp-json\/wp\/v2\/product_cat?post=25128"},{"taxonomy":"product_tag","embeddable":true,"href":"https:\/\/craftyminis.com\/de\/wp-json\/wp\/v2\/product_tag?post=25128"}],"curies":[{"name":"wp","href":"https:\/\/api.w.org\/{rel}","templated":true}]}}