{"id":25060,"date":"2025-07-17T23:11:48","date_gmt":"2025-07-17T22:11:48","guid":{"rendered":"https:\/\/craftyminis.com\/unkategorisiert\/vallejo-diorama-fx-white-stone-paste-26211\/"},"modified":"2025-07-17T23:11:48","modified_gmt":"2025-07-17T22:11:48","slug":"vallejo-diorama-fx-white-stone-paste-26211","status":"publish","type":"product","link":"https:\/\/craftyminis.com\/de\/farben\/vallejo-diorama-fx-white-stone-paste-26211\/","title":{"rendered":"Vallejo Diorama FX \u2013 White Stone Paste (26211)"},"content":{"rendered":"<h4>Vallejo Diorama FX \u2013 White Stone Paste (26211): realistische Steineffekte f\u00fcr Dioramen<\/h4>\n<p>Im <strong>Diorama FX<\/strong> Sortiment von <strong>Vallejo<\/strong> sticht das Produkt <strong>White Stone Paste<\/strong> (26211) hervor, da es eine fein strukturierte Acrylpaste bietet, die wei\u00dfen Marmor mit hoher Realit\u00e4tsn\u00e4he in Ihren Modellbauszenen nachahmt. Die Diorama FX-Reihe bietet alles, was ben\u00f6tigt wird, um Gel\u00e4nde- und Umwelteffekte \u2013 von Schlamm oder Schnee bis hin zu Wasser oder Stein \u2013 nachzubilden und Ihre Modelle nat\u00fcrlich mit ihrer Umgebung zu integrieren. Alle Produkte sind auf Acrylbasis, <strong>nicht entflammbar und l\u00f6sungsmittelfrei<\/strong>, was eine sichere Anwendung in Innenr\u00e4umen gew\u00e4hrleistet, und lassen sich leicht mit Pinseln, Spachteln oder anderen Werkzeugen auftragen; sie k\u00f6nnen auch mit Wasser verd\u00fcnnt werden, um die Texturen zu mildern.<\/p>\n<p>Dank seiner Vielseitigkeit ist diese Reihe perfekt f\u00fcr Modellbau und Miniaturbasen in <strong>Wargames<\/strong>, die als detailreiche Miniaturdioramen behandelt werden. In der <a href=\"https:\/\/craftyminis.com\/en\/paintings\/effects\/diorama-fx-vallejo\/\"><strong>Diorama FX Kategorie<\/strong><\/a> finden Sie diese spezialisierten Effekte, unterst\u00fctzt durch die Qualit\u00e4t der <a href=\"https:\/\/craftyminis.com\/en\/brand\/vallejo\/\"><strong>Vallejo-Marke<\/strong><\/a>, einem f\u00fchrenden Unternehmen in der Modellbauwelt.<\/p>\n<p>Die <strong>White Stone Paste Vallejo (26211)<\/strong> ist eine dichte Mischung, die Kalkstein oder Marmor realistisch nachbildet, mit einer feinen, k\u00f6rnigen Oberfl\u00e4che. Sie kann geschnitzt, geschliffen oder als M\u00f6rtel und F\u00fcllstoff in Konstruktionen, Mauern oder Dioramaskulpturen verwendet werden und liefert saubere, definierte Oberfl\u00e4chen. Nach dem Trocknen beh\u00e4lt sie ihre Form und erm\u00f6glicht das Hinzuf\u00fcgen realistischer Details in felsigem Gel\u00e4nde, Ruinen oder Steingeb\u00e4uden.<\/p>\n<p><small>Alle technischen Details finden Sie auf der <a href=\"https:\/\/acrylicosvallejo.com\/\" target=\"_blank\" rel=\"noopener\">offiziellen Vallejo-Webseite<\/a>.<\/small><\/p>\n","protected":false},"excerpt":{"rendered":"<p><strong>Rekreiere wei\u00dfen Marmor oder Stein in deinen Dioramen mit Vallejo White Stone Paste (26211).<\/strong> Fein strukturierte Paste, schnitzbar und schleifbar \u2013 ideal f\u00fcr Ruinen und Bauwerke.<strong><br \/>\n<\/strong><\/p>\n","protected":false},"featured_media":25061,"comment_status":"open","ping_status":"closed","template":"","meta":{"site-sidebar-layout":"default","site-content-layout":"","ast-site-content-layout":"default","site-content-style":"default","site-sidebar-style":"default","ast-global-header-display":"","ast-banner-title-visibility":"","ast-main-header-display":"","ast-hfb-above-header-display":"","ast-hfb-below-header-display":"","ast-hfb-mobile-header-display":"","site-post-title":"","ast-breadcrumbs-content":"","ast-featured-img":"","footer-sml-layout":"","ast-disable-related-posts":"","theme-transparent-header-meta":"default","adv-header-id-meta":"","stick-header-meta":"default","header-above-stick-meta":"","header-main-stick-meta":"","header-below-stick-meta":"","astra-migrate-meta-layouts":"default","ast-page-background-enabled":"default","ast-page-background-meta":{"desktop":{"background-color":"var(--ast-global-color-4)","background-image":"","background-repeat":"repeat","background-position":"center center","background-size":"auto","background-attachment":"scroll","background-type":"","background-media":"","overlay-type":"","overlay-color":"","overlay-opacity":"","overlay-gradient":""},"tablet":{"background-color":"","background-image":"","background-repeat":"repeat","background-position":"center center","background-size":"auto","background-attachment":"scroll","background-type":"","background-media":"","overlay-type":"","overlay-color":"","overlay-opacity":"","overlay-gradient":""},"mobile":{"background-color":"","background-image":"","background-repeat":"repeat","background-position":"center center","background-size":"auto","background-attachment":"scroll","background-type":"","background-media":"","overlay-type":"","overlay-color":"","overlay-opacity":"","overlay-gradient":""}},"ast-content-background-meta":{"desktop":{"background-color":"var(--ast-global-color-5)","background-image":"","background-repeat":"repeat","background-position":"center center","background-size":"auto","background-attachment":"scroll","background-type":"","background-media":"","overlay-type":"","overlay-color":"","overlay-opacity":"","overlay-gradient":""},"tablet":{"background-color":"var(--ast-global-color-5)","background-image":"","background-repeat":"repeat","background-position":"center center","background-size":"auto","background-attachment":"scroll","background-type":"","background-media":"","overlay-type":"","overlay-color":"","overlay-opacity":"","overlay-gradient":""},"mobile":{"background-color":"var(--ast-global-color-5)","background-image":"","background-repeat":"repeat","background-position":"center center","background-size":"auto","background-attachment":"scroll","background-type":"","background-media":"","overlay-type":"","overlay-color":"","overlay-opacity":"","overlay-gradient":""}}},"product_brand":[2242],"product_cat":[1948,1998,1981],"product_tag":[],"class_list":{"0":"post-25060","1":"product","2":"type-product","3":"status-publish","4":"has-post-thumbnail","6":"product_brand-vallejo","7":"product_cat-farben","8":"product_cat-diorama-fx-vallejo","9":"product_cat-effekte","10":"desktop-align-left","11":"tablet-align-left","12":"mobile-align-left","13":"ast-product-gallery-layout-first-image-large","14":"ast-magnify-disabled","15":"ast-product-tabs-layout-accordion","17":"first","18":"instock","19":"taxable","20":"shipping-taxable","21":"purchasable","22":"product-type-simple"},"_links":{"self":[{"href":"https:\/\/craftyminis.com\/de\/wp-json\/wp\/v2\/product\/25060","targetHints":{"allow":["GET"]}}],"collection":[{"href":"https:\/\/craftyminis.com\/de\/wp-json\/wp\/v2\/product"}],"about":[{"href":"https:\/\/craftyminis.com\/de\/wp-json\/wp\/v2\/types\/product"}],"replies":[{"embeddable":true,"href":"https:\/\/craftyminis.com\/de\/wp-json\/wp\/v2\/comments?post=25060"}],"wp:featuredmedia":[{"embeddable":true,"href":"https:\/\/craftyminis.com\/de\/wp-json\/wp\/v2\/media\/25061"}],"wp:attachment":[{"href":"https:\/\/craftyminis.com\/de\/wp-json\/wp\/v2\/media?parent=25060"}],"wp:term":[{"taxonomy":"product_brand","embeddable":true,"href":"https:\/\/craftyminis.com\/de\/wp-json\/wp\/v2\/product_brand?post=25060"},{"taxonomy":"product_cat","embeddable":true,"href":"https:\/\/craftyminis.com\/de\/wp-json\/wp\/v2\/product_cat?post=25060"},{"taxonomy":"product_tag","embeddable":true,"href":"https:\/\/craftyminis.com\/de\/wp-json\/wp\/v2\/product_tag?post=25060"}],"curies":[{"name":"wp","href":"https:\/\/api.w.org\/{rel}","templated":true}]}}