{"id":25024,"date":"2025-07-17T23:42:18","date_gmt":"2025-07-17T22:42:18","guid":{"rendered":"https:\/\/craftyminis.com\/unkategorisiert\/vallejo-diorama-fx-sandy-paste-26215\/"},"modified":"2025-07-17T23:42:18","modified_gmt":"2025-07-17T22:42:18","slug":"vallejo-diorama-fx-sandy-paste-26215","status":"publish","type":"product","link":"https:\/\/craftyminis.com\/de\/farben\/vallejo-diorama-fx-sandy-paste-26215\/","title":{"rendered":"Vallejo Diorama FX \u2013 Sandy Paste (26215)"},"content":{"rendered":"<h4>Vallejo Diorama FX \u2013 Sandy Paste (26215): realistische Sandtexturen f\u00fcr Dioramen<\/h4>\n<p>Im <strong>Diorama FX<\/strong> Sortiment von <strong>Vallejo<\/strong> \u00fcberzeugt das Produkt <strong>Sandy Paste<\/strong> (26215) durch die authentische Nachbildung von W\u00fcsten- und Sandfl\u00e4chen. Diese Linie bietet alles, was ben\u00f6tigt wird, um vielf\u00e4ltige Gel\u00e4ndearten nachzubilden \u2013 von Schlamm und Schnee bis zu Wasser und Sand \u2013 und verleiht Ihren Dioramenumgebungen herausragende Realit\u00e4tsn\u00e4he. Alle Diorama FX Produkte basieren auf Acryl, sind <strong>nicht entflammbar und l\u00f6sungsmittelfrei<\/strong>, was eine sichere und saubere Anwendung gew\u00e4hrleistet. Sie lassen sich leicht mit Pinsel oder Spachtel auftragen und sind <strong>wasserl\u00f6slich<\/strong>, wodurch sie f\u00fcr das Verblenden von Kanten verd\u00fcnnt oder mit anderen Texturen kombiniert werden k\u00f6nnen.<\/p>\n<p>Dank seiner Vielseitigkeit ist Diorama FX perfekt f\u00fcr traditionelles Modellbau und Wargame-Basing geeignet und f\u00fcgt Szenen stimmungsvolle Details und narrative Koh\u00e4renz hinzu. Finden Sie weitere Effekte in der <a href=\"https:\/\/craftyminis.com\/en\/paintings\/effects\/diorama-fx-vallejo\/\"><strong>Diorama FX Kategorie<\/strong><\/a> und vervollst\u00e4ndigen Sie Ihr Projekt mit der Qualit\u00e4t der <a href=\"https:\/\/craftyminis.com\/en\/brand\/vallejo\/\"><strong>Vallejo Marke<\/strong><\/a>.<\/p>\n<p>Die <strong>Sandy Paste Vallejo (26215)<\/strong> ist eine Acrylpaste mittlerer Viskosit\u00e4t mit sandiger Farbe und Textur, ideal zum Erstellen von D\u00fcnen, Str\u00e4nden und W\u00fcstenb\u00f6den. Ihre grobk\u00f6rnige Textur zeigt nach dem Trocknen detaillierten Sand und erm\u00f6glicht das Formen von Unebenheiten vor dem Trocknen. Sie eignet sich auch gut als strukturierte Basis f\u00fcr das Altern glatter Oberfl\u00e4chen wie korrodierter Metalle oder abgenutzter Pfade. Geliefert in einem 200\u202fml Glas, trocknet sie in nur wenigen Stunden und ist bereit zum Grundieren und Bemalen.<\/p>\n<p><small>Details finden Sie auf der <a href=\"https:\/\/acrylicosvallejo.com\/\" target=\"_blank\" rel=\"noopener\">offiziellen Vallejo Webseite<\/a>.<\/small><\/p>\n","protected":false},"excerpt":{"rendered":"<p><strong>Erhalten Sie realistische D\u00fcnen und sandiges Gel\u00e4nde mit Vallejo Sandy Paste (26215).<\/strong> Acrylpaste mit grober Textur, trocknet in Stunden und ist leicht zu formen.<\/p>\n","protected":false},"featured_media":25025,"comment_status":"open","ping_status":"closed","template":"","meta":{"site-sidebar-layout":"default","site-content-layout":"","ast-site-content-layout":"default","site-content-style":"default","site-sidebar-style":"default","ast-global-header-display":"","ast-banner-title-visibility":"","ast-main-header-display":"","ast-hfb-above-header-display":"","ast-hfb-below-header-display":"","ast-hfb-mobile-header-display":"","site-post-title":"","ast-breadcrumbs-content":"","ast-featured-img":"","footer-sml-layout":"","ast-disable-related-posts":"","theme-transparent-header-meta":"default","adv-header-id-meta":"","stick-header-meta":"default","header-above-stick-meta":"","header-main-stick-meta":"","header-below-stick-meta":"","astra-migrate-meta-layouts":"default","ast-page-background-enabled":"default","ast-page-background-meta":{"desktop":{"background-color":"var(--ast-global-color-4)","background-image":"","background-repeat":"repeat","background-position":"center center","background-size":"auto","background-attachment":"scroll","background-type":"","background-media":"","overlay-type":"","overlay-color":"","overlay-opacity":"","overlay-gradient":""},"tablet":{"background-color":"","background-image":"","background-repeat":"repeat","background-position":"center center","background-size":"auto","background-attachment":"scroll","background-type":"","background-media":"","overlay-type":"","overlay-color":"","overlay-opacity":"","overlay-gradient":""},"mobile":{"background-color":"","background-image":"","background-repeat":"repeat","background-position":"center center","background-size":"auto","background-attachment":"scroll","background-type":"","background-media":"","overlay-type":"","overlay-color":"","overlay-opacity":"","overlay-gradient":""}},"ast-content-background-meta":{"desktop":{"background-color":"var(--ast-global-color-5)","background-image":"","background-repeat":"repeat","background-position":"center center","background-size":"auto","background-attachment":"scroll","background-type":"","background-media":"","overlay-type":"","overlay-color":"","overlay-opacity":"","overlay-gradient":""},"tablet":{"background-color":"var(--ast-global-color-5)","background-image":"","background-repeat":"repeat","background-position":"center center","background-size":"auto","background-attachment":"scroll","background-type":"","background-media":"","overlay-type":"","overlay-color":"","overlay-opacity":"","overlay-gradient":""},"mobile":{"background-color":"var(--ast-global-color-5)","background-image":"","background-repeat":"repeat","background-position":"center center","background-size":"auto","background-attachment":"scroll","background-type":"","background-media":"","overlay-type":"","overlay-color":"","overlay-opacity":"","overlay-gradient":""}}},"product_brand":[2242],"product_cat":[1948,1998,1981],"product_tag":[],"class_list":{"0":"post-25024","1":"product","2":"type-product","3":"status-publish","4":"has-post-thumbnail","6":"product_brand-vallejo","7":"product_cat-farben","8":"product_cat-diorama-fx-vallejo","9":"product_cat-effekte","10":"desktop-align-left","11":"tablet-align-left","12":"mobile-align-left","13":"ast-product-gallery-layout-first-image-large","14":"ast-magnify-disabled","15":"ast-product-tabs-layout-accordion","17":"first","18":"instock","19":"taxable","20":"shipping-taxable","21":"purchasable","22":"product-type-simple"},"_links":{"self":[{"href":"https:\/\/craftyminis.com\/de\/wp-json\/wp\/v2\/product\/25024","targetHints":{"allow":["GET"]}}],"collection":[{"href":"https:\/\/craftyminis.com\/de\/wp-json\/wp\/v2\/product"}],"about":[{"href":"https:\/\/craftyminis.com\/de\/wp-json\/wp\/v2\/types\/product"}],"replies":[{"embeddable":true,"href":"https:\/\/craftyminis.com\/de\/wp-json\/wp\/v2\/comments?post=25024"}],"wp:featuredmedia":[{"embeddable":true,"href":"https:\/\/craftyminis.com\/de\/wp-json\/wp\/v2\/media\/25025"}],"wp:attachment":[{"href":"https:\/\/craftyminis.com\/de\/wp-json\/wp\/v2\/media?parent=25024"}],"wp:term":[{"taxonomy":"product_brand","embeddable":true,"href":"https:\/\/craftyminis.com\/de\/wp-json\/wp\/v2\/product_brand?post=25024"},{"taxonomy":"product_cat","embeddable":true,"href":"https:\/\/craftyminis.com\/de\/wp-json\/wp\/v2\/product_cat?post=25024"},{"taxonomy":"product_tag","embeddable":true,"href":"https:\/\/craftyminis.com\/de\/wp-json\/wp\/v2\/product_tag?post=25024"}],"curies":[{"name":"wp","href":"https:\/\/api.w.org\/{rel}","templated":true}]}}