{"id":24988,"date":"2025-07-18T07:21:20","date_gmt":"2025-07-18T06:21:20","guid":{"rendered":"https:\/\/craftyminis.com\/unkategorisiert\/vallejo-diorama-fx-desert-sand-26217\/"},"modified":"2025-07-18T07:21:20","modified_gmt":"2025-07-18T06:21:20","slug":"vallejo-diorama-fx-desert-sand-26217","status":"publish","type":"product","link":"https:\/\/craftyminis.com\/de\/farben\/vallejo-diorama-fx-desert-sand-26217\/","title":{"rendered":"Vallejo Diorama FX \u2013 Desert Sand (26217)"},"content":{"rendered":"<h4>Vallejo Diorama FX \u2013 Desert Sand (26217): realistische Gel\u00e4ndepaste f\u00fcr Dioramen<\/h4>\n<p>Im <strong>Diorama FX<\/strong> Sortiment von <strong>Vallejo<\/strong> sticht das Produkt <strong>Desert Sand<\/strong> (26217) hervor, das sandiges Gel\u00e4nde, typisch f\u00fcr Str\u00e4nde, W\u00fcsten oder trockene Zonen, originalgetreu nachbildet. Diorama FX bietet Modellbauern alles, was sie ben\u00f6tigen, um vielf\u00e4ltige Effekte zu simulieren \u2013 von staubigen Stra\u00dfen bis hin zu Schnee, Schlamm und Wasser \u2013 und verleiht Ihren Szenen Realismus und Tiefe. Alle Produkte sind auf Acrylbasis, <strong>nicht entflammbar und l\u00f6sungsmittelfrei<\/strong>, was eine sichere Anwendung auch in Innenr\u00e4umen gew\u00e4hrleistet, und lassen sich leicht mit Pinseln, Spachteln oder Schw\u00e4mmen auftragen.  <\/p>\n<p>Dank seiner Vielseitigkeit ist Diorama FX ideal sowohl f\u00fcr Modellbau als auch f\u00fcr Miniaturbasen in <strong>Wargames<\/strong>, die als vollwertige Dioramen behandelt werden. In unserer <a href=\"https:\/\/craftyminis.com\/en\/paintings\/effects\/diorama-fx-vallejo\/\"><strong>Diorama FX Kategorie<\/strong><\/a> finden Sie all diese spezialisierten Effekte, unterst\u00fctzt durch die Qualit\u00e4t der <a href=\"https:\/\/craftyminis.com\/en\/brand\/vallejo\/\"><strong>Vallejo Marke<\/strong><\/a>, einem f\u00fchrenden Anbieter von Farben und Szenerien.  <\/p>\n<p>Das <strong>Desert Sand Vallejo (26217)<\/strong> ist eine Acrylpaste in einem hellen Ocker-Ton mit einer **mittelviskosen, k\u00f6rnigen Textur**, die entwickelt wurde, um trockenen Sand in K\u00fcsten- oder W\u00fcstendioramen zu imitieren. Es besticht durch sein nat\u00fcrliches Aussehen und erm\u00f6glicht das Hinzuf\u00fcgen von feinem Kies oder Pigmenten zur optischen Bereicherung. Es wird empfohlen, es auf einer dunkleren Grundierung aufzutragen, um die Tiefe zu verst\u00e4rken; es trocknet in etwa 24 Stunden und liefert ein festes, realistisches Ergebnis. Perfekt zur Nachbildung von Str\u00e4nden, Landungen, W\u00fcstenszenen oder trockenen Landschaftsbases.  <\/p>\n<p><small>Alle technischen Details finden Sie auf der <a href=\"https:\/\/acrylicosvallejo.com\/\" target=\"_blank\" rel=\"noopener\">offiziellen Vallejo Webseite<\/a>.<\/small><\/p>\n","protected":false},"excerpt":{"rendered":"<p><strong>Erstellen Sie realistischen sandigen Untergrund in Ihren Dioramen mit Vallejo Desert Sand (26217).<\/strong> K\u00f6rnige Acrylpaste, trocknet in 24\u202fh, ideal f\u00fcr trockene und K\u00fcstenszenen.<\/p>\n","protected":false},"featured_media":24989,"comment_status":"open","ping_status":"closed","template":"","meta":{"site-sidebar-layout":"default","site-content-layout":"","ast-site-content-layout":"default","site-content-style":"default","site-sidebar-style":"default","ast-global-header-display":"","ast-banner-title-visibility":"","ast-main-header-display":"","ast-hfb-above-header-display":"","ast-hfb-below-header-display":"","ast-hfb-mobile-header-display":"","site-post-title":"","ast-breadcrumbs-content":"","ast-featured-img":"","footer-sml-layout":"","ast-disable-related-posts":"","theme-transparent-header-meta":"default","adv-header-id-meta":"","stick-header-meta":"default","header-above-stick-meta":"","header-main-stick-meta":"","header-below-stick-meta":"","astra-migrate-meta-layouts":"default","ast-page-background-enabled":"default","ast-page-background-meta":{"desktop":{"background-color":"var(--ast-global-color-4)","background-image":"","background-repeat":"repeat","background-position":"center center","background-size":"auto","background-attachment":"scroll","background-type":"","background-media":"","overlay-type":"","overlay-color":"","overlay-opacity":"","overlay-gradient":""},"tablet":{"background-color":"","background-image":"","background-repeat":"repeat","background-position":"center center","background-size":"auto","background-attachment":"scroll","background-type":"","background-media":"","overlay-type":"","overlay-color":"","overlay-opacity":"","overlay-gradient":""},"mobile":{"background-color":"","background-image":"","background-repeat":"repeat","background-position":"center center","background-size":"auto","background-attachment":"scroll","background-type":"","background-media":"","overlay-type":"","overlay-color":"","overlay-opacity":"","overlay-gradient":""}},"ast-content-background-meta":{"desktop":{"background-color":"var(--ast-global-color-5)","background-image":"","background-repeat":"repeat","background-position":"center center","background-size":"auto","background-attachment":"scroll","background-type":"","background-media":"","overlay-type":"","overlay-color":"","overlay-opacity":"","overlay-gradient":""},"tablet":{"background-color":"var(--ast-global-color-5)","background-image":"","background-repeat":"repeat","background-position":"center center","background-size":"auto","background-attachment":"scroll","background-type":"","background-media":"","overlay-type":"","overlay-color":"","overlay-opacity":"","overlay-gradient":""},"mobile":{"background-color":"var(--ast-global-color-5)","background-image":"","background-repeat":"repeat","background-position":"center center","background-size":"auto","background-attachment":"scroll","background-type":"","background-media":"","overlay-type":"","overlay-color":"","overlay-opacity":"","overlay-gradient":""}}},"product_brand":[2242],"product_cat":[1948,1998,1981],"product_tag":[],"class_list":{"0":"post-24988","1":"product","2":"type-product","3":"status-publish","4":"has-post-thumbnail","6":"product_brand-vallejo","7":"product_cat-farben","8":"product_cat-diorama-fx-vallejo","9":"product_cat-effekte","10":"desktop-align-left","11":"tablet-align-left","12":"mobile-align-left","13":"ast-product-gallery-layout-first-image-large","14":"ast-magnify-disabled","15":"ast-product-tabs-layout-accordion","17":"first","18":"instock","19":"taxable","20":"shipping-taxable","21":"purchasable","22":"product-type-simple"},"_links":{"self":[{"href":"https:\/\/craftyminis.com\/de\/wp-json\/wp\/v2\/product\/24988","targetHints":{"allow":["GET"]}}],"collection":[{"href":"https:\/\/craftyminis.com\/de\/wp-json\/wp\/v2\/product"}],"about":[{"href":"https:\/\/craftyminis.com\/de\/wp-json\/wp\/v2\/types\/product"}],"replies":[{"embeddable":true,"href":"https:\/\/craftyminis.com\/de\/wp-json\/wp\/v2\/comments?post=24988"}],"wp:featuredmedia":[{"embeddable":true,"href":"https:\/\/craftyminis.com\/de\/wp-json\/wp\/v2\/media\/24989"}],"wp:attachment":[{"href":"https:\/\/craftyminis.com\/de\/wp-json\/wp\/v2\/media?parent=24988"}],"wp:term":[{"taxonomy":"product_brand","embeddable":true,"href":"https:\/\/craftyminis.com\/de\/wp-json\/wp\/v2\/product_brand?post=24988"},{"taxonomy":"product_cat","embeddable":true,"href":"https:\/\/craftyminis.com\/de\/wp-json\/wp\/v2\/product_cat?post=24988"},{"taxonomy":"product_tag","embeddable":true,"href":"https:\/\/craftyminis.com\/de\/wp-json\/wp\/v2\/product_tag?post=24988"}],"curies":[{"name":"wp","href":"https:\/\/api.w.org\/{rel}","templated":true}]}}