{"id":24916,"date":"2025-07-18T07:55:57","date_gmt":"2025-07-18T06:55:57","guid":{"rendered":"https:\/\/craftyminis.com\/unkategorisiert\/vallejo-diorama-fx-brown-mud-thick-26811\/"},"modified":"2025-07-18T07:55:57","modified_gmt":"2025-07-18T06:55:57","slug":"vallejo-diorama-fx-brown-mud-thick-26811","status":"publish","type":"product","link":"https:\/\/craftyminis.com\/de\/farben\/vallejo-diorama-fx-brown-mud-thick-26811\/","title":{"rendered":"Vallejo Diorama FX \u2013 Brown Mud Thick (26811)"},"content":{"rendered":"<h4>Vallejo Diorama FX \u2013 Brown Mud Thick (26811): realistische Effekte f\u00fcr Dioramen<\/h4>\n<p>Im <strong>Diorama FX<\/strong> Sortiment von <strong>Vallejo<\/strong> sticht das Produkt <strong>Brown Mud Thick<\/strong> (26811) hervor, das einen reichhaltigen, braun get\u00f6nten, strukturierten Schlamm mit hoher Realit\u00e4tsn\u00e4he f\u00fcr Modellbauszenen nachbildet. Die Diorama FX Linie bietet Modellbauern eine vollst\u00e4ndige Auswahl an Materialien zur Simulation verschiedener Gel\u00e4ndetypen \u2013 von staubigen Wegen \u00fcber Schlamm, Schnee bis hin zu Wasser \u2013 und hilft dabei, Miniaturen durch nat\u00fcrliche Effekte in ihre Umgebung zu integrieren.  <\/p>\n<p>Alle Diorama FX Produkte sind auf Acrylbasis, <strong>nicht entflammbar und l\u00f6sungsmittelfrei<\/strong>, was sie sicher und einfach in der Anwendung macht, auch im Innenbereich. Sie k\u00f6nnen mit Pinsel, Spachtel oder Schwamm aufgetragen werden und sind <strong>wasserverd\u00fcnnbar<\/strong>, um sanfte \u00dcberg\u00e4nge oder feuchtere Schlamm-Effekte zu erzeugen.  <\/p>\n<p>Dank ihrer Vielseitigkeit ist diese Reihe sowohl f\u00fcr den traditionellen <strong>Modellbau<\/strong> als auch f\u00fcr Miniatur-Wargame-Basen perfekt geeignet, die oft als detailreiche Klein-Dioramen behandelt werden. Entdecken Sie weitere spezialisierte Effekte in der <a href=\"https:\/\/craftyminis.com\/en\/paintings\/effects\/diorama-fx-vallejo\/\"><strong>Diorama FX Kategorie<\/strong><\/a> unter https:\/\/craftyminis.com\/de\/collections\/diorama-fx oder sehen Sie sich die Qualit\u00e4t der <a href=\"https:\/\/craftyminis.com\/en\/brand\/vallejo\/\"><strong>Vallejo Marke<\/strong><\/a> an, eine weltweit anerkannte Referenz im Hobbybereich.  <\/p>\n<p>Das <strong>Brown Mud Thick Vallejo (26811)<\/strong> ist eine dunkelbraune, dickfl\u00fcssige Paste, die schweren Schlamm realistisch simuliert \u2013 ideal zur Darstellung von Fahrspuren, schlammigen Stra\u00dfen oder feuchten l\u00e4ndlichen Gebieten. Es trocknet matt mit Volumen und verleiht einen nat\u00fcrlichen, dreidimensionalen Look. Kann mit Spachtel, Borstenpinsel oder sogar Zahnstocher aufgetragen werden, um Spuren und Texturen zu formen. Leicht verd\u00fcnnt kann es Spritz- oder nasse Schlamm-Effekte erzeugen.  <\/p>\n<p><small>Alle technischen Details finden Sie auf der <a href=\"https:\/\/acrylicosvallejo.com\/\" target=\"_blank\" rel=\"noopener\">offiziellen Vallejo Webseite<\/a> unter https:\/\/craftyminis.com\/de\/collections\/vallejo.<\/small><\/p>\n","protected":false},"excerpt":{"rendered":"<p><strong>Erschaffen Sie reichhaltigen, braunen, strukturierten Schlamm in Ihren Dioramen mit Vallejo Brown Mud Thick (26811).<\/strong> Sichere Acrylpaste mit Volumen und mattem Finish.<\/p>\n","protected":false},"featured_media":24918,"comment_status":"open","ping_status":"closed","template":"","meta":{"site-sidebar-layout":"default","site-content-layout":"","ast-site-content-layout":"default","site-content-style":"default","site-sidebar-style":"default","ast-global-header-display":"","ast-banner-title-visibility":"","ast-main-header-display":"","ast-hfb-above-header-display":"","ast-hfb-below-header-display":"","ast-hfb-mobile-header-display":"","site-post-title":"","ast-breadcrumbs-content":"","ast-featured-img":"","footer-sml-layout":"","ast-disable-related-posts":"","theme-transparent-header-meta":"default","adv-header-id-meta":"","stick-header-meta":"default","header-above-stick-meta":"","header-main-stick-meta":"","header-below-stick-meta":"","astra-migrate-meta-layouts":"default","ast-page-background-enabled":"default","ast-page-background-meta":{"desktop":{"background-color":"var(--ast-global-color-4)","background-image":"","background-repeat":"repeat","background-position":"center center","background-size":"auto","background-attachment":"scroll","background-type":"","background-media":"","overlay-type":"","overlay-color":"","overlay-opacity":"","overlay-gradient":""},"tablet":{"background-color":"","background-image":"","background-repeat":"repeat","background-position":"center center","background-size":"auto","background-attachment":"scroll","background-type":"","background-media":"","overlay-type":"","overlay-color":"","overlay-opacity":"","overlay-gradient":""},"mobile":{"background-color":"","background-image":"","background-repeat":"repeat","background-position":"center center","background-size":"auto","background-attachment":"scroll","background-type":"","background-media":"","overlay-type":"","overlay-color":"","overlay-opacity":"","overlay-gradient":""}},"ast-content-background-meta":{"desktop":{"background-color":"var(--ast-global-color-5)","background-image":"","background-repeat":"repeat","background-position":"center center","background-size":"auto","background-attachment":"scroll","background-type":"","background-media":"","overlay-type":"","overlay-color":"","overlay-opacity":"","overlay-gradient":""},"tablet":{"background-color":"var(--ast-global-color-5)","background-image":"","background-repeat":"repeat","background-position":"center center","background-size":"auto","background-attachment":"scroll","background-type":"","background-media":"","overlay-type":"","overlay-color":"","overlay-opacity":"","overlay-gradient":""},"mobile":{"background-color":"var(--ast-global-color-5)","background-image":"","background-repeat":"repeat","background-position":"center center","background-size":"auto","background-attachment":"scroll","background-type":"","background-media":"","overlay-type":"","overlay-color":"","overlay-opacity":"","overlay-gradient":""}}},"product_brand":[2242],"product_cat":[1948,1998,1981],"product_tag":[],"class_list":{"0":"post-24916","1":"product","2":"type-product","3":"status-publish","4":"has-post-thumbnail","6":"product_brand-vallejo","7":"product_cat-farben","8":"product_cat-diorama-fx-vallejo","9":"product_cat-effekte","10":"desktop-align-left","11":"tablet-align-left","12":"mobile-align-left","13":"ast-product-gallery-layout-first-image-large","14":"ast-magnify-disabled","15":"ast-product-tabs-layout-accordion","17":"first","18":"instock","19":"taxable","20":"shipping-taxable","21":"purchasable","22":"product-type-simple"},"_links":{"self":[{"href":"https:\/\/craftyminis.com\/de\/wp-json\/wp\/v2\/product\/24916","targetHints":{"allow":["GET"]}}],"collection":[{"href":"https:\/\/craftyminis.com\/de\/wp-json\/wp\/v2\/product"}],"about":[{"href":"https:\/\/craftyminis.com\/de\/wp-json\/wp\/v2\/types\/product"}],"replies":[{"embeddable":true,"href":"https:\/\/craftyminis.com\/de\/wp-json\/wp\/v2\/comments?post=24916"}],"wp:featuredmedia":[{"embeddable":true,"href":"https:\/\/craftyminis.com\/de\/wp-json\/wp\/v2\/media\/24918"}],"wp:attachment":[{"href":"https:\/\/craftyminis.com\/de\/wp-json\/wp\/v2\/media?parent=24916"}],"wp:term":[{"taxonomy":"product_brand","embeddable":true,"href":"https:\/\/craftyminis.com\/de\/wp-json\/wp\/v2\/product_brand?post=24916"},{"taxonomy":"product_cat","embeddable":true,"href":"https:\/\/craftyminis.com\/de\/wp-json\/wp\/v2\/product_cat?post=24916"},{"taxonomy":"product_tag","embeddable":true,"href":"https:\/\/craftyminis.com\/de\/wp-json\/wp\/v2\/product_tag?post=24916"}],"curies":[{"name":"wp","href":"https:\/\/api.w.org\/{rel}","templated":true}]}}