{"id":24868,"date":"2025-08-27T16:25:28","date_gmt":"2025-08-27T15:25:28","guid":{"rendered":"https:\/\/craftyminis.com\/unkategorisiert\/dark-yellow-ochre-vallejo-73103\/"},"modified":"2025-08-27T16:25:28","modified_gmt":"2025-08-27T15:25:28","slug":"dark-yellow-ochre-vallejo-73103","status":"publish","type":"product","link":"https:\/\/craftyminis.com\/de\/farben\/dark-yellow-ochre-vallejo-73103\/","title":{"rendered":"Vallejo Pigment FX \u2013 Dark Yellow Ochre (73103)"},"content":{"rendered":"<h4 data-start=\"517\" data-end=\"1059\"><strong data-start=\"517\" data-end=\"615\">Dunkelgelber Ocker Vallejo 73103: tiefer goldener Sand- und Ocker-Erde-Effekte<\/strong><\/h4>\n<p data-start=\"487\" data-end=\"1173\">Extra-feines Pulverpigment, entwickelt f\u00fcr <strong data-start=\"641\" data-end=\"657\">goldenen Sand<\/strong>, <strong data-start=\"659\" data-end=\"678\">Tonstaub<\/strong> und <strong data-start=\"681\" data-end=\"711\">warme erdige Ablagerungen<\/strong> mit nat\u00fcrlichem Finish. Sein <strong data-start=\"742\" data-end=\"758\">tieferer Ton<\/strong> als helle Ocker macht es ideal zum Hervorheben von <strong data-start=\"796\" data-end=\"807\">Schatten<\/strong>, <strong data-start=\"809\" data-end=\"839\" data-is-only-node=\"\">Aufbauten in Vertiefungen<\/strong> und \u00dcberg\u00e4ngen zu <strong data-start=\"861\" data-end=\"873\">Braunt\u00f6nen<\/strong> und <strong data-start=\"876\" data-end=\"886\">Rostt\u00f6nen<\/strong>. Das <strong data-start=\"891\" data-end=\"913\">feine Korn<\/strong> erleichtert das Erstellen von Lasuren und sanften \u00dcberg\u00e4ngen auf Metall, Kunststoff oder Harz; es ist ein <strong data-start=\"996\" data-end=\"1013\">nicht entflammbares<\/strong> Material f\u00fcr den sicheren Innenbereich. Das <strong data-start=\"1058\" data-end=\"1078\">35-ml-Glas<\/strong> reicht f\u00fcr mehrere <strong data-start=\"1113\" data-end=\"1127\">Alterungs<\/strong>projekte und trocknet ohne unerw\u00fcnschten Glanz.<\/p>\n<p data-start=\"1175\" data-end=\"1732\">F\u00fcr die <strong data-start=\"1178\" data-end=\"1200\">trockene Anwendung<\/strong> tragen Sie das Pigment mit einem weichen Pinsel dort auf, wo sich Staub nat\u00fcrlich ansammeln w\u00fcrde (horizontale Fl\u00e4chen, Vertiefungen, Gleise und Fahrwerk). Verblenden Sie mit einem sauberen Pinsel, um <strong data-start=\"1366\" data-end=\"1385\">Paneele abzuschw\u00e4chen<\/strong> oder <strong data-start=\"1388\" data-end=\"1412\">einheitliche Fl\u00e4chen aufzubrechen<\/strong>. Wenn Sie <strong data-start=\"1424\" data-end=\"1443\">leichte Fixierung<\/strong> ohne Texturverlust w\u00fcnschen, ber\u00fchren Sie das Pigment mit einem in <strong data-start=\"1509\" data-end=\"1532\">Fixierer\/Binder<\/strong> angefeuchteten Pinsel; f\u00fcr zus\u00e4tzliches <strong data-start=\"1539\" data-end=\"1550\">Volumen<\/strong> mischen Sie es mit Binder zu einer Paste und erzeugen <strong data-start=\"1606\" data-end=\"1617\">Krusten<\/strong> und <strong data-start=\"1620\" data-end=\"1637\">Aufbauten<\/strong>. <strong data-start=\"1639\" data-end=\"1653\">Kompatibel<\/strong> mit Wasser, Acrylfarben und Lacken; <strong data-start=\"1686\" data-end=\"1698\">Werkzeuge<\/strong> k\u00f6nnen mit Wasser und Seife gereinigt werden.<\/p>\n<p data-start=\"1815\" data-end=\"2462\">Weitere Effekte entdecken Sie in der <a href=\"https:\/\/craftyminis.com\/de\/farben\/effekte\/pigment-fx-vallejo\/\"><strong>Vallejo Pigment FX Kategorie<\/strong><\/a> oder erkunden Sie andere Produkte der <a href=\"https:\/\/craftyminis.com\/en\/brand\/vallejo\/\"><strong>Vallejo Marke<\/strong><\/a>.<\/p>\n<p data-start=\"2464\" data-end=\"2965\"><strong data-start=\"1734\" data-end=\"1760\">Vorgeschlagene Anwendungen<\/strong>: an Fahrzeugen, die in <strong data-start=\"1786\" data-end=\"1796\">trockenen<\/strong> Einsatzgebieten (Nordafrika, Naher Osten) operieren, erzeugt es <strong data-start=\"1835\" data-end=\"1857\">Staubablagerungen<\/strong> mit einem <strong data-start=\"1866\" data-end=\"1887\">warmen, tiefen Ton<\/strong>; in Dioramen und Stra\u00dfenabschnitten simuliert es <strong data-start=\"1918\" data-end=\"1939\">verdichtete Erde<\/strong>, <strong data-start=\"1941\" data-end=\"1952\">Stra\u00dfengr\u00e4ben<\/strong> und <strong data-start=\"1955\" data-end=\"1966\">B\u00f6schungen<\/strong> mit dunklem Ockerboden; in urbanen Szenen f\u00fcgt es <strong data-start=\"2014\" data-end=\"2031\">erdigen Staub<\/strong> auf Mauerwerk und Baustellen hinzu. F\u00fcr mehr Realismus wechseln Sie die Schichten mit <strong data-start=\"2109\" data-end=\"2126\" data-is-only-node=\"\">helleren Erdt\u00f6nen<\/strong> und <strong data-start=\"2129\" data-end=\"2139\">Rostfarben<\/strong> ab und versiegeln bei Bedarf, um den <strong data-start=\"2188\" data-end=\"2207\">geschichteten<\/strong> Alterungseffekt zu bewahren.<\/p>\n<p><small>Weitere technische Details finden Sie auf der <a href=\"https:\/\/acrylicosvallejo.com\/\" target=\"_blank\" rel=\"noopener\">offiziellen Vallejo Webseite<\/a>.<\/small><\/p>\n","protected":false},"excerpt":{"rendered":"<p><strong data-start=\"98\" data-end=\"145\">Dunkelgelber Ocker Vallejo 73103<\/strong>, <strong data-start=\"147\" data-end=\"164\">35 ml Glas<\/strong> mit <strong data-start=\"167\" data-end=\"194\">extra-feinem Korn<\/strong>. Ideal f\u00fcr <strong data-start=\"207\" data-end=\"223\">warme Staub<\/strong>, <strong data-start=\"225\" data-end=\"241\">goldenen Sand<\/strong> und <strong data-start=\"244\" data-end=\"266\">dunkle Ockererde<\/strong> auf Modellen und Dioramen, perfekt zum <strong data-start=\"305\" data-end=\"329\">Intensivieren von Schatten<\/strong> und Volumen in trockenen Umgebungen. Verwenden Sie es <strong data-start=\"368\" data-end=\"379\">trocken<\/strong> oder mit <strong data-start=\"386\" data-end=\"416\" data-is-only-node=\"\">Pigmentbinder<\/strong>, <strong data-start=\"418\" data-end=\"431\">mischbar<\/strong> mit Wasser, Acrylfarben und Lacken.<\/p>\n","protected":false},"featured_media":24869,"comment_status":"closed","ping_status":"closed","template":"","meta":{"site-sidebar-layout":"default","site-content-layout":"","ast-site-content-layout":"default","site-content-style":"default","site-sidebar-style":"default","ast-global-header-display":"","ast-banner-title-visibility":"","ast-main-header-display":"","ast-hfb-above-header-display":"","ast-hfb-below-header-display":"","ast-hfb-mobile-header-display":"","site-post-title":"","ast-breadcrumbs-content":"","ast-featured-img":"","footer-sml-layout":"","ast-disable-related-posts":"","theme-transparent-header-meta":"default","adv-header-id-meta":"","stick-header-meta":"default","header-above-stick-meta":"","header-main-stick-meta":"","header-below-stick-meta":"","astra-migrate-meta-layouts":"default","ast-page-background-enabled":"default","ast-page-background-meta":{"desktop":{"background-color":"var(--ast-global-color-4)","background-image":"","background-repeat":"repeat","background-position":"center center","background-size":"auto","background-attachment":"scroll","background-type":"","background-media":"","overlay-type":"","overlay-color":"","overlay-opacity":"","overlay-gradient":""},"tablet":{"background-color":"","background-image":"","background-repeat":"repeat","background-position":"center center","background-size":"auto","background-attachment":"scroll","background-type":"","background-media":"","overlay-type":"","overlay-color":"","overlay-opacity":"","overlay-gradient":""},"mobile":{"background-color":"","background-image":"","background-repeat":"repeat","background-position":"center center","background-size":"auto","background-attachment":"scroll","background-type":"","background-media":"","overlay-type":"","overlay-color":"","overlay-opacity":"","overlay-gradient":""}},"ast-content-background-meta":{"desktop":{"background-color":"var(--ast-global-color-5)","background-image":"","background-repeat":"repeat","background-position":"center center","background-size":"auto","background-attachment":"scroll","background-type":"","background-media":"","overlay-type":"","overlay-color":"","overlay-opacity":"","overlay-gradient":""},"tablet":{"background-color":"var(--ast-global-color-5)","background-image":"","background-repeat":"repeat","background-position":"center center","background-size":"auto","background-attachment":"scroll","background-type":"","background-media":"","overlay-type":"","overlay-color":"","overlay-opacity":"","overlay-gradient":""},"mobile":{"background-color":"var(--ast-global-color-5)","background-image":"","background-repeat":"repeat","background-position":"center center","background-size":"auto","background-attachment":"scroll","background-type":"","background-media":"","overlay-type":"","overlay-color":"","overlay-opacity":"","overlay-gradient":""}}},"product_brand":[2242],"product_cat":[1948,1981,2001],"product_tag":[],"class_list":{"0":"post-24868","1":"product","2":"type-product","3":"status-publish","4":"has-post-thumbnail","6":"product_brand-vallejo","7":"product_cat-farben","8":"product_cat-effekte","9":"product_cat-pigment-fx-vallejo","10":"desktop-align-left","11":"tablet-align-left","12":"mobile-align-left","13":"ast-product-gallery-layout-first-image-large","14":"ast-magnify-disabled","15":"ast-product-tabs-layout-accordion","17":"first","18":"instock","19":"taxable","20":"shipping-taxable","21":"purchasable","22":"product-type-simple"},"_links":{"self":[{"href":"https:\/\/craftyminis.com\/de\/wp-json\/wp\/v2\/product\/24868","targetHints":{"allow":["GET"]}}],"collection":[{"href":"https:\/\/craftyminis.com\/de\/wp-json\/wp\/v2\/product"}],"about":[{"href":"https:\/\/craftyminis.com\/de\/wp-json\/wp\/v2\/types\/product"}],"replies":[{"embeddable":true,"href":"https:\/\/craftyminis.com\/de\/wp-json\/wp\/v2\/comments?post=24868"}],"wp:featuredmedia":[{"embeddable":true,"href":"https:\/\/craftyminis.com\/de\/wp-json\/wp\/v2\/media\/24869"}],"wp:attachment":[{"href":"https:\/\/craftyminis.com\/de\/wp-json\/wp\/v2\/media?parent=24868"}],"wp:term":[{"taxonomy":"product_brand","embeddable":true,"href":"https:\/\/craftyminis.com\/de\/wp-json\/wp\/v2\/product_brand?post=24868"},{"taxonomy":"product_cat","embeddable":true,"href":"https:\/\/craftyminis.com\/de\/wp-json\/wp\/v2\/product_cat?post=24868"},{"taxonomy":"product_tag","embeddable":true,"href":"https:\/\/craftyminis.com\/de\/wp-json\/wp\/v2\/product_tag?post=24868"}],"curies":[{"name":"wp","href":"https:\/\/api.w.org\/{rel}","templated":true}]}}