{"id":23993,"date":"2024-04-22T15:33:16","date_gmt":"2024-04-22T14:33:16","guid":{"rendered":"https:\/\/craftyminis.com\/unkategorisiert\/marta-kolinsky-pinsel-nr-2-munition-sep-sitename\/"},"modified":"2024-04-22T15:33:16","modified_gmt":"2024-04-22T14:33:16","slug":"marta-kolinsky-pinsel-nr-2-munition-sep-sitename","status":"publish","type":"product","link":"https:\/\/craftyminis.com\/de\/zubehor\/pinsel\/marta-kolinsky-pinsel-nr-2-munition-sep-sitename\/","title":{"rendered":"Marta Kolinsky Pinsel Nr. 2 MUNITION"},"content":{"rendered":"<p>Meistern Sie die Kunst des Details mit dem AMMO Marta Kolinsky Pinsel Nr. 2.<\/p>\n<p>Dieser Premium-Pinsel, gefertigt aus <strong>nat\u00fcrlichem Kolinsky-Marderhaar<\/strong>, ist das ultimative Werkzeug f\u00fcr anspruchsvolle Modellbauer, die Pr\u00e4zision und Kontrolle bei jedem Strich suchen. Seine spitze Spitze ist perfekt f\u00fcr sorgf\u00e4ltige Anwendungen, die feine Details erfordern, wie das Bemalen filigraner Figuren, detaillierter Panzerinnenr\u00e4ume und Flugzeugcockpits im Ma\u00dfstab.<\/p>\n<p>Die Haltbarkeit des AMMO Marta Kolinsky Pinsel Nr. 2, zusammen mit seiner F\u00e4higkeit, seine urspr\u00fcngliche Form und eine ausgezeichnete Farbaufnahme zu behalten, macht ihn zu einem unverzichtbaren Verb\u00fcndeten f\u00fcr alle Arten von Modelliertechniken. Er ist kompatibel mit einer Vielzahl von Farben, einschlie\u00dflich Acryl-, Email- und \u00d6lfarben, und ideal f\u00fcr die Ausf\u00fchrung spezieller Techniken wie <strong>Lasieren, Mischen, Konturieren, Waschungen und Highlights<\/strong>. Zur richtigen Pflege wird empfohlen, den Pinsel mit dem passenden Verd\u00fcnner f\u00fcr jede Farbart zu reinigen und das Pflegeprodukt Long Live the Brushes A.MIG-8579 zu verwenden.<\/p>\n<p>Vor der Aufbewahrung sollte die Spitze gut geformt und mit der Kunststoffkappe gesch\u00fctzt werden.<\/p>\n","protected":false},"excerpt":{"rendered":"<p>Das AMMO Marta Kolinsky Pinsel Nr. 2 ist perfekt f\u00fcr detaillierte Techniken im Modellbau und der Miniaturmalerei, kompatibel mit verschiedenen Farbtypen und entwickelt f\u00fcr <strong>au\u00dfergew\u00f6hnliche Haltbarkeit und Pr\u00e4zision<\/strong>.<\/p>\n","protected":false},"featured_media":23994,"comment_status":"open","ping_status":"closed","template":"","meta":{"site-sidebar-layout":"default","site-content-layout":"","ast-site-content-layout":"default","site-content-style":"default","site-sidebar-style":"default","ast-global-header-display":"","ast-banner-title-visibility":"","ast-main-header-display":"","ast-hfb-above-header-display":"","ast-hfb-below-header-display":"","ast-hfb-mobile-header-display":"","site-post-title":"","ast-breadcrumbs-content":"","ast-featured-img":"","footer-sml-layout":"","ast-disable-related-posts":"","theme-transparent-header-meta":"default","adv-header-id-meta":"","stick-header-meta":"default","header-above-stick-meta":"","header-main-stick-meta":"","header-below-stick-meta":"","astra-migrate-meta-layouts":"default","ast-page-background-enabled":"default","ast-page-background-meta":{"desktop":{"background-color":"var(--ast-global-color-4)","background-image":"","background-repeat":"repeat","background-position":"center center","background-size":"auto","background-attachment":"scroll","background-type":"","background-media":"","overlay-type":"","overlay-color":"","overlay-opacity":"","overlay-gradient":""},"tablet":{"background-color":"","background-image":"","background-repeat":"repeat","background-position":"center center","background-size":"auto","background-attachment":"scroll","background-type":"","background-media":"","overlay-type":"","overlay-color":"","overlay-opacity":"","overlay-gradient":""},"mobile":{"background-color":"","background-image":"","background-repeat":"repeat","background-position":"center center","background-size":"auto","background-attachment":"scroll","background-type":"","background-media":"","overlay-type":"","overlay-color":"","overlay-opacity":"","overlay-gradient":""}},"ast-content-background-meta":{"desktop":{"background-color":"var(--ast-global-color-5)","background-image":"","background-repeat":"repeat","background-position":"center center","background-size":"auto","background-attachment":"scroll","background-type":"","background-media":"","overlay-type":"","overlay-color":"","overlay-opacity":"","overlay-gradient":""},"tablet":{"background-color":"var(--ast-global-color-5)","background-image":"","background-repeat":"repeat","background-position":"center center","background-size":"auto","background-attachment":"scroll","background-type":"","background-media":"","overlay-type":"","overlay-color":"","overlay-opacity":"","overlay-gradient":""},"mobile":{"background-color":"var(--ast-global-color-5)","background-image":"","background-repeat":"repeat","background-position":"center center","background-size":"auto","background-attachment":"scroll","background-type":"","background-media":"","overlay-type":"","overlay-color":"","overlay-opacity":"","overlay-gradient":""}}},"product_brand":[2182],"product_cat":[1716,1717,1583],"product_tag":[],"class_list":{"0":"post-23993","1":"product","2":"type-product","3":"status-publish","4":"has-post-thumbnail","6":"product_brand-ammo-mig-jimenez","7":"product_cat-pinsel","8":"product_cat-pinsel-ammo","9":"product_cat-zubehor","10":"desktop-align-left","11":"tablet-align-left","12":"mobile-align-left","13":"ast-product-gallery-layout-first-image-large","14":"ast-product-gallery-with-no-image","15":"ast-magnify-disabled","16":"ast-product-tabs-layout-accordion","18":"first","19":"outofstock","20":"taxable","21":"shipping-taxable","22":"purchasable","23":"product-type-simple"},"_links":{"self":[{"href":"https:\/\/craftyminis.com\/de\/wp-json\/wp\/v2\/product\/23993","targetHints":{"allow":["GET"]}}],"collection":[{"href":"https:\/\/craftyminis.com\/de\/wp-json\/wp\/v2\/product"}],"about":[{"href":"https:\/\/craftyminis.com\/de\/wp-json\/wp\/v2\/types\/product"}],"replies":[{"embeddable":true,"href":"https:\/\/craftyminis.com\/de\/wp-json\/wp\/v2\/comments?post=23993"}],"wp:featuredmedia":[{"embeddable":true,"href":"https:\/\/craftyminis.com\/de\/wp-json\/wp\/v2\/media\/23994"}],"wp:attachment":[{"href":"https:\/\/craftyminis.com\/de\/wp-json\/wp\/v2\/media?parent=23993"}],"wp:term":[{"taxonomy":"product_brand","embeddable":true,"href":"https:\/\/craftyminis.com\/de\/wp-json\/wp\/v2\/product_brand?post=23993"},{"taxonomy":"product_cat","embeddable":true,"href":"https:\/\/craftyminis.com\/de\/wp-json\/wp\/v2\/product_cat?post=23993"},{"taxonomy":"product_tag","embeddable":true,"href":"https:\/\/craftyminis.com\/de\/wp-json\/wp\/v2\/product_tag?post=23993"}],"curies":[{"name":"wp","href":"https:\/\/api.w.org\/{rel}","templated":true}]}}