{"id":23852,"date":"2024-04-21T19:39:49","date_gmt":"2024-04-21T18:39:49","guid":{"rendered":"https:\/\/craftyminis.com\/unkategorisiert\/milliput-epoxid-knetmasse-standard-gelb-grau-sep-sitename\/"},"modified":"2024-04-21T19:39:49","modified_gmt":"2024-04-21T18:39:49","slug":"milliput-epoxid-knetmasse-standard-gelb-grau-sep-sitename","status":"publish","type":"product","link":"https:\/\/craftyminis.com\/de\/zubehor\/spachtelmassen\/milliput-epoxid-knetmasse-standard-gelb-grau-sep-sitename\/","title":{"rendered":"Milliput Epoxid-Knetmasse &#8211; Standard Gelb Grau"},"content":{"rendered":"<p><strong>Entdecken Sie die Vielseitigkeit von Milliput Epoxid-Knetmasse &#8211; Standard Gelb Grau<\/strong><\/p>\n<p>Diese langsam trocknende Epoxid-Knetmasse ist eine Klebel\u00f6sung, die bei einer Vielzahl von Materialien und Projekten hervorragende Ergebnisse liefert. Von Holz, Metall und Kunststoff bis hin zu Stein und Keramik bietet Milliput au\u00dfergew\u00f6hnliche Haftung und einfache Handhabung.<\/p>\n<p>Jede Packung enth\u00e4lt zwei Stangen mit insgesamt 113,4 g, ideal f\u00fcr Modellbauer, Juweliere, Bildhauer und Restauratoren, die ein zuverl\u00e4ssiges Produkt f\u00fcr ihre detaillierten Kreationen suchen.<\/p>\n","protected":false},"excerpt":{"rendered":"<p>Milliput Epoxid-Knetmasse &#8211; Standard Gelb Grau, <strong>mehrzweck langsam h\u00e4rtende Epoxidspachtelmasse<\/strong>, ideal f\u00fcr Arbeiten an verschiedenen Materialien und spezialisierten Projekten.<\/p>\n","protected":false},"featured_media":23732,"comment_status":"open","ping_status":"closed","template":"","meta":{"site-sidebar-layout":"default","site-content-layout":"","ast-site-content-layout":"default","site-content-style":"default","site-sidebar-style":"default","ast-global-header-display":"","ast-banner-title-visibility":"","ast-main-header-display":"","ast-hfb-above-header-display":"","ast-hfb-below-header-display":"","ast-hfb-mobile-header-display":"","site-post-title":"","ast-breadcrumbs-content":"","ast-featured-img":"","footer-sml-layout":"","ast-disable-related-posts":"","theme-transparent-header-meta":"default","adv-header-id-meta":"","stick-header-meta":"default","header-above-stick-meta":"","header-main-stick-meta":"","header-below-stick-meta":"","astra-migrate-meta-layouts":"default","ast-page-background-enabled":"default","ast-page-background-meta":{"desktop":{"background-color":"var(--ast-global-color-4)","background-image":"","background-repeat":"repeat","background-position":"center center","background-size":"auto","background-attachment":"scroll","background-type":"","background-media":"","overlay-type":"","overlay-color":"","overlay-opacity":"","overlay-gradient":""},"tablet":{"background-color":"","background-image":"","background-repeat":"repeat","background-position":"center center","background-size":"auto","background-attachment":"scroll","background-type":"","background-media":"","overlay-type":"","overlay-color":"","overlay-opacity":"","overlay-gradient":""},"mobile":{"background-color":"","background-image":"","background-repeat":"repeat","background-position":"center center","background-size":"auto","background-attachment":"scroll","background-type":"","background-media":"","overlay-type":"","overlay-color":"","overlay-opacity":"","overlay-gradient":""}},"ast-content-background-meta":{"desktop":{"background-color":"var(--ast-global-color-5)","background-image":"","background-repeat":"repeat","background-position":"center center","background-size":"auto","background-attachment":"scroll","background-type":"","background-media":"","overlay-type":"","overlay-color":"","overlay-opacity":"","overlay-gradient":""},"tablet":{"background-color":"var(--ast-global-color-5)","background-image":"","background-repeat":"repeat","background-position":"center center","background-size":"auto","background-attachment":"scroll","background-type":"","background-media":"","overlay-type":"","overlay-color":"","overlay-opacity":"","overlay-gradient":""},"mobile":{"background-color":"var(--ast-global-color-5)","background-image":"","background-repeat":"repeat","background-position":"center center","background-size":"auto","background-attachment":"scroll","background-type":"","background-media":"","overlay-type":"","overlay-color":"","overlay-opacity":"","overlay-gradient":""}}},"product_brand":[2214],"product_cat":[1692,1694,1583],"product_tag":[],"class_list":{"0":"post-23852","1":"product","2":"type-product","3":"status-publish","4":"has-post-thumbnail","6":"product_brand-milliput","7":"product_cat-spachtelmassen","8":"product_cat-spachtelmassen-milliput","9":"product_cat-zubehor","10":"desktop-align-left","11":"tablet-align-left","12":"mobile-align-left","13":"ast-product-gallery-layout-first-image-large","14":"ast-product-gallery-with-no-image","15":"ast-magnify-disabled","16":"ast-product-tabs-layout-accordion","18":"first","19":"instock","20":"taxable","21":"shipping-taxable","22":"purchasable","23":"product-type-simple"},"_links":{"self":[{"href":"https:\/\/craftyminis.com\/de\/wp-json\/wp\/v2\/product\/23852","targetHints":{"allow":["GET"]}}],"collection":[{"href":"https:\/\/craftyminis.com\/de\/wp-json\/wp\/v2\/product"}],"about":[{"href":"https:\/\/craftyminis.com\/de\/wp-json\/wp\/v2\/types\/product"}],"replies":[{"embeddable":true,"href":"https:\/\/craftyminis.com\/de\/wp-json\/wp\/v2\/comments?post=23852"}],"wp:featuredmedia":[{"embeddable":true,"href":"https:\/\/craftyminis.com\/de\/wp-json\/wp\/v2\/media\/23732"}],"wp:attachment":[{"href":"https:\/\/craftyminis.com\/de\/wp-json\/wp\/v2\/media?parent=23852"}],"wp:term":[{"taxonomy":"product_brand","embeddable":true,"href":"https:\/\/craftyminis.com\/de\/wp-json\/wp\/v2\/product_brand?post=23852"},{"taxonomy":"product_cat","embeddable":true,"href":"https:\/\/craftyminis.com\/de\/wp-json\/wp\/v2\/product_cat?post=23852"},{"taxonomy":"product_tag","embeddable":true,"href":"https:\/\/craftyminis.com\/de\/wp-json\/wp\/v2\/product_tag?post=23852"}],"curies":[{"name":"wp","href":"https:\/\/api.w.org\/{rel}","templated":true}]}}