{"id":23817,"date":"2024-04-21T08:38:02","date_gmt":"2024-04-21T07:38:02","guid":{"rendered":"https:\/\/craftyminis.com\/unkategorisiert\/set-aus-3-flexisander-doppelseitige-schleifkloetze-mit-koernung-90x19x12-mm-sep-sitename\/"},"modified":"2024-04-21T08:38:02","modified_gmt":"2024-04-21T07:38:02","slug":"set-aus-3-flexisander-doppelseitige-schleifkloetze-mit-koernung-90x19x12-mm-sep-sitename","status":"publish","type":"product","link":"https:\/\/craftyminis.com\/de\/zubehor\/schleifpapier\/set-aus-3-flexisander-doppelseitige-schleifkloetze-mit-koernung-90x19x12-mm-sep-sitename\/","title":{"rendered":"FlexiSander Dual-K\u00f6rnung Set mit 3 St\u00fcck, (90x19x12 mm)"},"content":{"rendered":"<p><strong>Perfektionieren Sie Ihre Miniaturen mit den Set aus 3 FlexiSander Dual Grit Schleifbl\u00f6cken<\/strong><\/p>\n<p>Dieses Set enth\u00e4lt drei doppelseitige Schleifbl\u00f6cke, die entwickelt wurden, um all Ihre Anforderungen an Detailarbeit und Finish im Modellbau und bei Miniaturen zu erf\u00fcllen. Jeder Schleifblock ist waschbar und wiederverwendbar, was Pr\u00e4zision und Effizienz in Ihren Projekten gew\u00e4hrleistet.<\/p>\n<ul>\n<li><strong>Grob (60\/100):<\/strong> Ideal zum schnellen Entfernen von \u00fcbersch\u00fcssigem Material und zur Vorbereitung von Oberfl\u00e4chen.<\/li>\n<li><strong>Mittel (240\/400):<\/strong> Perfekt zum Gl\u00e4tten rauer Stellen und f\u00fcr eine gleichm\u00e4\u00dfige Oberfl\u00e4che.<\/li>\n<li><strong>Fein (600\/1000):<\/strong> Optimal f\u00fcr den letzten Schliff und das Polieren, damit Ihre St\u00fccke makellos sind.<\/li>\n<\/ul>\n<p>Diese Set aus 3 FlexiSander Dual Grit Schleifbl\u00f6cke helfen Ihnen, das Detail- und Finishniveau zu erreichen, das Ihre Modelle und Miniaturen ben\u00f6tigen.<\/p>\n","protected":false},"excerpt":{"rendered":"<p>Verbessern Sie Ihre Modellierungstechniken mit den Set aus 3 FlexiSander Dual Grit Schleifbl\u00f6cken, perfekt f\u00fcr Miniaturen und Modellbau. Vom <strong>Entfernen \u00fcbersch\u00fcssigen Materials<\/strong> bis hin zu <strong>feinen und polierten Oberfl\u00e4chen<\/strong> ist dieses Set f\u00fcr jedes Detail Ihrer Projekte unverzichtbar.<\/p>\n","protected":false},"featured_media":23818,"comment_status":"open","ping_status":"closed","template":"","meta":{"site-sidebar-layout":"default","site-content-layout":"","ast-site-content-layout":"default","site-content-style":"default","site-sidebar-style":"default","ast-global-header-display":"","ast-banner-title-visibility":"","ast-main-header-display":"","ast-hfb-above-header-display":"","ast-hfb-below-header-display":"","ast-hfb-mobile-header-display":"","site-post-title":"","ast-breadcrumbs-content":"","ast-featured-img":"","footer-sml-layout":"","ast-disable-related-posts":"","theme-transparent-header-meta":"default","adv-header-id-meta":"","stick-header-meta":"default","header-above-stick-meta":"","header-main-stick-meta":"","header-below-stick-meta":"","astra-migrate-meta-layouts":"default","ast-page-background-enabled":"default","ast-page-background-meta":{"desktop":{"background-color":"var(--ast-global-color-4)","background-image":"","background-repeat":"repeat","background-position":"center center","background-size":"auto","background-attachment":"scroll","background-type":"","background-media":"","overlay-type":"","overlay-color":"","overlay-opacity":"","overlay-gradient":""},"tablet":{"background-color":"","background-image":"","background-repeat":"repeat","background-position":"center center","background-size":"auto","background-attachment":"scroll","background-type":"","background-media":"","overlay-type":"","overlay-color":"","overlay-opacity":"","overlay-gradient":""},"mobile":{"background-color":"","background-image":"","background-repeat":"repeat","background-position":"center center","background-size":"auto","background-attachment":"scroll","background-type":"","background-media":"","overlay-type":"","overlay-color":"","overlay-opacity":"","overlay-gradient":""}},"ast-content-background-meta":{"desktop":{"background-color":"var(--ast-global-color-5)","background-image":"","background-repeat":"repeat","background-position":"center center","background-size":"auto","background-attachment":"scroll","background-type":"","background-media":"","overlay-type":"","overlay-color":"","overlay-opacity":"","overlay-gradient":""},"tablet":{"background-color":"var(--ast-global-color-5)","background-image":"","background-repeat":"repeat","background-position":"center center","background-size":"auto","background-attachment":"scroll","background-type":"","background-media":"","overlay-type":"","overlay-color":"","overlay-opacity":"","overlay-gradient":""},"mobile":{"background-color":"var(--ast-global-color-5)","background-image":"","background-repeat":"repeat","background-position":"center center","background-size":"auto","background-attachment":"scroll","background-type":"","background-media":"","overlay-type":"","overlay-color":"","overlay-opacity":"","overlay-gradient":""}}},"product_brand":[2242],"product_cat":[1674,1675,1583],"product_tag":[],"class_list":{"0":"post-23817","1":"product","2":"type-product","3":"status-publish","4":"has-post-thumbnail","6":"product_brand-vallejo","7":"product_cat-schleifpapier","8":"product_cat-schleifpapier-ammo","9":"product_cat-zubehor","10":"desktop-align-left","11":"tablet-align-left","12":"mobile-align-left","13":"ast-product-gallery-layout-first-image-large","14":"ast-product-gallery-with-no-image","15":"ast-magnify-disabled","16":"ast-product-tabs-layout-accordion","18":"first","19":"instock","20":"sale","21":"taxable","22":"shipping-taxable","23":"purchasable","24":"product-type-simple"},"_links":{"self":[{"href":"https:\/\/craftyminis.com\/de\/wp-json\/wp\/v2\/product\/23817","targetHints":{"allow":["GET"]}}],"collection":[{"href":"https:\/\/craftyminis.com\/de\/wp-json\/wp\/v2\/product"}],"about":[{"href":"https:\/\/craftyminis.com\/de\/wp-json\/wp\/v2\/types\/product"}],"replies":[{"embeddable":true,"href":"https:\/\/craftyminis.com\/de\/wp-json\/wp\/v2\/comments?post=23817"}],"wp:featuredmedia":[{"embeddable":true,"href":"https:\/\/craftyminis.com\/de\/wp-json\/wp\/v2\/media\/23818"}],"wp:attachment":[{"href":"https:\/\/craftyminis.com\/de\/wp-json\/wp\/v2\/media?parent=23817"}],"wp:term":[{"taxonomy":"product_brand","embeddable":true,"href":"https:\/\/craftyminis.com\/de\/wp-json\/wp\/v2\/product_brand?post=23817"},{"taxonomy":"product_cat","embeddable":true,"href":"https:\/\/craftyminis.com\/de\/wp-json\/wp\/v2\/product_cat?post=23817"},{"taxonomy":"product_tag","embeddable":true,"href":"https:\/\/craftyminis.com\/de\/wp-json\/wp\/v2\/product_tag?post=23817"}],"curies":[{"name":"wp","href":"https:\/\/api.w.org\/{rel}","templated":true}]}}