{"id":23801,"date":"2024-04-22T16:07:19","date_gmt":"2024-04-22T15:07:19","guid":{"rendered":"https:\/\/craftyminis.com\/unkategorisiert\/schleifschwammblatt-180-2-stk-sep-sitename\/"},"modified":"2024-04-22T16:07:19","modified_gmt":"2024-04-22T15:07:19","slug":"schleifschwammblatt-180-2-stk-sep-sitename","status":"publish","type":"product","link":"https:\/\/craftyminis.com\/de\/zubehor\/schleifpapier\/schleifschwammblatt-180-2-stk-sep-sitename\/","title":{"rendered":"Schleifen Sponge Sheet (K\u00f6rnung 180) &#8211; 2 Stk."},"content":{"rendered":"<p>Perfektionieren Sie Ihre Oberfl\u00e4chen mit dem <strong>180-Sanding Sponge Sheet<\/strong>.<\/p>\n<p>Dieses Schleifschwammblatt mit einer <strong>180er K\u00f6rnung<\/strong> ist ideal, um Bereichen, die zuvor mit gr\u00f6beren K\u00f6rnungen bearbeitet wurden, den letzten Schliff zu geben. Eine seiner herausragenden Anwendungen ist das Veredeln transparenter Teile vor dem Polieren. Sein flexibles Design erm\u00f6glicht eine einfache Handhabung bei komplexen Formen und schwer zug\u00e4nglichen Stellen, wie abgerundeten Oberfl\u00e4chen oder engen Ecken. Geeignet f\u00fcr verschiedene Materialien, einschlie\u00dflich Harz, Metall, Holz und Kunststoff, ist es auch effektiv zum Entfernen von \u00fcbersch\u00fcssigem Kleber oder Spachtelmasse an Verbindungen. Es kann <strong>trocken oder angefeuchtet<\/strong> f\u00fcr zus\u00e4tzliche Vielseitigkeit verwendet werden. Um die Lebensdauer zu verl\u00e4ngern, wird empfohlen, nur den f\u00fcr jede Aufgabe ben\u00f6tigten Teil abzuschneiden.<\/p>\n<p>Die klare Nummerierung auf der R\u00fcckseite sorgt f\u00fcr eine einfache Identifikation nach dem Schneiden und macht dieses Schleifpapier zu einem unverzichtbaren Werkzeug in Kombination mit anderen K\u00f6rnungen.<\/p>\n","protected":false},"excerpt":{"rendered":"<p>Schwamm-Schleifpapier (180 K\u00f6rnung) &#8211; Perfekt f\u00fcr Oberfl\u00e4chen mit Unvollkommenheiten oder zur Verfeinerung von Arbeiten, die mit 100-K\u00f6rnung-Schleifpapier auf <strong>Harz, Metall, Holz und Kunststoff<\/strong> durchgef\u00fchrt wurden. Geeignet f\u00fcr den Trocken- und Nassgebrauch.<\/p>\n","protected":false},"featured_media":23802,"comment_status":"open","ping_status":"closed","template":"","meta":{"site-sidebar-layout":"default","site-content-layout":"","ast-site-content-layout":"default","site-content-style":"default","site-sidebar-style":"default","ast-global-header-display":"","ast-banner-title-visibility":"","ast-main-header-display":"","ast-hfb-above-header-display":"","ast-hfb-below-header-display":"","ast-hfb-mobile-header-display":"","site-post-title":"","ast-breadcrumbs-content":"","ast-featured-img":"","footer-sml-layout":"","ast-disable-related-posts":"","theme-transparent-header-meta":"default","adv-header-id-meta":"","stick-header-meta":"default","header-above-stick-meta":"","header-main-stick-meta":"","header-below-stick-meta":"","astra-migrate-meta-layouts":"default","ast-page-background-enabled":"default","ast-page-background-meta":{"desktop":{"background-color":"var(--ast-global-color-4)","background-image":"","background-repeat":"repeat","background-position":"center center","background-size":"auto","background-attachment":"scroll","background-type":"","background-media":"","overlay-type":"","overlay-color":"","overlay-opacity":"","overlay-gradient":""},"tablet":{"background-color":"","background-image":"","background-repeat":"repeat","background-position":"center center","background-size":"auto","background-attachment":"scroll","background-type":"","background-media":"","overlay-type":"","overlay-color":"","overlay-opacity":"","overlay-gradient":""},"mobile":{"background-color":"","background-image":"","background-repeat":"repeat","background-position":"center center","background-size":"auto","background-attachment":"scroll","background-type":"","background-media":"","overlay-type":"","overlay-color":"","overlay-opacity":"","overlay-gradient":""}},"ast-content-background-meta":{"desktop":{"background-color":"var(--ast-global-color-5)","background-image":"","background-repeat":"repeat","background-position":"center center","background-size":"auto","background-attachment":"scroll","background-type":"","background-media":"","overlay-type":"","overlay-color":"","overlay-opacity":"","overlay-gradient":""},"tablet":{"background-color":"var(--ast-global-color-5)","background-image":"","background-repeat":"repeat","background-position":"center center","background-size":"auto","background-attachment":"scroll","background-type":"","background-media":"","overlay-type":"","overlay-color":"","overlay-opacity":"","overlay-gradient":""},"mobile":{"background-color":"var(--ast-global-color-5)","background-image":"","background-repeat":"repeat","background-position":"center center","background-size":"auto","background-attachment":"scroll","background-type":"","background-media":"","overlay-type":"","overlay-color":"","overlay-opacity":"","overlay-gradient":""}}},"product_brand":[2182],"product_cat":[1674,1675,1583],"product_tag":[],"class_list":{"0":"post-23801","1":"product","2":"type-product","3":"status-publish","4":"has-post-thumbnail","6":"product_brand-ammo-mig-jimenez","7":"product_cat-schleifpapier","8":"product_cat-schleifpapier-ammo","9":"product_cat-zubehor","10":"desktop-align-left","11":"tablet-align-left","12":"mobile-align-left","13":"ast-product-gallery-layout-first-image-large","14":"ast-product-gallery-with-no-image","15":"ast-magnify-disabled","16":"ast-product-tabs-layout-accordion","18":"first","19":"instock","20":"taxable","21":"shipping-taxable","22":"purchasable","23":"product-type-simple"},"_links":{"self":[{"href":"https:\/\/craftyminis.com\/de\/wp-json\/wp\/v2\/product\/23801","targetHints":{"allow":["GET"]}}],"collection":[{"href":"https:\/\/craftyminis.com\/de\/wp-json\/wp\/v2\/product"}],"about":[{"href":"https:\/\/craftyminis.com\/de\/wp-json\/wp\/v2\/types\/product"}],"replies":[{"embeddable":true,"href":"https:\/\/craftyminis.com\/de\/wp-json\/wp\/v2\/comments?post=23801"}],"wp:featuredmedia":[{"embeddable":true,"href":"https:\/\/craftyminis.com\/de\/wp-json\/wp\/v2\/media\/23802"}],"wp:attachment":[{"href":"https:\/\/craftyminis.com\/de\/wp-json\/wp\/v2\/media?parent=23801"}],"wp:term":[{"taxonomy":"product_brand","embeddable":true,"href":"https:\/\/craftyminis.com\/de\/wp-json\/wp\/v2\/product_brand?post=23801"},{"taxonomy":"product_cat","embeddable":true,"href":"https:\/\/craftyminis.com\/de\/wp-json\/wp\/v2\/product_cat?post=23801"},{"taxonomy":"product_tag","embeddable":true,"href":"https:\/\/craftyminis.com\/de\/wp-json\/wp\/v2\/product_tag?post=23801"}],"curies":[{"name":"wp","href":"https:\/\/api.w.org\/{rel}","templated":true}]}}