{"id":23785,"date":"2024-04-22T16:50:50","date_gmt":"2024-04-22T15:50:50","guid":{"rendered":"https:\/\/craftyminis.com\/unkategorisiert\/kontur-schleifstaebe-6-stk-sep-sitename\/"},"modified":"2024-04-22T16:50:50","modified_gmt":"2024-04-22T15:50:50","slug":"kontur-schleifstaebe-6-stk-sep-sitename","status":"publish","type":"product","link":"https:\/\/craftyminis.com\/de\/zubehor\/schleifpapier\/kontur-schleifstaebe-6-stk-sep-sitename\/","title":{"rendered":"Kontur-Schleifst\u00e4be &#8211; 6 Stk."},"content":{"rendered":"<p>Verfeinern Sie Details mit dem <strong>Kontur-Schleifst\u00e4be Sortiment<\/strong>.<\/p>\n<p>Dieses Set aus sechs Pr\u00e4zisions-Schleifpapieren umfasst eine Vielzahl von <strong>K\u00f6rnungen: 120, 180, 240, 320, 1200 und 1500<\/strong>, die speziell f\u00fcr kleine und schwer zug\u00e4ngliche Bereiche mit einer schmalen Breite von nur 4 mm entwickelt wurden. Diese Schleifpapiere sind perfekt, um Unvollkommenheiten schrittweise zu entfernen und eine feine, glatte Oberfl\u00e4che zu erzielen, die f\u00fcr das Lackieren vorbereitet.<\/p>\n<p>Geeignet f\u00fcr eine Vielzahl von Materialien, einschlie\u00dflich Harz, Metall, Holz und Kunststoff, k\u00f6nnen sie trocken oder angefeuchtet f\u00fcr mehr Flexibilit\u00e4t und Effektivit\u00e4t verwendet werden.<\/p>\n","protected":false},"excerpt":{"rendered":"<p>Kontur-Schleifset, 6 St\u00fcck mit <strong>K\u00f6rnungen von 120 bis 1500<\/strong>, perfekt zum Detailieren und Gl\u00e4tten kleiner, schwer zug\u00e4nglicher Stellen an verschiedenen Materialien.<\/p>\n","protected":false},"featured_media":23786,"comment_status":"open","ping_status":"closed","template":"","meta":{"site-sidebar-layout":"default","site-content-layout":"","ast-site-content-layout":"default","site-content-style":"default","site-sidebar-style":"default","ast-global-header-display":"","ast-banner-title-visibility":"","ast-main-header-display":"","ast-hfb-above-header-display":"","ast-hfb-below-header-display":"","ast-hfb-mobile-header-display":"","site-post-title":"","ast-breadcrumbs-content":"","ast-featured-img":"","footer-sml-layout":"","ast-disable-related-posts":"","theme-transparent-header-meta":"default","adv-header-id-meta":"","stick-header-meta":"default","header-above-stick-meta":"","header-main-stick-meta":"","header-below-stick-meta":"","astra-migrate-meta-layouts":"default","ast-page-background-enabled":"default","ast-page-background-meta":{"desktop":{"background-color":"var(--ast-global-color-4)","background-image":"","background-repeat":"repeat","background-position":"center center","background-size":"auto","background-attachment":"scroll","background-type":"","background-media":"","overlay-type":"","overlay-color":"","overlay-opacity":"","overlay-gradient":""},"tablet":{"background-color":"","background-image":"","background-repeat":"repeat","background-position":"center center","background-size":"auto","background-attachment":"scroll","background-type":"","background-media":"","overlay-type":"","overlay-color":"","overlay-opacity":"","overlay-gradient":""},"mobile":{"background-color":"","background-image":"","background-repeat":"repeat","background-position":"center center","background-size":"auto","background-attachment":"scroll","background-type":"","background-media":"","overlay-type":"","overlay-color":"","overlay-opacity":"","overlay-gradient":""}},"ast-content-background-meta":{"desktop":{"background-color":"var(--ast-global-color-5)","background-image":"","background-repeat":"repeat","background-position":"center center","background-size":"auto","background-attachment":"scroll","background-type":"","background-media":"","overlay-type":"","overlay-color":"","overlay-opacity":"","overlay-gradient":""},"tablet":{"background-color":"var(--ast-global-color-5)","background-image":"","background-repeat":"repeat","background-position":"center center","background-size":"auto","background-attachment":"scroll","background-type":"","background-media":"","overlay-type":"","overlay-color":"","overlay-opacity":"","overlay-gradient":""},"mobile":{"background-color":"var(--ast-global-color-5)","background-image":"","background-repeat":"repeat","background-position":"center center","background-size":"auto","background-attachment":"scroll","background-type":"","background-media":"","overlay-type":"","overlay-color":"","overlay-opacity":"","overlay-gradient":""}}},"product_brand":[2182],"product_cat":[1674,1675,1583],"product_tag":[],"class_list":{"0":"post-23785","1":"product","2":"type-product","3":"status-publish","4":"has-post-thumbnail","6":"product_brand-ammo-mig-jimenez","7":"product_cat-schleifpapier","8":"product_cat-schleifpapier-ammo","9":"product_cat-zubehor","10":"desktop-align-left","11":"tablet-align-left","12":"mobile-align-left","13":"ast-product-gallery-layout-first-image-large","14":"ast-product-gallery-with-no-image","15":"ast-magnify-disabled","16":"ast-product-tabs-layout-accordion","18":"first","19":"outofstock","20":"taxable","21":"shipping-taxable","22":"purchasable","23":"product-type-simple"},"_links":{"self":[{"href":"https:\/\/craftyminis.com\/de\/wp-json\/wp\/v2\/product\/23785","targetHints":{"allow":["GET"]}}],"collection":[{"href":"https:\/\/craftyminis.com\/de\/wp-json\/wp\/v2\/product"}],"about":[{"href":"https:\/\/craftyminis.com\/de\/wp-json\/wp\/v2\/types\/product"}],"replies":[{"embeddable":true,"href":"https:\/\/craftyminis.com\/de\/wp-json\/wp\/v2\/comments?post=23785"}],"wp:featuredmedia":[{"embeddable":true,"href":"https:\/\/craftyminis.com\/de\/wp-json\/wp\/v2\/media\/23786"}],"wp:attachment":[{"href":"https:\/\/craftyminis.com\/de\/wp-json\/wp\/v2\/media?parent=23785"}],"wp:term":[{"taxonomy":"product_brand","embeddable":true,"href":"https:\/\/craftyminis.com\/de\/wp-json\/wp\/v2\/product_brand?post=23785"},{"taxonomy":"product_cat","embeddable":true,"href":"https:\/\/craftyminis.com\/de\/wp-json\/wp\/v2\/product_cat?post=23785"},{"taxonomy":"product_tag","embeddable":true,"href":"https:\/\/craftyminis.com\/de\/wp-json\/wp\/v2\/product_tag?post=23785"}],"curies":[{"name":"wp","href":"https:\/\/api.w.org\/{rel}","templated":true}]}}