{"id":23491,"date":"2025-10-08T15:26:29","date_gmt":"2025-10-08T14:26:29","guid":{"rendered":"https:\/\/craftyminis.com\/unkategorisiert\/wild-tuft-winter\/"},"modified":"2025-10-08T15:26:29","modified_gmt":"2025-10-08T14:26:29","slug":"wild-tuft-winter","status":"publish","type":"product","link":"https:\/\/craftyminis.com\/de\/zubehor\/gelandezubehor\/wild-tuft-winter\/","title":{"rendered":"Wild Tuft &#8211; Winter"},"content":{"rendered":"<p>Verbessern Sie Ihre Modelle mit <strong>Wild Tuft \u2013 Winter<\/strong> von Vallejo Scenery.<\/p>\n<p>Diese Reihe von Miniaturvegetation von Vallejo Scenery erm\u00f6glicht es Ihnen, Ihren Dioramen, Wargaming-Gel\u00e4nden oder historischen Modell-Szenen einen Hauch von Realismus und Detailreichtum zu verleihen. Das Wild Tuft \u2013 Winter Set enth\u00e4lt 35 selbstklebende 6 mm B\u00fcschel, die sich perfekt eignen, um Vegetation darzustellen und Ihren Projekten visuelle Tiefe zu verleihen.<\/p>\n<p>Diese Teile sind <strong>selbstklebend<\/strong> f\u00fcr eine einfache Anwendung, k\u00f6nnen aber auch mit PVA-Kleber f\u00fcr eine st\u00e4rkere, langanhaltende Verbindung befestigt werden.<\/p>\n","protected":false},"excerpt":{"rendered":"<p>Wild Tuft \u2013 Winter, <strong>35 Miniatur-Vegetationseinheiten<\/strong> von Vallejo Scenery, selbstklebend und perfekt, um Ihren Dioramen und Modellbaus\u00e4tzen mehr Realismus zu verleihen.<\/p>\n","protected":false},"featured_media":23492,"comment_status":"open","ping_status":"closed","template":"","meta":{"site-sidebar-layout":"default","site-content-layout":"","ast-site-content-layout":"default","site-content-style":"default","site-sidebar-style":"default","ast-global-header-display":"","ast-banner-title-visibility":"","ast-main-header-display":"","ast-hfb-above-header-display":"","ast-hfb-below-header-display":"","ast-hfb-mobile-header-display":"","site-post-title":"","ast-breadcrumbs-content":"","ast-featured-img":"","footer-sml-layout":"","ast-disable-related-posts":"","theme-transparent-header-meta":"default","adv-header-id-meta":"","stick-header-meta":"default","header-above-stick-meta":"","header-main-stick-meta":"","header-below-stick-meta":"","astra-migrate-meta-layouts":"default","ast-page-background-enabled":"default","ast-page-background-meta":{"desktop":{"background-color":"var(--ast-global-color-4)","background-image":"","background-repeat":"repeat","background-position":"center center","background-size":"auto","background-attachment":"scroll","background-type":"","background-media":"","overlay-type":"","overlay-color":"","overlay-opacity":"","overlay-gradient":""},"tablet":{"background-color":"","background-image":"","background-repeat":"repeat","background-position":"center center","background-size":"auto","background-attachment":"scroll","background-type":"","background-media":"","overlay-type":"","overlay-color":"","overlay-opacity":"","overlay-gradient":""},"mobile":{"background-color":"","background-image":"","background-repeat":"repeat","background-position":"center center","background-size":"auto","background-attachment":"scroll","background-type":"","background-media":"","overlay-type":"","overlay-color":"","overlay-opacity":"","overlay-gradient":""}},"ast-content-background-meta":{"desktop":{"background-color":"var(--ast-global-color-5)","background-image":"","background-repeat":"repeat","background-position":"center center","background-size":"auto","background-attachment":"scroll","background-type":"","background-media":"","overlay-type":"","overlay-color":"","overlay-opacity":"","overlay-gradient":""},"tablet":{"background-color":"var(--ast-global-color-5)","background-image":"","background-repeat":"repeat","background-position":"center center","background-size":"auto","background-attachment":"scroll","background-type":"","background-media":"","overlay-type":"","overlay-color":"","overlay-opacity":"","overlay-gradient":""},"mobile":{"background-color":"var(--ast-global-color-5)","background-image":"","background-repeat":"repeat","background-position":"center center","background-size":"auto","background-attachment":"scroll","background-type":"","background-media":"","overlay-type":"","overlay-color":"","overlay-opacity":"","overlay-gradient":""}}},"product_brand":[2242],"product_cat":[1647,1657,1583],"product_tag":[],"class_list":{"0":"post-23491","1":"product","2":"type-product","3":"status-publish","4":"has-post-thumbnail","6":"product_brand-vallejo","7":"product_cat-gelandezubehor","8":"product_cat-hobby-scenery-vallejo","9":"product_cat-zubehor","10":"desktop-align-left","11":"tablet-align-left","12":"mobile-align-left","13":"ast-product-gallery-layout-first-image-large","14":"ast-magnify-disabled","15":"ast-product-tabs-layout-accordion","17":"first","18":"instock","19":"taxable","20":"shipping-taxable","21":"purchasable","22":"product-type-simple"},"_links":{"self":[{"href":"https:\/\/craftyminis.com\/de\/wp-json\/wp\/v2\/product\/23491","targetHints":{"allow":["GET"]}}],"collection":[{"href":"https:\/\/craftyminis.com\/de\/wp-json\/wp\/v2\/product"}],"about":[{"href":"https:\/\/craftyminis.com\/de\/wp-json\/wp\/v2\/types\/product"}],"replies":[{"embeddable":true,"href":"https:\/\/craftyminis.com\/de\/wp-json\/wp\/v2\/comments?post=23491"}],"wp:featuredmedia":[{"embeddable":true,"href":"https:\/\/craftyminis.com\/de\/wp-json\/wp\/v2\/media\/23492"}],"wp:attachment":[{"href":"https:\/\/craftyminis.com\/de\/wp-json\/wp\/v2\/media?parent=23491"}],"wp:term":[{"taxonomy":"product_brand","embeddable":true,"href":"https:\/\/craftyminis.com\/de\/wp-json\/wp\/v2\/product_brand?post=23491"},{"taxonomy":"product_cat","embeddable":true,"href":"https:\/\/craftyminis.com\/de\/wp-json\/wp\/v2\/product_cat?post=23491"},{"taxonomy":"product_tag","embeddable":true,"href":"https:\/\/craftyminis.com\/de\/wp-json\/wp\/v2\/product_tag?post=23491"}],"curies":[{"name":"wp","href":"https:\/\/api.w.org\/{rel}","templated":true}]}}