{"id":23475,"date":"2025-10-08T15:31:46","date_gmt":"2025-10-08T13:31:46","guid":{"rendered":"https:\/\/craftyminis.com\/unkategorisiert\/wild-tuft-wild-moss\/"},"modified":"2025-10-08T15:31:46","modified_gmt":"2025-10-08T14:31:46","slug":"wild-tuft-wild-moss","status":"publish","type":"product","link":"https:\/\/craftyminis.com\/de\/zubehor\/gelandezubehor\/wild-tuft-wild-moss\/","title":{"rendered":"Wild Tuft &#8211; Wild Moss"},"content":{"rendered":"<p>Verbessern Sie Ihre Modellbauprojekte mit <strong>Wild Tuft &#8211; Wild Moss<\/strong> von Vallejo Scenery.<\/p>\n<p>Diese Reihe von Miniaturvegetation von Vallejo Scenery erm\u00f6glicht es Ihnen, Ihren Dioramen, Wargaming-Gel\u00e4nden oder historischen Modellen einen Hauch von Realismus und Detailreichtum zu verleihen. Das Wild Tuft &#8211; Wild Moss Set enth\u00e4lt 35 selbstklebende B\u00fcschel, 4 mm hoch, perfekt zur Darstellung von Vegetation und zur Schaffung von visueller Tiefe in Ihren Szenen.<\/p>\n<p>Diese Teile sind <strong>selbstklebend<\/strong> f\u00fcr eine einfache Anwendung, k\u00f6nnen aber auch mit Wei\u00dfleim f\u00fcr eine st\u00e4rkere, langanhaltende Haftung befestigt werden.<\/p>\n","protected":false},"excerpt":{"rendered":"<p>Wild Tuft &#8211; Wild Moss, <strong>35 Miniatur-Vegetationb\u00fcschel<\/strong> von Vallejo Scenery. Selbstklebend und perfekt, um realistische Details zu Ihren Dioramen und Modellbauprojekten hinzuzuf\u00fcgen.<\/p>\n","protected":false},"featured_media":23476,"comment_status":"open","ping_status":"closed","template":"","meta":{"site-sidebar-layout":"default","site-content-layout":"","ast-site-content-layout":"default","site-content-style":"default","site-sidebar-style":"default","ast-global-header-display":"","ast-banner-title-visibility":"","ast-main-header-display":"","ast-hfb-above-header-display":"","ast-hfb-below-header-display":"","ast-hfb-mobile-header-display":"","site-post-title":"","ast-breadcrumbs-content":"","ast-featured-img":"","footer-sml-layout":"","ast-disable-related-posts":"","theme-transparent-header-meta":"default","adv-header-id-meta":"","stick-header-meta":"default","header-above-stick-meta":"","header-main-stick-meta":"","header-below-stick-meta":"","astra-migrate-meta-layouts":"default","ast-page-background-enabled":"default","ast-page-background-meta":{"desktop":{"background-color":"var(--ast-global-color-4)","background-image":"","background-repeat":"repeat","background-position":"center center","background-size":"auto","background-attachment":"scroll","background-type":"","background-media":"","overlay-type":"","overlay-color":"","overlay-opacity":"","overlay-gradient":""},"tablet":{"background-color":"","background-image":"","background-repeat":"repeat","background-position":"center center","background-size":"auto","background-attachment":"scroll","background-type":"","background-media":"","overlay-type":"","overlay-color":"","overlay-opacity":"","overlay-gradient":""},"mobile":{"background-color":"","background-image":"","background-repeat":"repeat","background-position":"center center","background-size":"auto","background-attachment":"scroll","background-type":"","background-media":"","overlay-type":"","overlay-color":"","overlay-opacity":"","overlay-gradient":""}},"ast-content-background-meta":{"desktop":{"background-color":"var(--ast-global-color-5)","background-image":"","background-repeat":"repeat","background-position":"center center","background-size":"auto","background-attachment":"scroll","background-type":"","background-media":"","overlay-type":"","overlay-color":"","overlay-opacity":"","overlay-gradient":""},"tablet":{"background-color":"var(--ast-global-color-5)","background-image":"","background-repeat":"repeat","background-position":"center center","background-size":"auto","background-attachment":"scroll","background-type":"","background-media":"","overlay-type":"","overlay-color":"","overlay-opacity":"","overlay-gradient":""},"mobile":{"background-color":"var(--ast-global-color-5)","background-image":"","background-repeat":"repeat","background-position":"center center","background-size":"auto","background-attachment":"scroll","background-type":"","background-media":"","overlay-type":"","overlay-color":"","overlay-opacity":"","overlay-gradient":""}}},"product_brand":[2242],"product_cat":[1647,1657,1583],"product_tag":[],"class_list":{"0":"post-23475","1":"product","2":"type-product","3":"status-publish","4":"has-post-thumbnail","6":"product_brand-vallejo","7":"product_cat-gelandezubehor","8":"product_cat-hobby-scenery-vallejo","9":"product_cat-zubehor","10":"desktop-align-left","11":"tablet-align-left","12":"mobile-align-left","13":"ast-product-gallery-layout-first-image-large","14":"ast-magnify-disabled","15":"ast-product-tabs-layout-accordion","17":"first","18":"instock","19":"taxable","20":"shipping-taxable","21":"purchasable","22":"product-type-simple"},"_links":{"self":[{"href":"https:\/\/craftyminis.com\/de\/wp-json\/wp\/v2\/product\/23475","targetHints":{"allow":["GET"]}}],"collection":[{"href":"https:\/\/craftyminis.com\/de\/wp-json\/wp\/v2\/product"}],"about":[{"href":"https:\/\/craftyminis.com\/de\/wp-json\/wp\/v2\/types\/product"}],"replies":[{"embeddable":true,"href":"https:\/\/craftyminis.com\/de\/wp-json\/wp\/v2\/comments?post=23475"}],"wp:featuredmedia":[{"embeddable":true,"href":"https:\/\/craftyminis.com\/de\/wp-json\/wp\/v2\/media\/23476"}],"wp:attachment":[{"href":"https:\/\/craftyminis.com\/de\/wp-json\/wp\/v2\/media?parent=23475"}],"wp:term":[{"taxonomy":"product_brand","embeddable":true,"href":"https:\/\/craftyminis.com\/de\/wp-json\/wp\/v2\/product_brand?post=23475"},{"taxonomy":"product_cat","embeddable":true,"href":"https:\/\/craftyminis.com\/de\/wp-json\/wp\/v2\/product_cat?post=23475"},{"taxonomy":"product_tag","embeddable":true,"href":"https:\/\/craftyminis.com\/de\/wp-json\/wp\/v2\/product_tag?post=23475"}],"curies":[{"name":"wp","href":"https:\/\/api.w.org\/{rel}","templated":true}]}}