{"id":23465,"date":"2024-04-21T16:53:25","date_gmt":"2024-04-21T15:53:25","guid":{"rendered":"https:\/\/craftyminis.com\/unkategorisiert\/deluxe-roket-hot\/"},"modified":"2024-04-21T16:53:25","modified_gmt":"2024-04-21T15:53:25","slug":"deluxe-roket-hot","status":"publish","type":"product","link":"https:\/\/craftyminis.com\/de\/zubehor\/klebstoffe\/deluxe-roket-hot\/","title":{"rendered":"Deluxe Roket Hot"},"content":{"rendered":"<p>Sichern Sie <strong>schnelle und effektive Haftung<\/strong> mit Deluxe Roket Hot.<\/p>\n<p>Dieser hochwertige Cyanacrylat-Klebstoff wurde entwickelt, um schnelle und effiziente Ergebnisse zu liefern. Mit einer ultrad\u00fcnnen, eindringenden Formel trocknet er in nur 1-5 Sekunden und ist somit ideal f\u00fcr Projekte, die Pr\u00e4zision und Schnelligkeit erfordern. Perfekt zum Verkleben von Holz, Metall, starren Kunststoffen wie Styrol und PVC sowie Sch\u00e4umen wie EPO und EPP, macht seine F\u00e4higkeit, enge Fugen zu durchdringen, Roket Hot zu einer ausgezeichneten Wahl f\u00fcr Modellbauer und Bastler.<\/p>\n<p>Verpackt in einer 20-g-Flasche, ist <strong>Deluxe Roket Hot<\/strong> sowohl f\u00fcr gro\u00dfe als auch kleine Projekte geeignet und bietet zuverl\u00e4ssige und langlebige Leistung.<\/p>\n","protected":false},"excerpt":{"rendered":"<p>Deluxe Roket Hot, ein <strong>ultrad\u00fcnner und schnell trocknender Cyanacrylat-Klebstoff<\/strong>, der in <strong>1-5 Sekunden<\/strong> haftet, perfekt f\u00fcr Holz, Metall und starre Kunststoffe.<\/p>\n","protected":false},"featured_media":23466,"comment_status":"open","ping_status":"closed","template":"","meta":{"site-sidebar-layout":"default","site-content-layout":"","ast-site-content-layout":"default","site-content-style":"default","site-sidebar-style":"default","ast-global-header-display":"","ast-banner-title-visibility":"","ast-main-header-display":"","ast-hfb-above-header-display":"","ast-hfb-below-header-display":"","ast-hfb-mobile-header-display":"","site-post-title":"","ast-breadcrumbs-content":"","ast-featured-img":"","footer-sml-layout":"","ast-disable-related-posts":"","theme-transparent-header-meta":"default","adv-header-id-meta":"","stick-header-meta":"default","header-above-stick-meta":"","header-main-stick-meta":"","header-below-stick-meta":"","astra-migrate-meta-layouts":"default","ast-page-background-enabled":"default","ast-page-background-meta":{"desktop":{"background-color":"var(--ast-global-color-4)","background-image":"","background-repeat":"repeat","background-position":"center center","background-size":"auto","background-attachment":"scroll","background-type":"","background-media":"","overlay-type":"","overlay-color":"","overlay-opacity":"","overlay-gradient":""},"tablet":{"background-color":"","background-image":"","background-repeat":"repeat","background-position":"center center","background-size":"auto","background-attachment":"scroll","background-type":"","background-media":"","overlay-type":"","overlay-color":"","overlay-opacity":"","overlay-gradient":""},"mobile":{"background-color":"","background-image":"","background-repeat":"repeat","background-position":"center center","background-size":"auto","background-attachment":"scroll","background-type":"","background-media":"","overlay-type":"","overlay-color":"","overlay-opacity":"","overlay-gradient":""}},"ast-content-background-meta":{"desktop":{"background-color":"var(--ast-global-color-5)","background-image":"","background-repeat":"repeat","background-position":"center center","background-size":"auto","background-attachment":"scroll","background-type":"","background-media":"","overlay-type":"","overlay-color":"","overlay-opacity":"","overlay-gradient":""},"tablet":{"background-color":"var(--ast-global-color-5)","background-image":"","background-repeat":"repeat","background-position":"center center","background-size":"auto","background-attachment":"scroll","background-type":"","background-media":"","overlay-type":"","overlay-color":"","overlay-opacity":"","overlay-gradient":""},"mobile":{"background-color":"var(--ast-global-color-5)","background-image":"","background-repeat":"repeat","background-position":"center center","background-size":"auto","background-attachment":"scroll","background-type":"","background-media":"","overlay-type":"","overlay-color":"","overlay-opacity":"","overlay-gradient":""}}},"product_brand":[2190],"product_cat":[1587,1597,1583],"product_tag":[],"class_list":{"0":"post-23465","1":"product","2":"type-product","3":"status-publish","4":"has-post-thumbnail","6":"product_brand-deluxe-materials","7":"product_cat-klebstoffe","8":"product_cat-klebstoffe-deluxe-materials","9":"product_cat-zubehor","10":"desktop-align-left","11":"tablet-align-left","12":"mobile-align-left","13":"ast-product-gallery-layout-first-image-large","14":"ast-product-gallery-with-no-image","15":"ast-magnify-disabled","16":"ast-product-tabs-layout-accordion","18":"first","19":"instock","20":"taxable","21":"shipping-taxable","22":"purchasable","23":"product-type-simple"},"_links":{"self":[{"href":"https:\/\/craftyminis.com\/de\/wp-json\/wp\/v2\/product\/23465","targetHints":{"allow":["GET"]}}],"collection":[{"href":"https:\/\/craftyminis.com\/de\/wp-json\/wp\/v2\/product"}],"about":[{"href":"https:\/\/craftyminis.com\/de\/wp-json\/wp\/v2\/types\/product"}],"replies":[{"embeddable":true,"href":"https:\/\/craftyminis.com\/de\/wp-json\/wp\/v2\/comments?post=23465"}],"wp:featuredmedia":[{"embeddable":true,"href":"https:\/\/craftyminis.com\/de\/wp-json\/wp\/v2\/media\/23466"}],"wp:attachment":[{"href":"https:\/\/craftyminis.com\/de\/wp-json\/wp\/v2\/media?parent=23465"}],"wp:term":[{"taxonomy":"product_brand","embeddable":true,"href":"https:\/\/craftyminis.com\/de\/wp-json\/wp\/v2\/product_brand?post=23465"},{"taxonomy":"product_cat","embeddable":true,"href":"https:\/\/craftyminis.com\/de\/wp-json\/wp\/v2\/product_cat?post=23465"},{"taxonomy":"product_tag","embeddable":true,"href":"https:\/\/craftyminis.com\/de\/wp-json\/wp\/v2\/product_tag?post=23465"}],"curies":[{"name":"wp","href":"https:\/\/api.w.org\/{rel}","templated":true}]}}