{"id":23457,"date":"2024-04-21T17:27:57","date_gmt":"2024-04-21T16:27:57","guid":{"rendered":"https:\/\/craftyminis.com\/unkategorisiert\/deluxe-roket-rapid\/"},"modified":"2024-04-21T17:27:57","modified_gmt":"2024-04-21T16:27:57","slug":"deluxe-roket-rapid","status":"publish","type":"product","link":"https:\/\/craftyminis.com\/de\/zubehor\/klebstoffe\/deluxe-roket-rapid\/","title":{"rendered":"Deluxe Roket Rapid"},"content":{"rendered":"<p>Maximieren Sie die Effizienz mit <strong>Deluxe Roket Rapid.<\/strong><\/p>\n<p>Dieser Cyanacrylat-Klebstoff mittlerer Viskosit\u00e4t ist von h\u00f6chster Qualit\u00e4t und f\u00fcr schnelles Verkleben mit einer Aush\u00e4rtezeit von 5 bis 10 Sekunden konzipiert. Er ist perfekt f\u00fcr Projekte, die starke und schnelle Haftung erfordern. Tragen Sie den Klebstoff einfach auf eine Oberfl\u00e4che auf, dr\u00fccken Sie die Teile zusammen und erzielen Sie in Sekunden eine dauerhafte Verbindung.<\/p>\n<p>Lagern Sie dieses Produkt an einem k\u00fchlen, trockenen und dunklen Ort, um seine Wirksamkeit zu erhalten.<\/p>\n<p>Verpackt in einer 20-g-Flasche, <strong>Deluxe Roket Rapid<\/strong> eignet sich f\u00fcr Holz, Metall, starre Kunststoffe wie Styrol und PVC sowie Sch\u00e4ume wie EPO und EPP.<\/p>\n","protected":false},"excerpt":{"rendered":"<p>Deluxe Roket Rapid, ein <strong>mittelviskoser Cyanacrylatklebstoff<\/strong> mit ultraschneller Trocknungszeit (<strong>5-10 Sekunden<\/strong>), perfekt f\u00fcr Holz, Metall und starre Kunststoffe.<\/p>\n","protected":false},"featured_media":23458,"comment_status":"open","ping_status":"closed","template":"","meta":{"site-sidebar-layout":"default","site-content-layout":"","ast-site-content-layout":"default","site-content-style":"default","site-sidebar-style":"default","ast-global-header-display":"","ast-banner-title-visibility":"","ast-main-header-display":"","ast-hfb-above-header-display":"","ast-hfb-below-header-display":"","ast-hfb-mobile-header-display":"","site-post-title":"","ast-breadcrumbs-content":"","ast-featured-img":"","footer-sml-layout":"","ast-disable-related-posts":"","theme-transparent-header-meta":"default","adv-header-id-meta":"","stick-header-meta":"default","header-above-stick-meta":"","header-main-stick-meta":"","header-below-stick-meta":"","astra-migrate-meta-layouts":"default","ast-page-background-enabled":"default","ast-page-background-meta":{"desktop":{"background-color":"var(--ast-global-color-4)","background-image":"","background-repeat":"repeat","background-position":"center center","background-size":"auto","background-attachment":"scroll","background-type":"","background-media":"","overlay-type":"","overlay-color":"","overlay-opacity":"","overlay-gradient":""},"tablet":{"background-color":"","background-image":"","background-repeat":"repeat","background-position":"center center","background-size":"auto","background-attachment":"scroll","background-type":"","background-media":"","overlay-type":"","overlay-color":"","overlay-opacity":"","overlay-gradient":""},"mobile":{"background-color":"","background-image":"","background-repeat":"repeat","background-position":"center center","background-size":"auto","background-attachment":"scroll","background-type":"","background-media":"","overlay-type":"","overlay-color":"","overlay-opacity":"","overlay-gradient":""}},"ast-content-background-meta":{"desktop":{"background-color":"var(--ast-global-color-5)","background-image":"","background-repeat":"repeat","background-position":"center center","background-size":"auto","background-attachment":"scroll","background-type":"","background-media":"","overlay-type":"","overlay-color":"","overlay-opacity":"","overlay-gradient":""},"tablet":{"background-color":"var(--ast-global-color-5)","background-image":"","background-repeat":"repeat","background-position":"center center","background-size":"auto","background-attachment":"scroll","background-type":"","background-media":"","overlay-type":"","overlay-color":"","overlay-opacity":"","overlay-gradient":""},"mobile":{"background-color":"var(--ast-global-color-5)","background-image":"","background-repeat":"repeat","background-position":"center center","background-size":"auto","background-attachment":"scroll","background-type":"","background-media":"","overlay-type":"","overlay-color":"","overlay-opacity":"","overlay-gradient":""}}},"product_brand":[2190],"product_cat":[1587,1597,1583],"product_tag":[],"class_list":{"0":"post-23457","1":"product","2":"type-product","3":"status-publish","4":"has-post-thumbnail","6":"product_brand-deluxe-materials","7":"product_cat-klebstoffe","8":"product_cat-klebstoffe-deluxe-materials","9":"product_cat-zubehor","10":"desktop-align-left","11":"tablet-align-left","12":"mobile-align-left","13":"ast-product-gallery-layout-first-image-large","14":"ast-product-gallery-with-no-image","15":"ast-magnify-disabled","16":"ast-product-tabs-layout-accordion","18":"first","19":"instock","20":"taxable","21":"shipping-taxable","22":"purchasable","23":"product-type-simple"},"_links":{"self":[{"href":"https:\/\/craftyminis.com\/de\/wp-json\/wp\/v2\/product\/23457","targetHints":{"allow":["GET"]}}],"collection":[{"href":"https:\/\/craftyminis.com\/de\/wp-json\/wp\/v2\/product"}],"about":[{"href":"https:\/\/craftyminis.com\/de\/wp-json\/wp\/v2\/types\/product"}],"replies":[{"embeddable":true,"href":"https:\/\/craftyminis.com\/de\/wp-json\/wp\/v2\/comments?post=23457"}],"wp:featuredmedia":[{"embeddable":true,"href":"https:\/\/craftyminis.com\/de\/wp-json\/wp\/v2\/media\/23458"}],"wp:attachment":[{"href":"https:\/\/craftyminis.com\/de\/wp-json\/wp\/v2\/media?parent=23457"}],"wp:term":[{"taxonomy":"product_brand","embeddable":true,"href":"https:\/\/craftyminis.com\/de\/wp-json\/wp\/v2\/product_brand?post=23457"},{"taxonomy":"product_cat","embeddable":true,"href":"https:\/\/craftyminis.com\/de\/wp-json\/wp\/v2\/product_cat?post=23457"},{"taxonomy":"product_tag","embeddable":true,"href":"https:\/\/craftyminis.com\/de\/wp-json\/wp\/v2\/product_tag?post=23457"}],"curies":[{"name":"wp","href":"https:\/\/api.w.org\/{rel}","templated":true}]}}