{"id":23449,"date":"2024-04-21T18:05:34","date_gmt":"2024-04-21T17:05:34","guid":{"rendered":"https:\/\/craftyminis.com\/unkategorisiert\/deluxe-roket-max\/"},"modified":"2024-04-21T18:05:34","modified_gmt":"2024-04-21T17:05:34","slug":"deluxe-roket-max","status":"publish","type":"product","link":"https:\/\/craftyminis.com\/de\/zubehor\/klebstoffe\/deluxe-roket-max\/","title":{"rendered":"Deluxe Roket Max"},"content":{"rendered":"<p>St\u00e4rken Sie Ihre Builds mit <strong>Deluxe Roket Max<\/strong><\/p>\n<p>Dieser Cyanacrylat-Klebstoff verf\u00fcgt \u00fcber eine besonders dickfl\u00fcssige Formel, die entwickelt wurde, um effektiv L\u00fccken zu f\u00fcllen und eine starke Verbindung zu gew\u00e4hrleisten. Deluxe Roket Max h\u00e4rtet in 10-20 Sekunden aus und bietet eine schnelle L\u00f6sung zum Verkleben oder Reparieren. Ideal f\u00fcr Anwendungen, die das F\u00fcllen von L\u00fccken oder Verst\u00e4rkungen erfordern. Einfach auf eine Oberfl\u00e4che auftragen, die Teile zusammenf\u00fcgen und festhalten, bis der Klebstoff ausgeh\u00e4rtet ist. F\u00fcr gr\u00f6\u00dfere Fl\u00e4chen in Abschnitten auftragen und die Oberfl\u00e4chen zusammendr\u00fccken, um eine vollst\u00e4ndige Verbindung sicherzustellen.<\/p>\n<p>Bewahren Sie dieses Produkt an einem k\u00fchlen, trockenen und dunklen Ort auf, um seine Wirksamkeit zu erhalten.<\/p>\n<p>Verpackt in einer 20 g Flasche, ist <strong>Deluxe Roket<\/strong> geeignet f\u00fcr Holz, Metall, starre Kunststoffe wie Styrol und PVC sowie Sch\u00e4ume wie EPO und EPP.<\/p>\n","protected":false},"excerpt":{"rendered":"<p>Deluxe Roket Max, ein <strong>dickfl\u00fcssiger Cyanacrylat-Klebstoff<\/strong>, der in 10-20 Sekunden aush\u00e4rtet und eine schnelle L\u00f6sung f\u00fcr Verklebungen oder Reparaturen bietet.<\/p>\n","protected":false},"featured_media":23450,"comment_status":"open","ping_status":"closed","template":"","meta":{"site-sidebar-layout":"default","site-content-layout":"","ast-site-content-layout":"default","site-content-style":"default","site-sidebar-style":"default","ast-global-header-display":"","ast-banner-title-visibility":"","ast-main-header-display":"","ast-hfb-above-header-display":"","ast-hfb-below-header-display":"","ast-hfb-mobile-header-display":"","site-post-title":"","ast-breadcrumbs-content":"","ast-featured-img":"","footer-sml-layout":"","ast-disable-related-posts":"","theme-transparent-header-meta":"default","adv-header-id-meta":"","stick-header-meta":"default","header-above-stick-meta":"","header-main-stick-meta":"","header-below-stick-meta":"","astra-migrate-meta-layouts":"default","ast-page-background-enabled":"default","ast-page-background-meta":{"desktop":{"background-color":"var(--ast-global-color-4)","background-image":"","background-repeat":"repeat","background-position":"center center","background-size":"auto","background-attachment":"scroll","background-type":"","background-media":"","overlay-type":"","overlay-color":"","overlay-opacity":"","overlay-gradient":""},"tablet":{"background-color":"","background-image":"","background-repeat":"repeat","background-position":"center center","background-size":"auto","background-attachment":"scroll","background-type":"","background-media":"","overlay-type":"","overlay-color":"","overlay-opacity":"","overlay-gradient":""},"mobile":{"background-color":"","background-image":"","background-repeat":"repeat","background-position":"center center","background-size":"auto","background-attachment":"scroll","background-type":"","background-media":"","overlay-type":"","overlay-color":"","overlay-opacity":"","overlay-gradient":""}},"ast-content-background-meta":{"desktop":{"background-color":"var(--ast-global-color-5)","background-image":"","background-repeat":"repeat","background-position":"center center","background-size":"auto","background-attachment":"scroll","background-type":"","background-media":"","overlay-type":"","overlay-color":"","overlay-opacity":"","overlay-gradient":""},"tablet":{"background-color":"var(--ast-global-color-5)","background-image":"","background-repeat":"repeat","background-position":"center center","background-size":"auto","background-attachment":"scroll","background-type":"","background-media":"","overlay-type":"","overlay-color":"","overlay-opacity":"","overlay-gradient":""},"mobile":{"background-color":"var(--ast-global-color-5)","background-image":"","background-repeat":"repeat","background-position":"center center","background-size":"auto","background-attachment":"scroll","background-type":"","background-media":"","overlay-type":"","overlay-color":"","overlay-opacity":"","overlay-gradient":""}}},"product_brand":[2190],"product_cat":[1587,1597,1583],"product_tag":[],"class_list":{"0":"post-23449","1":"product","2":"type-product","3":"status-publish","4":"has-post-thumbnail","6":"product_brand-deluxe-materials","7":"product_cat-klebstoffe","8":"product_cat-klebstoffe-deluxe-materials","9":"product_cat-zubehor","10":"desktop-align-left","11":"tablet-align-left","12":"mobile-align-left","13":"ast-product-gallery-layout-first-image-large","14":"ast-product-gallery-with-no-image","15":"ast-magnify-disabled","16":"ast-product-tabs-layout-accordion","18":"first","19":"instock","20":"taxable","21":"shipping-taxable","22":"purchasable","23":"product-type-simple"},"_links":{"self":[{"href":"https:\/\/craftyminis.com\/de\/wp-json\/wp\/v2\/product\/23449","targetHints":{"allow":["GET"]}}],"collection":[{"href":"https:\/\/craftyminis.com\/de\/wp-json\/wp\/v2\/product"}],"about":[{"href":"https:\/\/craftyminis.com\/de\/wp-json\/wp\/v2\/types\/product"}],"replies":[{"embeddable":true,"href":"https:\/\/craftyminis.com\/de\/wp-json\/wp\/v2\/comments?post=23449"}],"wp:featuredmedia":[{"embeddable":true,"href":"https:\/\/craftyminis.com\/de\/wp-json\/wp\/v2\/media\/23450"}],"wp:attachment":[{"href":"https:\/\/craftyminis.com\/de\/wp-json\/wp\/v2\/media?parent=23449"}],"wp:term":[{"taxonomy":"product_brand","embeddable":true,"href":"https:\/\/craftyminis.com\/de\/wp-json\/wp\/v2\/product_brand?post=23449"},{"taxonomy":"product_cat","embeddable":true,"href":"https:\/\/craftyminis.com\/de\/wp-json\/wp\/v2\/product_cat?post=23449"},{"taxonomy":"product_tag","embeddable":true,"href":"https:\/\/craftyminis.com\/de\/wp-json\/wp\/v2\/product_tag?post=23449"}],"curies":[{"name":"wp","href":"https:\/\/api.w.org\/{rel}","templated":true}]}}