{"id":23441,"date":"2024-04-23T09:13:39","date_gmt":"2024-04-23T08:13:39","guid":{"rendered":"https:\/\/craftyminis.com\/unkategorisiert\/ultra-glue\/"},"modified":"2024-04-23T09:13:39","modified_gmt":"2024-04-23T08:13:39","slug":"ultra-glue","status":"publish","type":"product","link":"https:\/\/craftyminis.com\/de\/zubehor\/klebstoffe\/ultra-glue\/","title":{"rendered":"Ultra Glue"},"content":{"rendered":"<p>Maximieren Sie die Haftung in Ihren Projekten mit <strong>Ultra Glue.<\/strong><\/p>\n<p>Dieser wasserbasierte Acrylkleber bietet au\u00dfergew\u00f6hnliche Festigkeit und ist speziell f\u00fcr das pr\u00e4zise Verkleben von ge\u00e4tzten Teilen und transparenten Elementen ohne R\u00fcckst\u00e4nde formuliert. Verpackt in einer 40-ml-Flasche, ist Ultra Glue auch perfekt f\u00fcr Karton, Architekturmodelle, lasergeschnittenes Papier oder Karton sowie Holz- und Diorama-Komponenten geeignet.<\/p>\n<p>Er kann mit einem Pinsel f\u00fcr eine pr\u00e4zise Platzierung aufgetragen, leicht mit Wasser verd\u00fcnnt und gereinigt werden, und <strong>trocknet innerhalb von 24 Stunden zu einem klaren und sauberen Finish<\/strong>.<\/p>\n","protected":false},"excerpt":{"rendered":"<p>Wasserbasierter Acrylklebstoff, <strong>perfekt f\u00fcr empfindliche Teile<\/strong> und Modellbau, trocknet klar in 24 Stunden, erh\u00e4ltlich in einer 40-mL-Flasche.<\/p>\n","protected":false},"featured_media":23442,"comment_status":"open","ping_status":"closed","template":"","meta":{"site-sidebar-layout":"default","site-content-layout":"","ast-site-content-layout":"default","site-content-style":"default","site-sidebar-style":"default","ast-global-header-display":"","ast-banner-title-visibility":"","ast-main-header-display":"","ast-hfb-above-header-display":"","ast-hfb-below-header-display":"","ast-hfb-mobile-header-display":"","site-post-title":"","ast-breadcrumbs-content":"","ast-featured-img":"","footer-sml-layout":"","ast-disable-related-posts":"","theme-transparent-header-meta":"default","adv-header-id-meta":"","stick-header-meta":"default","header-above-stick-meta":"","header-main-stick-meta":"","header-below-stick-meta":"","astra-migrate-meta-layouts":"default","ast-page-background-enabled":"default","ast-page-background-meta":{"desktop":{"background-color":"var(--ast-global-color-4)","background-image":"","background-repeat":"repeat","background-position":"center center","background-size":"auto","background-attachment":"scroll","background-type":"","background-media":"","overlay-type":"","overlay-color":"","overlay-opacity":"","overlay-gradient":""},"tablet":{"background-color":"","background-image":"","background-repeat":"repeat","background-position":"center center","background-size":"auto","background-attachment":"scroll","background-type":"","background-media":"","overlay-type":"","overlay-color":"","overlay-opacity":"","overlay-gradient":""},"mobile":{"background-color":"","background-image":"","background-repeat":"repeat","background-position":"center center","background-size":"auto","background-attachment":"scroll","background-type":"","background-media":"","overlay-type":"","overlay-color":"","overlay-opacity":"","overlay-gradient":""}},"ast-content-background-meta":{"desktop":{"background-color":"var(--ast-global-color-5)","background-image":"","background-repeat":"repeat","background-position":"center center","background-size":"auto","background-attachment":"scroll","background-type":"","background-media":"","overlay-type":"","overlay-color":"","overlay-opacity":"","overlay-gradient":""},"tablet":{"background-color":"var(--ast-global-color-5)","background-image":"","background-repeat":"repeat","background-position":"center center","background-size":"auto","background-attachment":"scroll","background-type":"","background-media":"","overlay-type":"","overlay-color":"","overlay-opacity":"","overlay-gradient":""},"mobile":{"background-color":"var(--ast-global-color-5)","background-image":"","background-repeat":"repeat","background-position":"center center","background-size":"auto","background-attachment":"scroll","background-type":"","background-media":"","overlay-type":"","overlay-color":"","overlay-opacity":"","overlay-gradient":""}}},"product_brand":[2182],"product_cat":[1587,1595,1583],"product_tag":[],"class_list":{"0":"post-23441","1":"product","2":"type-product","3":"status-publish","4":"has-post-thumbnail","6":"product_brand-ammo-mig-jimenez","7":"product_cat-klebstoffe","8":"product_cat-klebstoffe-ammo","9":"product_cat-zubehor","10":"desktop-align-left","11":"tablet-align-left","12":"mobile-align-left","13":"ast-product-gallery-layout-first-image-large","14":"ast-product-gallery-with-no-image","15":"ast-magnify-disabled","16":"ast-product-tabs-layout-accordion","18":"first","19":"instock","20":"taxable","21":"shipping-taxable","22":"purchasable","23":"product-type-simple"},"_links":{"self":[{"href":"https:\/\/craftyminis.com\/de\/wp-json\/wp\/v2\/product\/23441","targetHints":{"allow":["GET"]}}],"collection":[{"href":"https:\/\/craftyminis.com\/de\/wp-json\/wp\/v2\/product"}],"about":[{"href":"https:\/\/craftyminis.com\/de\/wp-json\/wp\/v2\/types\/product"}],"replies":[{"embeddable":true,"href":"https:\/\/craftyminis.com\/de\/wp-json\/wp\/v2\/comments?post=23441"}],"wp:featuredmedia":[{"embeddable":true,"href":"https:\/\/craftyminis.com\/de\/wp-json\/wp\/v2\/media\/23442"}],"wp:attachment":[{"href":"https:\/\/craftyminis.com\/de\/wp-json\/wp\/v2\/media?parent=23441"}],"wp:term":[{"taxonomy":"product_brand","embeddable":true,"href":"https:\/\/craftyminis.com\/de\/wp-json\/wp\/v2\/product_brand?post=23441"},{"taxonomy":"product_cat","embeddable":true,"href":"https:\/\/craftyminis.com\/de\/wp-json\/wp\/v2\/product_cat?post=23441"},{"taxonomy":"product_tag","embeddable":true,"href":"https:\/\/craftyminis.com\/de\/wp-json\/wp\/v2\/product_tag?post=23441"}],"curies":[{"name":"wp","href":"https:\/\/api.w.org\/{rel}","templated":true}]}}