{"id":23430,"date":"2024-04-23T09:40:30","date_gmt":"2024-04-23T08:40:30","guid":{"rendered":"https:\/\/craftyminis.com\/unkategorisiert\/low-residue-cyanoacrylate-gel-adhesive\/"},"modified":"2024-04-23T09:40:30","modified_gmt":"2024-04-23T08:40:30","slug":"low-residue-cyanoacrylate-gel-adhesive","status":"publish","type":"product","link":"https:\/\/craftyminis.com\/de\/zubehor\/klebstoffe\/low-residue-cyanoacrylate-gel-adhesive\/","title":{"rendered":"Low-Residue Cyanoacrylate Adhesive (Gel)"},"content":{"rendered":"<p><strong>Low-Residue Cyanoacrylate Adhesive (Gel)<\/strong>: Vielseitigkeit und Pr\u00e4zision.<\/p>\n<p>Dieser gelbasierte Cyanacrylat-Klebstoff ist perfekt f\u00fcr eine Vielzahl von Materialien, einschlie\u00dflich <strong>Kunststoffe, Metalle, Leder, Holz, Gummi und Elektronik<\/strong>. Seine r\u00fcckstandsarme Formel sorgt f\u00fcr eine saubere, dauerhafte Verbindung, ohne unerw\u00fcnschte Spuren zu hinterlassen.<\/p>\n<p>Er wird auch <strong>mit zwei Nadelspitzen geliefert<\/strong> f\u00fcr eine pr\u00e4zise Anwendung.<\/p>\n","protected":false},"excerpt":{"rendered":"<p>Low-Residue Cyanoacrylate Adhesive (Gel), perfekt f\u00fcr <strong>mehrere Oberfl\u00e4chen und pr\u00e4zise Anwendungen<\/strong>, enth\u00e4lt Nadelspitzen f\u00fcr eine genaue Anwendung.<\/p>\n","protected":false},"featured_media":23432,"comment_status":"open","ping_status":"closed","template":"","meta":{"site-sidebar-layout":"default","site-content-layout":"","ast-site-content-layout":"default","site-content-style":"default","site-sidebar-style":"default","ast-global-header-display":"","ast-banner-title-visibility":"","ast-main-header-display":"","ast-hfb-above-header-display":"","ast-hfb-below-header-display":"","ast-hfb-mobile-header-display":"","site-post-title":"","ast-breadcrumbs-content":"","ast-featured-img":"","footer-sml-layout":"","ast-disable-related-posts":"","theme-transparent-header-meta":"default","adv-header-id-meta":"","stick-header-meta":"default","header-above-stick-meta":"","header-main-stick-meta":"","header-below-stick-meta":"","astra-migrate-meta-layouts":"default","ast-page-background-enabled":"default","ast-page-background-meta":{"desktop":{"background-color":"var(--ast-global-color-4)","background-image":"","background-repeat":"repeat","background-position":"center center","background-size":"auto","background-attachment":"scroll","background-type":"","background-media":"","overlay-type":"","overlay-color":"","overlay-opacity":"","overlay-gradient":""},"tablet":{"background-color":"","background-image":"","background-repeat":"repeat","background-position":"center center","background-size":"auto","background-attachment":"scroll","background-type":"","background-media":"","overlay-type":"","overlay-color":"","overlay-opacity":"","overlay-gradient":""},"mobile":{"background-color":"","background-image":"","background-repeat":"repeat","background-position":"center center","background-size":"auto","background-attachment":"scroll","background-type":"","background-media":"","overlay-type":"","overlay-color":"","overlay-opacity":"","overlay-gradient":""}},"ast-content-background-meta":{"desktop":{"background-color":"var(--ast-global-color-5)","background-image":"","background-repeat":"repeat","background-position":"center center","background-size":"auto","background-attachment":"scroll","background-type":"","background-media":"","overlay-type":"","overlay-color":"","overlay-opacity":"","overlay-gradient":""},"tablet":{"background-color":"var(--ast-global-color-5)","background-image":"","background-repeat":"repeat","background-position":"center center","background-size":"auto","background-attachment":"scroll","background-type":"","background-media":"","overlay-type":"","overlay-color":"","overlay-opacity":"","overlay-gradient":""},"mobile":{"background-color":"var(--ast-global-color-5)","background-image":"","background-repeat":"repeat","background-position":"center center","background-size":"auto","background-attachment":"scroll","background-type":"","background-media":"","overlay-type":"","overlay-color":"","overlay-opacity":"","overlay-gradient":""}}},"product_brand":[2186],"product_cat":[1587,1596,1583],"product_tag":[],"class_list":{"0":"post-23430","1":"product","2":"type-product","3":"status-publish","4":"has-post-thumbnail","6":"product_brand-border-model","7":"product_cat-klebstoffe","8":"product_cat-klebstoffe-border-model","9":"product_cat-zubehor","10":"desktop-align-left","11":"tablet-align-left","12":"mobile-align-left","13":"ast-product-gallery-layout-first-image-large","14":"ast-product-gallery-with-no-image","15":"ast-magnify-disabled","16":"ast-product-tabs-layout-accordion","18":"first","19":"instock","20":"taxable","21":"shipping-taxable","22":"purchasable","23":"product-type-simple"},"_links":{"self":[{"href":"https:\/\/craftyminis.com\/de\/wp-json\/wp\/v2\/product\/23430","targetHints":{"allow":["GET"]}}],"collection":[{"href":"https:\/\/craftyminis.com\/de\/wp-json\/wp\/v2\/product"}],"about":[{"href":"https:\/\/craftyminis.com\/de\/wp-json\/wp\/v2\/types\/product"}],"replies":[{"embeddable":true,"href":"https:\/\/craftyminis.com\/de\/wp-json\/wp\/v2\/comments?post=23430"}],"wp:featuredmedia":[{"embeddable":true,"href":"https:\/\/craftyminis.com\/de\/wp-json\/wp\/v2\/media\/23432"}],"wp:attachment":[{"href":"https:\/\/craftyminis.com\/de\/wp-json\/wp\/v2\/media?parent=23430"}],"wp:term":[{"taxonomy":"product_brand","embeddable":true,"href":"https:\/\/craftyminis.com\/de\/wp-json\/wp\/v2\/product_brand?post=23430"},{"taxonomy":"product_cat","embeddable":true,"href":"https:\/\/craftyminis.com\/de\/wp-json\/wp\/v2\/product_cat?post=23430"},{"taxonomy":"product_tag","embeddable":true,"href":"https:\/\/craftyminis.com\/de\/wp-json\/wp\/v2\/product_tag?post=23430"}],"curies":[{"name":"wp","href":"https:\/\/api.w.org\/{rel}","templated":true}]}}