{"id":23373,"date":"2024-04-24T11:53:37","date_gmt":"2024-04-24T10:53:37","guid":{"rendered":"https:\/\/craftyminis.com\/unkategorisiert\/ral-7021-dark-grey-a-mig-0008\/"},"modified":"2024-04-24T11:53:37","modified_gmt":"2024-04-24T10:53:37","slug":"ral-7021-dark-grey-a-mig-0008","status":"publish","type":"product","link":"https:\/\/craftyminis.com\/de\/farben\/ral-7021-dark-grey-a-mig-0008\/","title":{"rendered":"RAL 7021 Dark Grey A.MIG-0008"},"content":{"rendered":"<p>Perfektionieren Sie Ihre Miniaturen und Modelle mit <strong>RAL 7021 Dunkelgrau A.MIG-0008 Acrylfarbe.<br \/>\n<\/strong><\/p>\n<p>Diese Acrylfarbe ist ideal f\u00fcr die Modellierung von Fahrzeugen der deutschen Armee und repliziert die Basisfarbe RAL 7021, die bis Februar 1943 verwendet wurde.<\/p>\n<p>Ihre optimierte Formel erm\u00f6glicht eine effektive Anwendung sowohl mit Pinsel als auch mit Airbrush und sorgt f\u00fcr eine gleichm\u00e4\u00dfige und pr\u00e4zise Deckkraft. Die Farbe, in einer 17 ml Flasche, enth\u00e4lt einen Ma\u00dfstabsreduktions-Effekt, um sicherzustellen, dass die Farbe auf Modellen im Ma\u00dfstab authentisch wirkt. Wasserl\u00f6slich, geruchlos und ungiftig, wird die Verwendung eines Acrylverd\u00fcnners f\u00fcr die richtige Aufl\u00f6sung empfohlen.<\/p>\n<p>Trocknet vollst\u00e4ndig in 24 Stunden und gew\u00e4hrleistet ein langlebiges und professionelles Finish.<\/p>\n<p>Integrieren Sie die RAL 7021 Dunkelgrau Acrylfarbe von AMMO MIG in Ihr Farbsortiment, um die <strong>Details und den Realismus Ihrer Miniaturen und Dioramen zu verbessern<\/strong>.<\/p>\n","protected":false},"excerpt":{"rendered":"<p>Acrylfarbe RAL 7021 Dunkelgrau 17 mL, ideal f\u00fcr <strong>milit\u00e4risches Modellieren und Miniaturmalerei<\/strong>, mit optimierter Formel f\u00fcr Pinsel und Airbrush, Skalierungsreduzierungseffekt f\u00fcr erh\u00f6hte Realit\u00e4tsn\u00e4he.<\/p>\n","protected":false},"featured_media":23374,"comment_status":"open","ping_status":"closed","template":"","meta":{"site-sidebar-layout":"default","site-content-layout":"","ast-site-content-layout":"default","site-content-style":"default","site-sidebar-style":"default","ast-global-header-display":"","ast-banner-title-visibility":"","ast-main-header-display":"","ast-hfb-above-header-display":"","ast-hfb-below-header-display":"","ast-hfb-mobile-header-display":"","site-post-title":"","ast-breadcrumbs-content":"","ast-featured-img":"","footer-sml-layout":"","ast-disable-related-posts":"","theme-transparent-header-meta":"default","adv-header-id-meta":"","stick-header-meta":"default","header-above-stick-meta":"","header-main-stick-meta":"","header-below-stick-meta":"","astra-migrate-meta-layouts":"default","ast-page-background-enabled":"default","ast-page-background-meta":{"desktop":{"background-color":"var(--ast-global-color-4)","background-image":"","background-repeat":"repeat","background-position":"center center","background-size":"auto","background-attachment":"scroll","background-type":"","background-media":"","overlay-type":"","overlay-color":"","overlay-opacity":"","overlay-gradient":""},"tablet":{"background-color":"","background-image":"","background-repeat":"repeat","background-position":"center center","background-size":"auto","background-attachment":"scroll","background-type":"","background-media":"","overlay-type":"","overlay-color":"","overlay-opacity":"","overlay-gradient":""},"mobile":{"background-color":"","background-image":"","background-repeat":"repeat","background-position":"center center","background-size":"auto","background-attachment":"scroll","background-type":"","background-media":"","overlay-type":"","overlay-color":"","overlay-opacity":"","overlay-gradient":""}},"ast-content-background-meta":{"desktop":{"background-color":"var(--ast-global-color-5)","background-image":"","background-repeat":"repeat","background-position":"center center","background-size":"auto","background-attachment":"scroll","background-type":"","background-media":"","overlay-type":"","overlay-color":"","overlay-opacity":"","overlay-gradient":""},"tablet":{"background-color":"var(--ast-global-color-5)","background-image":"","background-repeat":"repeat","background-position":"center center","background-size":"auto","background-attachment":"scroll","background-type":"","background-media":"","overlay-type":"","overlay-color":"","overlay-opacity":"","overlay-gradient":""},"mobile":{"background-color":"var(--ast-global-color-5)","background-image":"","background-repeat":"repeat","background-position":"center center","background-size":"auto","background-attachment":"scroll","background-type":"","background-media":"","overlay-type":"","overlay-color":"","overlay-opacity":"","overlay-gradient":""}}},"product_brand":[2182],"product_cat":[1948,2119,2108],"product_tag":[],"class_list":{"0":"post-23373","1":"product","2":"type-product","3":"status-publish","4":"has-post-thumbnail","6":"product_brand-ammo-mig-jimenez","7":"product_cat-farben","8":"product_cat-a-mig-acrylics-ammo","9":"product_cat-acrylfarben","10":"desktop-align-left","11":"tablet-align-left","12":"mobile-align-left","13":"ast-product-gallery-layout-first-image-large","14":"ast-product-gallery-with-no-image","15":"ast-magnify-disabled","16":"ast-product-tabs-layout-accordion","18":"first","19":"instock","20":"sale","21":"taxable","22":"shipping-taxable","23":"purchasable","24":"product-type-simple"},"_links":{"self":[{"href":"https:\/\/craftyminis.com\/de\/wp-json\/wp\/v2\/product\/23373","targetHints":{"allow":["GET"]}}],"collection":[{"href":"https:\/\/craftyminis.com\/de\/wp-json\/wp\/v2\/product"}],"about":[{"href":"https:\/\/craftyminis.com\/de\/wp-json\/wp\/v2\/types\/product"}],"replies":[{"embeddable":true,"href":"https:\/\/craftyminis.com\/de\/wp-json\/wp\/v2\/comments?post=23373"}],"wp:featuredmedia":[{"embeddable":true,"href":"https:\/\/craftyminis.com\/de\/wp-json\/wp\/v2\/media\/23374"}],"wp:attachment":[{"href":"https:\/\/craftyminis.com\/de\/wp-json\/wp\/v2\/media?parent=23373"}],"wp:term":[{"taxonomy":"product_brand","embeddable":true,"href":"https:\/\/craftyminis.com\/de\/wp-json\/wp\/v2\/product_brand?post=23373"},{"taxonomy":"product_cat","embeddable":true,"href":"https:\/\/craftyminis.com\/de\/wp-json\/wp\/v2\/product_cat?post=23373"},{"taxonomy":"product_tag","embeddable":true,"href":"https:\/\/craftyminis.com\/de\/wp-json\/wp\/v2\/product_tag?post=23373"}],"curies":[{"name":"wp","href":"https:\/\/api.w.org\/{rel}","templated":true}]}}