{"id":23149,"date":"2024-04-25T08:05:58","date_gmt":"2024-04-25T07:05:58","guid":{"rendered":"https:\/\/craftyminis.com\/unkategorisiert\/warm-yellow-arena-a-mig-0061\/"},"modified":"2024-04-25T08:05:58","modified_gmt":"2024-04-25T07:05:58","slug":"warm-yellow-arena-a-mig-0061","status":"publish","type":"product","link":"https:\/\/craftyminis.com\/de\/farben\/warm-yellow-arena-a-mig-0061\/","title":{"rendered":"Warm-Yellow Arena A.MIG-0061"},"content":{"rendered":"<p>Perfektionieren Sie Ihre Miniaturen und Modelle mit <strong>Acrylfarbe\u00a0<\/strong><strong>Warm Sand-Gelb A.MIG-0061.<\/strong><\/p>\n<p>Diese Acrylfarbe in Gr\u00fcn ist \u00e4u\u00dferst vielseitig und perfekt geeignet, um eine Vielzahl moderner russischer Fahrzeuge zu tarnen, darunter T-72, T-80, T-62 Panzer sowie BMP-2, BMP-1 und BTR-80 gepanzerte Fahrzeuge. Ihr Farbton wurde sorgf\u00e4ltig ausgew\u00e4hlt, um die in der realen Tarnung verwendete Farbe genau zu replizieren und Modellbauern die M\u00f6glichkeit zu bieten, das Aussehen dieser ikonischen Milit\u00e4rfahrzeuge authentisch nachzubilden.<\/p>\n<p>Die optimierte Formel erm\u00f6glicht eine effektive Anwendung sowohl mit Pinsel als auch mit Airbrush und sorgt f\u00fcr eine gleichm\u00e4\u00dfige und pr\u00e4zise Abdeckung. Die Farbe, erh\u00e4ltlich in einer 17-ml-Flasche, enth\u00e4lt einen Ma\u00dfstabsreduktions-Effekt, um sicherzustellen, dass die Farbe auf Modellen ma\u00dfstabsgetreu wirkt. Wasserl\u00f6slich, geruchlos und ungiftig, wird die Verwendung eines Acrylverd\u00fcnners f\u00fcr die richtige Verd\u00fcnnung empfohlen.<\/p>\n<p>Trocknet vollst\u00e4ndig in 24 Stunden und gew\u00e4hrleistet ein langlebiges und professionelles Finish.<\/p>\n<p>Integrieren Sie die Warm Sand-Gelb Acrylfarbe von AMMO MIG in Ihr Farbsortiment, um die <strong>Details und den Realismus Ihrer Miniaturen und Dioramen zu verbessern<\/strong>.<\/p>\n","protected":false},"excerpt":{"rendered":"<p>Warme Gelbe Sand Acrylfarbe 17 mL, ideal f\u00fcr <strong>milit\u00e4risches Modellieren und Miniaturmalerei<\/strong>, mit optimierter Formel f\u00fcr Pinsel und Airbrush, Ma\u00dfstabsreduzierungseffekt f\u00fcr verbesserte Realit\u00e4tsn\u00e4he.<\/p>\n","protected":false},"featured_media":23150,"comment_status":"open","ping_status":"closed","template":"","meta":{"site-sidebar-layout":"default","site-content-layout":"","ast-site-content-layout":"default","site-content-style":"default","site-sidebar-style":"default","ast-global-header-display":"","ast-banner-title-visibility":"","ast-main-header-display":"","ast-hfb-above-header-display":"","ast-hfb-below-header-display":"","ast-hfb-mobile-header-display":"","site-post-title":"","ast-breadcrumbs-content":"","ast-featured-img":"","footer-sml-layout":"","ast-disable-related-posts":"","theme-transparent-header-meta":"default","adv-header-id-meta":"","stick-header-meta":"default","header-above-stick-meta":"","header-main-stick-meta":"","header-below-stick-meta":"","astra-migrate-meta-layouts":"default","ast-page-background-enabled":"default","ast-page-background-meta":{"desktop":{"background-color":"var(--ast-global-color-4)","background-image":"","background-repeat":"repeat","background-position":"center center","background-size":"auto","background-attachment":"scroll","background-type":"","background-media":"","overlay-type":"","overlay-color":"","overlay-opacity":"","overlay-gradient":""},"tablet":{"background-color":"","background-image":"","background-repeat":"repeat","background-position":"center center","background-size":"auto","background-attachment":"scroll","background-type":"","background-media":"","overlay-type":"","overlay-color":"","overlay-opacity":"","overlay-gradient":""},"mobile":{"background-color":"","background-image":"","background-repeat":"repeat","background-position":"center center","background-size":"auto","background-attachment":"scroll","background-type":"","background-media":"","overlay-type":"","overlay-color":"","overlay-opacity":"","overlay-gradient":""}},"ast-content-background-meta":{"desktop":{"background-color":"var(--ast-global-color-5)","background-image":"","background-repeat":"repeat","background-position":"center center","background-size":"auto","background-attachment":"scroll","background-type":"","background-media":"","overlay-type":"","overlay-color":"","overlay-opacity":"","overlay-gradient":""},"tablet":{"background-color":"var(--ast-global-color-5)","background-image":"","background-repeat":"repeat","background-position":"center center","background-size":"auto","background-attachment":"scroll","background-type":"","background-media":"","overlay-type":"","overlay-color":"","overlay-opacity":"","overlay-gradient":""},"mobile":{"background-color":"var(--ast-global-color-5)","background-image":"","background-repeat":"repeat","background-position":"center center","background-size":"auto","background-attachment":"scroll","background-type":"","background-media":"","overlay-type":"","overlay-color":"","overlay-opacity":"","overlay-gradient":""}}},"product_brand":[2182],"product_cat":[1948,2119,2108],"product_tag":[],"class_list":{"0":"post-23149","1":"product","2":"type-product","3":"status-publish","4":"has-post-thumbnail","6":"product_brand-ammo-mig-jimenez","7":"product_cat-farben","8":"product_cat-a-mig-acrylics-ammo","9":"product_cat-acrylfarben","10":"desktop-align-left","11":"tablet-align-left","12":"mobile-align-left","13":"ast-product-gallery-layout-first-image-large","14":"ast-product-gallery-with-no-image","15":"ast-magnify-disabled","16":"ast-product-tabs-layout-accordion","18":"first","19":"instock","20":"sale","21":"taxable","22":"shipping-taxable","23":"purchasable","24":"product-type-simple"},"_links":{"self":[{"href":"https:\/\/craftyminis.com\/de\/wp-json\/wp\/v2\/product\/23149","targetHints":{"allow":["GET"]}}],"collection":[{"href":"https:\/\/craftyminis.com\/de\/wp-json\/wp\/v2\/product"}],"about":[{"href":"https:\/\/craftyminis.com\/de\/wp-json\/wp\/v2\/types\/product"}],"replies":[{"embeddable":true,"href":"https:\/\/craftyminis.com\/de\/wp-json\/wp\/v2\/comments?post=23149"}],"wp:featuredmedia":[{"embeddable":true,"href":"https:\/\/craftyminis.com\/de\/wp-json\/wp\/v2\/media\/23150"}],"wp:attachment":[{"href":"https:\/\/craftyminis.com\/de\/wp-json\/wp\/v2\/media?parent=23149"}],"wp:term":[{"taxonomy":"product_brand","embeddable":true,"href":"https:\/\/craftyminis.com\/de\/wp-json\/wp\/v2\/product_brand?post=23149"},{"taxonomy":"product_cat","embeddable":true,"href":"https:\/\/craftyminis.com\/de\/wp-json\/wp\/v2\/product_cat?post=23149"},{"taxonomy":"product_tag","embeddable":true,"href":"https:\/\/craftyminis.com\/de\/wp-json\/wp\/v2\/product_tag?post=23149"}],"curies":[{"name":"wp","href":"https:\/\/api.w.org\/{rel}","templated":true}]}}