{"id":22793,"date":"2024-04-26T17:44:37","date_gmt":"2024-04-26T16:44:37","guid":{"rendered":"https:\/\/craftyminis.com\/unkategorisiert\/turquoise-green-interior-a-mig-0223\/"},"modified":"2024-04-26T17:44:37","modified_gmt":"2024-04-26T16:44:37","slug":"turquoise-green-interior-a-mig-0223","status":"publish","type":"product","link":"https:\/\/craftyminis.com\/de\/farben\/turquoise-green-interior-a-mig-0223\/","title":{"rendered":"Turquoise Green Interior A.MIG-0223"},"content":{"rendered":"<p>Perfektionieren Sie Ihre Miniaturen und Modellbau mit <strong>Acrylfarbe <\/strong><strong>Interior Turquoise Green A.MIG-0223.<\/strong><\/p>\n<div class=\"flex flex-grow flex-col max-w-full\">\n<div class=\"min-h-[20px] text-message flex flex-col items-start gap-3 whitespace-pre-wrap break-words [.text-message+&amp;]:mt-5 overflow-x-auto\" dir=\"auto\" data-message-author-role=\"assistant\" data-message-id=\"a40ed529-1742-4a93-878a-21eb2b8a3a1c\">\n<div class=\"markdown prose w-full break-words dark:prose-invert light\">\n<p>Diese Farbe ist spezifisch f\u00fcr Cockpits moderner russischer Flugzeuge und wird bei Modellen wie MiG-21, MiG-23, MiG-25, MiG-27, MiG-31, fr\u00fchen MiG-29 sowie den Hubschraubern Mi-8 und Mi-24 verwendet. Sie kommt auch bei SCUD-Fahrzeugen zum Einsatz.<\/p>\n<\/div>\n<\/div>\n<\/div>\n<p>Die optimierte Formel erm\u00f6glicht eine effektive Anwendung sowohl mit Pinsel als auch mit Airbrush und sorgt f\u00fcr eine gleichm\u00e4\u00dfige und pr\u00e4zise Deckung. Die Farbe, geliefert in einem 17 ml Glas, enth\u00e4lt einen Ma\u00dfstabsreduktions-Effekt, der sicherstellt, dass die Farbe auf den Modellen authentisch wirkt. Wasserl\u00f6slich, geruchlos und ungiftig, wird die Verwendung eines Acrylverd\u00fcnners zur richtigen Verd\u00fcnnung empfohlen.<\/p>\n<p>Trocknet vollst\u00e4ndig in 24 Stunden und garantiert ein langlebiges und professionelles Finish.<\/p>\n<p>Integrieren Sie die AMMO MIG Interior Turquoise Green Acrylfarbe in Ihr Farbsortiment, um die <strong>Details und den Realismus Ihrer Miniaturen und Dioramen zu verbessern<\/strong>.<\/p>\n","protected":false},"excerpt":{"rendered":"<p>T\u00fcrkisgr\u00fcne Innen-Acrylfarbe, 17 mL, ideal f\u00fcr <strong>modelismo militar y pintura de miniaturas<\/strong>, mit einer f\u00fcr Pinsel und Airbrush optimierten Formel, Ma\u00dfstabsreduzierungseffekt f\u00fcr verbesserte Realit\u00e4tsn\u00e4he.<\/p>\n","protected":false},"featured_media":22794,"comment_status":"open","ping_status":"closed","template":"","meta":{"site-sidebar-layout":"default","site-content-layout":"","ast-site-content-layout":"default","site-content-style":"default","site-sidebar-style":"default","ast-global-header-display":"","ast-banner-title-visibility":"","ast-main-header-display":"","ast-hfb-above-header-display":"","ast-hfb-below-header-display":"","ast-hfb-mobile-header-display":"","site-post-title":"","ast-breadcrumbs-content":"","ast-featured-img":"","footer-sml-layout":"","ast-disable-related-posts":"","theme-transparent-header-meta":"default","adv-header-id-meta":"","stick-header-meta":"default","header-above-stick-meta":"","header-main-stick-meta":"","header-below-stick-meta":"","astra-migrate-meta-layouts":"default","ast-page-background-enabled":"default","ast-page-background-meta":{"desktop":{"background-color":"var(--ast-global-color-4)","background-image":"","background-repeat":"repeat","background-position":"center center","background-size":"auto","background-attachment":"scroll","background-type":"","background-media":"","overlay-type":"","overlay-color":"","overlay-opacity":"","overlay-gradient":""},"tablet":{"background-color":"","background-image":"","background-repeat":"repeat","background-position":"center center","background-size":"auto","background-attachment":"scroll","background-type":"","background-media":"","overlay-type":"","overlay-color":"","overlay-opacity":"","overlay-gradient":""},"mobile":{"background-color":"","background-image":"","background-repeat":"repeat","background-position":"center center","background-size":"auto","background-attachment":"scroll","background-type":"","background-media":"","overlay-type":"","overlay-color":"","overlay-opacity":"","overlay-gradient":""}},"ast-content-background-meta":{"desktop":{"background-color":"var(--ast-global-color-5)","background-image":"","background-repeat":"repeat","background-position":"center center","background-size":"auto","background-attachment":"scroll","background-type":"","background-media":"","overlay-type":"","overlay-color":"","overlay-opacity":"","overlay-gradient":""},"tablet":{"background-color":"var(--ast-global-color-5)","background-image":"","background-repeat":"repeat","background-position":"center center","background-size":"auto","background-attachment":"scroll","background-type":"","background-media":"","overlay-type":"","overlay-color":"","overlay-opacity":"","overlay-gradient":""},"mobile":{"background-color":"var(--ast-global-color-5)","background-image":"","background-repeat":"repeat","background-position":"center center","background-size":"auto","background-attachment":"scroll","background-type":"","background-media":"","overlay-type":"","overlay-color":"","overlay-opacity":"","overlay-gradient":""}}},"product_brand":[2182],"product_cat":[1948,2119,2108],"product_tag":[],"class_list":{"0":"post-22793","1":"product","2":"type-product","3":"status-publish","4":"has-post-thumbnail","6":"product_brand-ammo-mig-jimenez","7":"product_cat-farben","8":"product_cat-a-mig-acrylics-ammo","9":"product_cat-acrylfarben","10":"desktop-align-left","11":"tablet-align-left","12":"mobile-align-left","13":"ast-product-gallery-layout-first-image-large","14":"ast-product-gallery-with-no-image","15":"ast-magnify-disabled","16":"ast-product-tabs-layout-accordion","18":"first","19":"instock","20":"sale","21":"taxable","22":"shipping-taxable","23":"purchasable","24":"product-type-simple"},"_links":{"self":[{"href":"https:\/\/craftyminis.com\/de\/wp-json\/wp\/v2\/product\/22793","targetHints":{"allow":["GET"]}}],"collection":[{"href":"https:\/\/craftyminis.com\/de\/wp-json\/wp\/v2\/product"}],"about":[{"href":"https:\/\/craftyminis.com\/de\/wp-json\/wp\/v2\/types\/product"}],"replies":[{"embeddable":true,"href":"https:\/\/craftyminis.com\/de\/wp-json\/wp\/v2\/comments?post=22793"}],"wp:featuredmedia":[{"embeddable":true,"href":"https:\/\/craftyminis.com\/de\/wp-json\/wp\/v2\/media\/22794"}],"wp:attachment":[{"href":"https:\/\/craftyminis.com\/de\/wp-json\/wp\/v2\/media?parent=22793"}],"wp:term":[{"taxonomy":"product_brand","embeddable":true,"href":"https:\/\/craftyminis.com\/de\/wp-json\/wp\/v2\/product_brand?post=22793"},{"taxonomy":"product_cat","embeddable":true,"href":"https:\/\/craftyminis.com\/de\/wp-json\/wp\/v2\/product_cat?post=22793"},{"taxonomy":"product_tag","embeddable":true,"href":"https:\/\/craftyminis.com\/de\/wp-json\/wp\/v2\/product_tag?post=22793"}],"curies":[{"name":"wp","href":"https:\/\/api.w.org\/{rel}","templated":true}]}}