{"id":22673,"date":"2024-04-28T09:57:52","date_gmt":"2024-04-28T07:57:52","guid":{"rendered":"https:\/\/craftyminis.com\/unkategorisiert\/basic-skin-tone-acrylic-color-ammo-f-549\/"},"modified":"2024-04-28T09:57:52","modified_gmt":"2024-04-28T08:57:52","slug":"basic-skin-tone-acrylic-color-ammo-f-549","status":"publish","type":"product","link":"https:\/\/craftyminis.com\/de\/farben\/basic-skin-tone-acrylic-color-ammo-f-549\/","title":{"rendered":"Basic Skin Tone AMMO.F-549"},"content":{"rendered":"<p>Perfektionieren Sie Ihre Miniaturen und Modelle mit dem Grundlegende Hautfarbige Acrylfarbe AMMO.F-549.<\/strong><\/p>\n<p>Diese Grund-Hautfarbe ist speziell f\u00fcr das Bemalen von Figuren formuliert und erm\u00f6glicht es Ihnen, authentische Grund-Hautt\u00f6ne auf Gesichter und freiliegende Teile aufzutragen. Dar\u00fcber hinaus macht ihre Vielseitigkeit sie ideal zum Bemalen von Zubeh\u00f6r und kleinen Details.<\/p>\n<p>Die optimierte Formel erlaubt eine effektive Anwendung sowohl mit Pinsel als auch mit Airbrush und sorgt f\u00fcr eine gleichm\u00e4\u00dfige und pr\u00e4zise Abdeckung. Die Farbe, erh\u00e4ltlich in einer 17 ml Flasche, enth\u00e4lt einen Ma\u00dfstabsreduktions-Effekt, um sicherzustellen, dass die Farbe auf Modellma\u00dfst\u00e4ben authentisch erscheint. Wasserl\u00f6slich, geruchlos und ungiftig, wird empfohlen, einen Acrylverd\u00fcnner f\u00fcr die richtige Verd\u00fcnnung zu verwenden.<\/p>\n<p>Trocknet innerhalb von 24 Stunden vollst\u00e4ndig und gew\u00e4hrleistet ein haltbares und professionelles Finish.<\/p>\n<p>F\u00fcgen Sie die Basic Skin Tone Acrylfarbe von AMMO MIG zu Ihrem Malset hinzu, um die <strong>Details und den Realismus Ihrer Miniaturen und Dioramen zu verbessern<\/strong>.<\/p>\n","protected":false},"excerpt":{"rendered":"<p>Acrylfarbe Basic Skin Tone, 17 mL, ideal f\u00fcr <strong>milit\u00e4risches Modellieren und Miniaturmalerei<\/strong>, mit einer optimierten Formel f\u00fcr Pinsel- und Airbrush-Anwendung sowie einem Skalierungsreduzierungseffekt f\u00fcr verbesserte Realit\u00e4tsn\u00e4he.<\/p>\n","protected":false},"featured_media":22674,"comment_status":"open","ping_status":"closed","template":"","meta":{"site-sidebar-layout":"default","site-content-layout":"","ast-site-content-layout":"default","site-content-style":"default","site-sidebar-style":"default","ast-global-header-display":"","ast-banner-title-visibility":"","ast-main-header-display":"","ast-hfb-above-header-display":"","ast-hfb-below-header-display":"","ast-hfb-mobile-header-display":"","site-post-title":"","ast-breadcrumbs-content":"","ast-featured-img":"","footer-sml-layout":"","ast-disable-related-posts":"","theme-transparent-header-meta":"default","adv-header-id-meta":"","stick-header-meta":"default","header-above-stick-meta":"","header-main-stick-meta":"","header-below-stick-meta":"","astra-migrate-meta-layouts":"default","ast-page-background-enabled":"default","ast-page-background-meta":{"desktop":{"background-color":"var(--ast-global-color-4)","background-image":"","background-repeat":"repeat","background-position":"center center","background-size":"auto","background-attachment":"scroll","background-type":"","background-media":"","overlay-type":"","overlay-color":"","overlay-opacity":"","overlay-gradient":""},"tablet":{"background-color":"","background-image":"","background-repeat":"repeat","background-position":"center center","background-size":"auto","background-attachment":"scroll","background-type":"","background-media":"","overlay-type":"","overlay-color":"","overlay-opacity":"","overlay-gradient":""},"mobile":{"background-color":"","background-image":"","background-repeat":"repeat","background-position":"center center","background-size":"auto","background-attachment":"scroll","background-type":"","background-media":"","overlay-type":"","overlay-color":"","overlay-opacity":"","overlay-gradient":""}},"ast-content-background-meta":{"desktop":{"background-color":"var(--ast-global-color-5)","background-image":"","background-repeat":"repeat","background-position":"center center","background-size":"auto","background-attachment":"scroll","background-type":"","background-media":"","overlay-type":"","overlay-color":"","overlay-opacity":"","overlay-gradient":""},"tablet":{"background-color":"var(--ast-global-color-5)","background-image":"","background-repeat":"repeat","background-position":"center center","background-size":"auto","background-attachment":"scroll","background-type":"","background-media":"","overlay-type":"","overlay-color":"","overlay-opacity":"","overlay-gradient":""},"mobile":{"background-color":"var(--ast-global-color-5)","background-image":"","background-repeat":"repeat","background-position":"center center","background-size":"auto","background-attachment":"scroll","background-type":"","background-media":"","overlay-type":"","overlay-color":"","overlay-opacity":"","overlay-gradient":""}}},"product_brand":[2182],"product_cat":[1948,2119,2108],"product_tag":[],"class_list":{"0":"post-22673","1":"product","2":"type-product","3":"status-publish","4":"has-post-thumbnail","6":"product_brand-ammo-mig-jimenez","7":"product_cat-farben","8":"product_cat-a-mig-acrylics-ammo","9":"product_cat-acrylfarben","10":"desktop-align-left","11":"tablet-align-left","12":"mobile-align-left","13":"ast-product-gallery-layout-first-image-large","14":"ast-product-gallery-with-no-image","15":"ast-magnify-disabled","16":"ast-product-tabs-layout-accordion","18":"first","19":"instock","20":"sale","21":"taxable","22":"shipping-taxable","23":"purchasable","24":"product-type-simple"},"_links":{"self":[{"href":"https:\/\/craftyminis.com\/de\/wp-json\/wp\/v2\/product\/22673","targetHints":{"allow":["GET"]}}],"collection":[{"href":"https:\/\/craftyminis.com\/de\/wp-json\/wp\/v2\/product"}],"about":[{"href":"https:\/\/craftyminis.com\/de\/wp-json\/wp\/v2\/types\/product"}],"replies":[{"embeddable":true,"href":"https:\/\/craftyminis.com\/de\/wp-json\/wp\/v2\/comments?post=22673"}],"wp:featuredmedia":[{"embeddable":true,"href":"https:\/\/craftyminis.com\/de\/wp-json\/wp\/v2\/media\/22674"}],"wp:attachment":[{"href":"https:\/\/craftyminis.com\/de\/wp-json\/wp\/v2\/media?parent=22673"}],"wp:term":[{"taxonomy":"product_brand","embeddable":true,"href":"https:\/\/craftyminis.com\/de\/wp-json\/wp\/v2\/product_brand?post=22673"},{"taxonomy":"product_cat","embeddable":true,"href":"https:\/\/craftyminis.com\/de\/wp-json\/wp\/v2\/product_cat?post=22673"},{"taxonomy":"product_tag","embeddable":true,"href":"https:\/\/craftyminis.com\/de\/wp-json\/wp\/v2\/product_tag?post=22673"}],"curies":[{"name":"wp","href":"https:\/\/api.w.org\/{rel}","templated":true}]}}