{"id":22614,"date":"2024-04-16T07:50:29","date_gmt":"2024-04-16T06:50:29","guid":{"rendered":"https:\/\/craftyminis.com\/unkategorisiert\/templar-white-xpress-paint-vallejo-72401\/"},"modified":"2024-04-16T07:50:29","modified_gmt":"2024-04-16T06:50:29","slug":"templar-white-xpress-paint-vallejo-72401","status":"publish","type":"product","link":"https:\/\/craftyminis.com\/de\/farben\/templar-white-xpress-paint-vallejo-72401\/","title":{"rendered":"Templar White Xpress 72401 Game Color Vallejo"},"content":{"rendered":"<p>Entdecken Sie die M\u00f6glichkeiten mit Vallejo <strong>Templar White Xpress Paint<\/strong>. Wenn die Aufgabe darin besteht, viele Miniaturen effizient zu bemalen, ist Xpress Color Ihre beste Wahl. Diese matten Farben sind speziell entwickelt, um den Malprozess zu vereinfachen und zu beschleunigen. Dank ihrer bemerkenswerten Kapillarwirkung flie\u00dfen sie glatt \u00fcber Oberfl\u00e4chen, setzen sich in Texturen ab und vertiefen Vertiefungen, um Details und Kontraste mit nur einem Anstrich zu verst\u00e4rken.<\/p>\n<p>Diese Farbe erzielt au\u00dfergew\u00f6hnliche Ergebnisse auf grundierten Fl\u00e4chen in Wei\u00df oder Grau und hebt die Details Ihrer Miniaturen sichtbar hervor. Sie hellt erhabene Bereiche auf, bereichert Mittelt\u00f6ne und vertieft Schatten in Vertiefungen f\u00fcr ein beeindruckendes und lebensechtes Finish.<\/p>\n<p><strong>Velvet Red<\/strong> ist kompatibel mit der gesamten Xpress Color-Reihe, sodass Sie mit sanften Schattierungseffekten und weichen Farbverl\u00e4ufen experimentieren k\u00f6nnen. Sie ist auch ideal f\u00fcr Techniken wie Lasieren und Filtern.<\/p>\n<p><strong>Mischen und Anwendung:<\/strong><br \/>\nObwohl sie perfekt f\u00fcr die Pinselverwendung geeignet ist, kann sie auch mit einer Airbrush aufgetragen werden, indem sie mit Xpress Thinner Medium gemischt wird, um die Konsistenz an Ihre Bed\u00fcrfnisse anzupassen.<\/p>\n<p><strong>Praktische Verpackung:<\/strong><br \/>\nErh\u00e4ltlich in 18 ml Tropfflaschen, bleibt diese Farbe frisch und gebrauchsfertig, vermeidet Verschwendung und Verdunstung.<\/p>\n<p>F\u00fcgen Sie Vallejo <strong>Templar White Xpress Paint<\/strong> Ihrem Malset hinzu, um subtile Schattierungs- und Hervorhebungseffekte, Lasuren oder Filter zu erzeugen und nahtlose \u00dcberg\u00e4nge zwischen Farbt\u00f6nen zu schaffen.<\/p>\n","protected":false},"excerpt":{"rendered":"<p>Entdecken Sie Vallejo Templar White, eine <strong>express Acrylfarbe f\u00fcr Miniaturen<\/strong>, die das Malen einfach und schnell macht. Perfekt f\u00fcr Pinsel- und Airbrush-Anwendungen.<\/p>\n","protected":false},"featured_media":22616,"comment_status":"open","ping_status":"closed","template":"","meta":{"site-sidebar-layout":"default","site-content-layout":"","ast-site-content-layout":"default","site-content-style":"default","site-sidebar-style":"default","ast-global-header-display":"","ast-banner-title-visibility":"","ast-main-header-display":"","ast-hfb-above-header-display":"","ast-hfb-below-header-display":"","ast-hfb-mobile-header-display":"","site-post-title":"","ast-breadcrumbs-content":"","ast-featured-img":"","footer-sml-layout":"","ast-disable-related-posts":"","theme-transparent-header-meta":"default","adv-header-id-meta":"","stick-header-meta":"default","header-above-stick-meta":"","header-main-stick-meta":"","header-below-stick-meta":"","astra-migrate-meta-layouts":"default","ast-page-background-enabled":"default","ast-page-background-meta":{"desktop":{"background-color":"var(--ast-global-color-4)","background-image":"","background-repeat":"repeat","background-position":"center center","background-size":"auto","background-attachment":"scroll","background-type":"","background-media":"","overlay-type":"","overlay-color":"","overlay-opacity":"","overlay-gradient":""},"tablet":{"background-color":"","background-image":"","background-repeat":"repeat","background-position":"center center","background-size":"auto","background-attachment":"scroll","background-type":"","background-media":"","overlay-type":"","overlay-color":"","overlay-opacity":"","overlay-gradient":""},"mobile":{"background-color":"","background-image":"","background-repeat":"repeat","background-position":"center center","background-size":"auto","background-attachment":"scroll","background-type":"","background-media":"","overlay-type":"","overlay-color":"","overlay-opacity":"","overlay-gradient":""}},"ast-content-background-meta":{"desktop":{"background-color":"var(--ast-global-color-5)","background-image":"","background-repeat":"repeat","background-position":"center center","background-size":"auto","background-attachment":"scroll","background-type":"","background-media":"","overlay-type":"","overlay-color":"","overlay-opacity":"","overlay-gradient":""},"tablet":{"background-color":"var(--ast-global-color-5)","background-image":"","background-repeat":"repeat","background-position":"center center","background-size":"auto","background-attachment":"scroll","background-type":"","background-media":"","overlay-type":"","overlay-color":"","overlay-opacity":"","overlay-gradient":""},"mobile":{"background-color":"var(--ast-global-color-5)","background-image":"","background-repeat":"repeat","background-position":"center center","background-size":"auto","background-attachment":"scroll","background-type":"","background-media":"","overlay-type":"","overlay-color":"","overlay-opacity":"","overlay-gradient":""}}},"product_brand":[2242],"product_cat":[1948,2108,2146],"product_tag":[],"class_list":{"0":"post-22614","1":"product","2":"type-product","3":"status-publish","4":"has-post-thumbnail","6":"product_brand-vallejo","7":"product_cat-farben","8":"product_cat-acrylfarben","9":"product_cat-xpress-color-vallejo","10":"desktop-align-left","11":"tablet-align-left","12":"mobile-align-left","13":"ast-product-gallery-layout-first-image-large","14":"ast-product-gallery-with-no-image","15":"ast-magnify-disabled","16":"ast-product-tabs-layout-accordion","18":"first","19":"instock","20":"taxable","21":"shipping-taxable","22":"purchasable","23":"product-type-simple"},"_links":{"self":[{"href":"https:\/\/craftyminis.com\/de\/wp-json\/wp\/v2\/product\/22614","targetHints":{"allow":["GET"]}}],"collection":[{"href":"https:\/\/craftyminis.com\/de\/wp-json\/wp\/v2\/product"}],"about":[{"href":"https:\/\/craftyminis.com\/de\/wp-json\/wp\/v2\/types\/product"}],"replies":[{"embeddable":true,"href":"https:\/\/craftyminis.com\/de\/wp-json\/wp\/v2\/comments?post=22614"}],"wp:featuredmedia":[{"embeddable":true,"href":"https:\/\/craftyminis.com\/de\/wp-json\/wp\/v2\/media\/22616"}],"wp:attachment":[{"href":"https:\/\/craftyminis.com\/de\/wp-json\/wp\/v2\/media?parent=22614"}],"wp:term":[{"taxonomy":"product_brand","embeddable":true,"href":"https:\/\/craftyminis.com\/de\/wp-json\/wp\/v2\/product_brand?post=22614"},{"taxonomy":"product_cat","embeddable":true,"href":"https:\/\/craftyminis.com\/de\/wp-json\/wp\/v2\/product_cat?post=22614"},{"taxonomy":"product_tag","embeddable":true,"href":"https:\/\/craftyminis.com\/de\/wp-json\/wp\/v2\/product_tag?post=22614"}],"curies":[{"name":"wp","href":"https:\/\/api.w.org\/{rel}","templated":true}]}}