{"id":20246,"date":"2024-04-13T14:35:02","date_gmt":"2024-04-13T13:35:02","guid":{"rendered":"https:\/\/craftyminis.com\/unkategorisiert\/game-color-polished-gold-72055-vallejo\/"},"modified":"2024-04-13T14:35:02","modified_gmt":"2024-04-13T13:35:02","slug":"game-color-polished-gold-72055-vallejo","status":"publish","type":"product","link":"https:\/\/craftyminis.com\/de\/farben\/game-color-polished-gold-72055-vallejo\/","title":{"rendered":"Polished Gold 72055 Game Color Vallejo"},"content":{"rendered":"<p>Entdecken Sie die Entwicklung der Metallic-Farben mit unserer Metallic-Farbe <strong>Game Color Polished Gold<\/strong> von Vallejo. Sie sorgt f\u00fcr ein glattes, gleichm\u00e4\u00dfiges Finish Ihrer Miniaturen. Die verbesserte Formel gew\u00e4hrleistet eine fl\u00fcssige Anwendung und deckt Oberfl\u00e4chen m\u00fchelos ab.<\/p>\n<p>Dank ultrafeiner Metallpigmente verbessert diese Farbe das optische Finish und sorgt gleichzeitig f\u00fcr starke Haftung und Langlebigkeit. Sie l\u00e4sst sich leicht mit anderen Farben mischen, sodass Sie vielf\u00e4ltige Metalleffekte f\u00fcr realistische und intensive Ergebnisse erzeugen k\u00f6nnen.<\/p>\n<p><strong>Anwendung:<\/strong><br \/>\nPerfekt f\u00fcr die Pinselapplikation, aber auch f\u00fcr die Verwendung mit der Airbrush geeignet, was Vielseitigkeit in den Techniken bietet.<\/p>\n<p><strong>Effiziente Verpackung:<\/strong><br \/>\nDie 18-ml-Tropfflasche erm\u00f6glicht eine pr\u00e4zise Dosierung und bewahrt die Farbqualit\u00e4t, indem sie Verdunstung und Austrocknung verhindert.<\/p>\n<p>F\u00fcgen Sie die <strong>Metallic-Farbe<\/strong> Game Color Polished Gold von Vallejo Ihrem Malset hinzu, um professionelle Ergebnisse mit hoher Deckkraft und einfacher Anwendung zu erzielen.<\/p>\n","protected":false},"excerpt":{"rendered":"<p>Entdecken Sie die <strong>metallic paint<\/strong> Polished Gold von Vallejo, ideal f\u00fcr Miniaturen. Es erm\u00f6glicht Ihnen, realistische und intensive metallische Effekte zu erzeugen und hebt Ihre Projekte auf ein neues Detailniveau.<\/p>\n","protected":false},"featured_media":20247,"comment_status":"open","ping_status":"closed","template":"","meta":{"site-sidebar-layout":"default","site-content-layout":"","ast-site-content-layout":"default","site-content-style":"default","site-sidebar-style":"default","ast-global-header-display":"","ast-banner-title-visibility":"","ast-main-header-display":"","ast-hfb-above-header-display":"","ast-hfb-below-header-display":"","ast-hfb-mobile-header-display":"","site-post-title":"","ast-breadcrumbs-content":"","ast-featured-img":"","footer-sml-layout":"","ast-disable-related-posts":"","theme-transparent-header-meta":"default","adv-header-id-meta":"","stick-header-meta":"default","header-above-stick-meta":"","header-main-stick-meta":"","header-below-stick-meta":"","astra-migrate-meta-layouts":"default","ast-page-background-enabled":"default","ast-page-background-meta":{"desktop":{"background-color":"var(--ast-global-color-4)","background-image":"","background-repeat":"repeat","background-position":"center center","background-size":"auto","background-attachment":"scroll","background-type":"","background-media":"","overlay-type":"","overlay-color":"","overlay-opacity":"","overlay-gradient":""},"tablet":{"background-color":"","background-image":"","background-repeat":"repeat","background-position":"center center","background-size":"auto","background-attachment":"scroll","background-type":"","background-media":"","overlay-type":"","overlay-color":"","overlay-opacity":"","overlay-gradient":""},"mobile":{"background-color":"","background-image":"","background-repeat":"repeat","background-position":"center center","background-size":"auto","background-attachment":"scroll","background-type":"","background-media":"","overlay-type":"","overlay-color":"","overlay-opacity":"","overlay-gradient":""}},"ast-content-background-meta":{"desktop":{"background-color":"var(--ast-global-color-5)","background-image":"","background-repeat":"repeat","background-position":"center center","background-size":"auto","background-attachment":"scroll","background-type":"","background-media":"","overlay-type":"","overlay-color":"","overlay-opacity":"","overlay-gradient":""},"tablet":{"background-color":"var(--ast-global-color-5)","background-image":"","background-repeat":"repeat","background-position":"center center","background-size":"auto","background-attachment":"scroll","background-type":"","background-media":"","overlay-type":"","overlay-color":"","overlay-opacity":"","overlay-gradient":""},"mobile":{"background-color":"var(--ast-global-color-5)","background-image":"","background-repeat":"repeat","background-position":"center center","background-size":"auto","background-attachment":"scroll","background-type":"","background-media":"","overlay-type":"","overlay-color":"","overlay-opacity":"","overlay-gradient":""}}},"product_brand":[2242],"product_cat":[1948,2108,2134],"product_tag":[],"class_list":{"0":"post-20246","1":"product","2":"type-product","3":"status-publish","4":"has-post-thumbnail","6":"product_brand-vallejo","7":"product_cat-farben","8":"product_cat-acrylfarben","9":"product_cat-game-color-vallejo","10":"desktop-align-left","11":"tablet-align-left","12":"mobile-align-left","13":"ast-product-gallery-layout-first-image-large","14":"ast-product-gallery-with-no-image","15":"ast-magnify-disabled","16":"ast-product-tabs-layout-accordion","18":"first","19":"instock","20":"taxable","21":"shipping-taxable","22":"purchasable","23":"product-type-simple"},"_links":{"self":[{"href":"https:\/\/craftyminis.com\/de\/wp-json\/wp\/v2\/product\/20246","targetHints":{"allow":["GET"]}}],"collection":[{"href":"https:\/\/craftyminis.com\/de\/wp-json\/wp\/v2\/product"}],"about":[{"href":"https:\/\/craftyminis.com\/de\/wp-json\/wp\/v2\/types\/product"}],"replies":[{"embeddable":true,"href":"https:\/\/craftyminis.com\/de\/wp-json\/wp\/v2\/comments?post=20246"}],"wp:featuredmedia":[{"embeddable":true,"href":"https:\/\/craftyminis.com\/de\/wp-json\/wp\/v2\/media\/20247"}],"wp:attachment":[{"href":"https:\/\/craftyminis.com\/de\/wp-json\/wp\/v2\/media?parent=20246"}],"wp:term":[{"taxonomy":"product_brand","embeddable":true,"href":"https:\/\/craftyminis.com\/de\/wp-json\/wp\/v2\/product_brand?post=20246"},{"taxonomy":"product_cat","embeddable":true,"href":"https:\/\/craftyminis.com\/de\/wp-json\/wp\/v2\/product_cat?post=20246"},{"taxonomy":"product_tag","embeddable":true,"href":"https:\/\/craftyminis.com\/de\/wp-json\/wp\/v2\/product_tag?post=20246"}],"curies":[{"name":"wp","href":"https:\/\/api.w.org\/{rel}","templated":true}]}}