{"id":19849,"date":"2025-08-27T09:37:44","date_gmt":"2025-08-27T08:37:44","guid":{"rendered":"https:\/\/craftyminis.com\/unkategorisiert\/game-color-magenta-fluo-72158\/"},"modified":"2025-08-27T09:37:44","modified_gmt":"2025-08-27T08:37:44","slug":"game-color-magenta-fluo-72158","status":"publish","type":"product","link":"https:\/\/craftyminis.com\/de\/farben\/game-color-magenta-fluo-72158\/","title":{"rendered":"Magenta Fluorescent 72158 Game Color Vallejo"},"content":{"rendered":"<p>Auf der Suche nach der perfekten Farbe f\u00fcr Ihre Figuren und Wargames? Die fluoreszierende Farbe <strong>Spiel Farbe Magenta Fluoreszierend<\/strong> von Vallejo ist ideal, um Ihren Miniaturen und Fantasy-Fahrzeugmodellen einen lebendigen Touch und spektakul\u00e4re Lichteffekte zu verleihen. F\u00fcr optimale Leistung und leuchtende Farben empfehlen wir, diese Farbe \u00fcber einer wei\u00dfen Grundierung aufzutragen. Fluoreszierende Pigmente, die von Natur aus transparent oder halbdeckend sind, kommen auf hellen Hintergr\u00fcnden am besten zur Geltung.<\/p>\n<p><strong>Anwendung:<\/strong><br \/>\nDiese Farbe ist sowohl f\u00fcr die Airbrush- als auch f\u00fcr die Pinseltechnik formuliert und bietet Ihnen die n\u00f6tige Flexibilit\u00e4t f\u00fcr verschiedene Techniken und Oberfl\u00e4chen.<\/p>\n<p><strong>Funktionale Verpackung:<\/strong><br \/>\nSie wird in praktischen 18-ml-Tropfflaschen geliefert, die Ihnen helfen, nur die ben\u00f6tigte Menge zu verwenden und den Rest der Farbe frisch sowie vor Verdunstung und Austrocknung gesch\u00fctzt zu halten.<\/p>\n<p>F\u00fcgen Sie Vallejos <strong>Magenta Fluo fluoreszierende Farbe<\/strong> Ihrem Malset f\u00fcr professionelle Ergebnisse hinzu \u2013 perfekt, um spezielle Lichteffekte auf Ihre Figuren und Fantasy-Fahrzeuge aufzutragen.<\/p>\n","protected":false},"excerpt":{"rendered":"<p>Entdecken Sie Vallejos Magenta Fluo, eine <strong>fluoreszierende Farbe f\u00fcr Miniaturen<\/strong>, ideal zum Erzeugen besonderer Lichteffekte auf Ihren Figuren und Fantasy-Fahrzeugen. Perfekt f\u00fcr Pinsel- und Airbrush-Anwendung.<\/p>\n","protected":false},"featured_media":19843,"comment_status":"open","ping_status":"closed","template":"","meta":{"site-sidebar-layout":"default","site-content-layout":"","ast-site-content-layout":"default","site-content-style":"default","site-sidebar-style":"default","ast-global-header-display":"","ast-banner-title-visibility":"","ast-main-header-display":"","ast-hfb-above-header-display":"","ast-hfb-below-header-display":"","ast-hfb-mobile-header-display":"","site-post-title":"","ast-breadcrumbs-content":"","ast-featured-img":"","footer-sml-layout":"","ast-disable-related-posts":"","theme-transparent-header-meta":"default","adv-header-id-meta":"","stick-header-meta":"default","header-above-stick-meta":"","header-main-stick-meta":"","header-below-stick-meta":"","astra-migrate-meta-layouts":"default","ast-page-background-enabled":"default","ast-page-background-meta":{"desktop":{"background-color":"var(--ast-global-color-4)","background-image":"","background-repeat":"repeat","background-position":"center center","background-size":"auto","background-attachment":"scroll","background-type":"","background-media":"","overlay-type":"","overlay-color":"","overlay-opacity":"","overlay-gradient":""},"tablet":{"background-color":"","background-image":"","background-repeat":"repeat","background-position":"center center","background-size":"auto","background-attachment":"scroll","background-type":"","background-media":"","overlay-type":"","overlay-color":"","overlay-opacity":"","overlay-gradient":""},"mobile":{"background-color":"","background-image":"","background-repeat":"repeat","background-position":"center center","background-size":"auto","background-attachment":"scroll","background-type":"","background-media":"","overlay-type":"","overlay-color":"","overlay-opacity":"","overlay-gradient":""}},"ast-content-background-meta":{"desktop":{"background-color":"var(--ast-global-color-5)","background-image":"","background-repeat":"repeat","background-position":"center center","background-size":"auto","background-attachment":"scroll","background-type":"","background-media":"","overlay-type":"","overlay-color":"","overlay-opacity":"","overlay-gradient":""},"tablet":{"background-color":"var(--ast-global-color-5)","background-image":"","background-repeat":"repeat","background-position":"center center","background-size":"auto","background-attachment":"scroll","background-type":"","background-media":"","overlay-type":"","overlay-color":"","overlay-opacity":"","overlay-gradient":""},"mobile":{"background-color":"var(--ast-global-color-5)","background-image":"","background-repeat":"repeat","background-position":"center center","background-size":"auto","background-attachment":"scroll","background-type":"","background-media":"","overlay-type":"","overlay-color":"","overlay-opacity":"","overlay-gradient":""}}},"product_brand":[2242],"product_cat":[1948,2108,2134,2130],"product_tag":[],"class_list":{"0":"post-19849","1":"product","2":"type-product","3":"status-publish","4":"has-post-thumbnail","6":"product_brand-vallejo","7":"product_cat-farben","8":"product_cat-acrylfarben","9":"product_cat-game-color-vallejo","10":"product_cat-game-color-fluo-vallejo","11":"desktop-align-left","12":"tablet-align-left","13":"mobile-align-left","14":"ast-product-gallery-layout-first-image-large","15":"ast-product-gallery-with-no-image","16":"ast-magnify-disabled","17":"ast-product-tabs-layout-accordion","19":"first","20":"instock","21":"taxable","22":"shipping-taxable","23":"purchasable","24":"product-type-simple"},"_links":{"self":[{"href":"https:\/\/craftyminis.com\/de\/wp-json\/wp\/v2\/product\/19849","targetHints":{"allow":["GET"]}}],"collection":[{"href":"https:\/\/craftyminis.com\/de\/wp-json\/wp\/v2\/product"}],"about":[{"href":"https:\/\/craftyminis.com\/de\/wp-json\/wp\/v2\/types\/product"}],"replies":[{"embeddable":true,"href":"https:\/\/craftyminis.com\/de\/wp-json\/wp\/v2\/comments?post=19849"}],"wp:featuredmedia":[{"embeddable":true,"href":"https:\/\/craftyminis.com\/de\/wp-json\/wp\/v2\/media\/19843"}],"wp:attachment":[{"href":"https:\/\/craftyminis.com\/de\/wp-json\/wp\/v2\/media?parent=19849"}],"wp:term":[{"taxonomy":"product_brand","embeddable":true,"href":"https:\/\/craftyminis.com\/de\/wp-json\/wp\/v2\/product_brand?post=19849"},{"taxonomy":"product_cat","embeddable":true,"href":"https:\/\/craftyminis.com\/de\/wp-json\/wp\/v2\/product_cat?post=19849"},{"taxonomy":"product_tag","embeddable":true,"href":"https:\/\/craftyminis.com\/de\/wp-json\/wp\/v2\/product_tag?post=19849"}],"curies":[{"name":"wp","href":"https:\/\/api.w.org\/{rel}","templated":true}]}}