{"id":19186,"date":"2025-12-18T15:00:03","date_gmt":"2025-12-18T14:00:03","guid":{"rendered":"https:\/\/craftyminis.com\/unkategorisiert\/vallejo-model-color-70930-dark-blue\/"},"modified":"2025-12-18T15:00:03","modified_gmt":"2025-12-18T14:00:03","slug":"vallejo-model-color-70930-dark-blue","status":"publish","type":"product","link":"https:\/\/craftyminis.com\/de\/farben\/vallejo-model-color-70930-dark-blue\/","title":{"rendered":"Vallejo Model Color 70930 Dark Blue"},"content":{"rendered":"<h2>Verbessern Sie Ihre Miniaturen und Modellbau mit <strong>Vallejo Model Color 70930 Dark Blue Acrylfarbe.<\/strong><\/h2>\n<p>Dieser dunkelblaue Farbton ist perfekt geeignet f\u00fcr die Darstellung von <strong>Uniformen, Kleidung und Stoffen<\/strong> und funktioniert auch sehr gut in <strong>maritimen und aeronautischen Farbschemata<\/strong>. Er ist au\u00dferdem ideal, um <strong>tiefe Schatten, subtile Linien an Paneelen, Nachtszenen und Farbverl\u00e4ufe<\/strong> zu erzeugen sowie <strong>Nachthimmel, tiefes Wasser und k\u00fchle Effekte<\/strong> auf Dioramenbasen nachzubilden.<\/p>\n<p><strong>Verleihen Sie Ihren Modellen und Miniaturen mit Model Color ein professionelles Finish \u2014 die Wahl anspruchsvoller Modellbauer.<\/strong><\/p>\n<p>Die <a href=\"https:\/\/craftyminis.com\/de\/farben\/acrylfarben\/model-color-vallejo-2\/\"><strong>Model Color<\/strong><\/a> Serie verf\u00fcgt \u00fcber eine neue Formulierung, die au\u00dfergew\u00f6hnlichen Fluss, hohe Deckkraft und ein verbessertes mattes Finish kombiniert. Entwickelt, um konsistente, hochwertige Ergebnisse zu liefern, ist diese Acrylfarbenlinie ideal zum Bemalen von Miniaturen, Modellbau und allen Arten von Modellbauprojekten.<\/p>\n<p><strong>Hauptmerkmale:<\/strong><\/p>\n<ul>\n<li><strong>Schnelltrocknend:<\/strong> Die Farben trocknen schnell und bilden einen glatten, gleichm\u00e4\u00dfigen Anstrich, der sich perfekt ausgleicht und selbst feinste Details Ihrer Modelle bewahrt.<\/li>\n<li><strong>Leicht aufzutragen:<\/strong> Empfohlen f\u00fcr grundierte Oberfl\u00e4chen, sorgen diese Farben f\u00fcr ein sauberes, gleichm\u00e4\u00dfiges und professionelles Finish.<\/li>\n<li><strong>Praktische Verpackung:<\/strong> Die 18 ml Tropfflaschen verhindern Verdunstung und vorzeitiges Trocknen, sodass Sie nur die ben\u00f6tigte Menge verwenden und die Farbe l\u00e4nger frisch halten k\u00f6nnen.<\/li>\n<\/ul>\n<p><strong>Warum Model Color w\u00e4hlen:<\/strong><br \/>\nDiese Serie ist speziell f\u00fcr Modellbauer entwickelt und bietet zuverl\u00e4ssige und vielseitige Leistung. Egal, ob Sie detaillierte Miniaturen von Hand bemalen oder an gro\u00dffl\u00e4chigen Modelloberfl\u00e4chen arbeiten, Model Color garantiert pr\u00e4zise, professionelle Ergebnisse.<\/p>\n<p>Erh\u00e4ltlich in einer breiten Palette von Farbt\u00f6nen, ist diese Farbe perfekt f\u00fcr alle Arten von Projekten \u2014 von historischen Figuren \u00fcber Fahrzeuge, Geb\u00e4ude bis hin zu Landschaftsbases.<\/p>\n<p><strong>Anwendungsempfehlungen:<\/strong><br \/>\nF\u00fcr beste Ergebnisse tragen Sie Model Color auf eine ordnungsgem\u00e4\u00df grundierte Oberfl\u00e4che auf. Verwenden Sie d\u00fcnne, gleichm\u00e4\u00dfige Schichten, um die Haftung zu maximieren und feine Details zu erhalten.<\/p>\n<p>Bringen Sie Ihre Modellbauprojekte mit <a href=\"\/en\/brand\/vallejo\/\">Vallejo<\/a> Model Color 70930 Dark Blue Acrylfarbe auf das n\u00e4chste Level \u2014 perfekt, um <strong>historische Genauigkeit zu erreichen und den Realismus sowie die Details Ihrer Miniaturen und Dioramen zu verbessern.<\/strong><\/p>\n<p><small>Weitere technische Details finden Sie auf der <a href=\"https:\/\/acrylicosvallejo.com\/en\/\" target=\"_blank\" rel=\"noopener\">offiziellen Vallejo-Website<\/a>.<\/small><\/p>\n","protected":false},"excerpt":{"rendered":"<p><strong>Vallejo Model Color Dark Blue 70930 Acrylfarbe in 18-ml-Flasche, ideal f\u00fcr Modellbau und Miniaturen.<\/strong> Formel mit ausgezeichnetem Fluss, hoher Deckkraft und einem glatten matten Finish, das die feinsten Details bewahrt. Schnell trocknend und verpackt in einer praktischen Tropfflasche f\u00fcr effiziente Anwendung und langanhaltende Konservierung.<\/p>\n","protected":false},"featured_media":19187,"comment_status":"open","ping_status":"closed","template":"","meta":{"site-sidebar-layout":"default","site-content-layout":"","ast-site-content-layout":"default","site-content-style":"default","site-sidebar-style":"default","ast-global-header-display":"","ast-banner-title-visibility":"","ast-main-header-display":"","ast-hfb-above-header-display":"","ast-hfb-below-header-display":"","ast-hfb-mobile-header-display":"","site-post-title":"","ast-breadcrumbs-content":"","ast-featured-img":"","footer-sml-layout":"","ast-disable-related-posts":"","theme-transparent-header-meta":"default","adv-header-id-meta":"","stick-header-meta":"default","header-above-stick-meta":"","header-main-stick-meta":"","header-below-stick-meta":"","astra-migrate-meta-layouts":"default","ast-page-background-enabled":"default","ast-page-background-meta":{"desktop":{"background-color":"var(--ast-global-color-4)","background-image":"","background-repeat":"repeat","background-position":"center center","background-size":"auto","background-attachment":"scroll","background-type":"","background-media":"","overlay-type":"","overlay-color":"","overlay-opacity":"","overlay-gradient":""},"tablet":{"background-color":"","background-image":"","background-repeat":"repeat","background-position":"center center","background-size":"auto","background-attachment":"scroll","background-type":"","background-media":"","overlay-type":"","overlay-color":"","overlay-opacity":"","overlay-gradient":""},"mobile":{"background-color":"","background-image":"","background-repeat":"repeat","background-position":"center center","background-size":"auto","background-attachment":"scroll","background-type":"","background-media":"","overlay-type":"","overlay-color":"","overlay-opacity":"","overlay-gradient":""}},"ast-content-background-meta":{"desktop":{"background-color":"var(--ast-global-color-5)","background-image":"","background-repeat":"repeat","background-position":"center center","background-size":"auto","background-attachment":"scroll","background-type":"","background-media":"","overlay-type":"","overlay-color":"","overlay-opacity":"","overlay-gradient":""},"tablet":{"background-color":"var(--ast-global-color-5)","background-image":"","background-repeat":"repeat","background-position":"center center","background-size":"auto","background-attachment":"scroll","background-type":"","background-media":"","overlay-type":"","overlay-color":"","overlay-opacity":"","overlay-gradient":""},"mobile":{"background-color":"var(--ast-global-color-5)","background-image":"","background-repeat":"repeat","background-position":"center center","background-size":"auto","background-attachment":"scroll","background-type":"","background-media":"","overlay-type":"","overlay-color":"","overlay-opacity":"","overlay-gradient":""}}},"product_brand":[2242],"product_cat":[1948,2108,2138],"product_tag":[],"class_list":{"0":"post-19186","1":"product","2":"type-product","3":"status-publish","4":"has-post-thumbnail","6":"product_brand-vallejo","7":"product_cat-farben","8":"product_cat-acrylfarben","9":"product_cat-model-color-vallejo","10":"desktop-align-left","11":"tablet-align-left","12":"mobile-align-left","13":"ast-product-gallery-layout-first-image-large","14":"ast-product-gallery-with-no-image","15":"ast-magnify-disabled","16":"ast-product-tabs-layout-accordion","18":"first","19":"instock","20":"taxable","21":"shipping-taxable","22":"purchasable","23":"product-type-simple"},"_links":{"self":[{"href":"https:\/\/craftyminis.com\/de\/wp-json\/wp\/v2\/product\/19186","targetHints":{"allow":["GET"]}}],"collection":[{"href":"https:\/\/craftyminis.com\/de\/wp-json\/wp\/v2\/product"}],"about":[{"href":"https:\/\/craftyminis.com\/de\/wp-json\/wp\/v2\/types\/product"}],"replies":[{"embeddable":true,"href":"https:\/\/craftyminis.com\/de\/wp-json\/wp\/v2\/comments?post=19186"}],"wp:featuredmedia":[{"embeddable":true,"href":"https:\/\/craftyminis.com\/de\/wp-json\/wp\/v2\/media\/19187"}],"wp:attachment":[{"href":"https:\/\/craftyminis.com\/de\/wp-json\/wp\/v2\/media?parent=19186"}],"wp:term":[{"taxonomy":"product_brand","embeddable":true,"href":"https:\/\/craftyminis.com\/de\/wp-json\/wp\/v2\/product_brand?post=19186"},{"taxonomy":"product_cat","embeddable":true,"href":"https:\/\/craftyminis.com\/de\/wp-json\/wp\/v2\/product_cat?post=19186"},{"taxonomy":"product_tag","embeddable":true,"href":"https:\/\/craftyminis.com\/de\/wp-json\/wp\/v2\/product_tag?post=19186"}],"curies":[{"name":"wp","href":"https:\/\/api.w.org\/{rel}","templated":true}]}}