{"id":18906,"date":"2026-02-07T13:00:13","date_gmt":"2026-02-07T12:00:13","guid":{"rendered":"https:\/\/craftyminis.com\/unkategorisiert\/vallejo-model-color-70884-stone-grey\/"},"modified":"2026-02-07T13:00:13","modified_gmt":"2026-02-07T12:00:13","slug":"vallejo-model-color-70884-stone-grey","status":"publish","type":"product","link":"https:\/\/craftyminis.com\/de\/farben\/vallejo-model-color-70884-stone-grey\/","title":{"rendered":"Vallejo Model Color 70884 Stone Grey"},"content":{"rendered":"<h2>Perfektionieren Sie Ihre Miniaturen und Modellbau mit <strong>Vallejo Model Color 70884 Stone Grey Acrylfarbe.<br \/>\n<\/strong><\/h2>\n<p>Dieser steingraue Ton ist perfekt geeignet, um <strong>Stein, Beton und Mauerwerk<\/strong> nachzubilden, was ihn ideal macht zum Bemalen von <strong>Ruinen, Mauern, Geb\u00e4uden und urbanen Szenerien<\/strong> in Dioramen. Er eignet sich auch hervorragend zur Darstellung von <strong>nat\u00fcrlichem Fels, Pflastersteinen, Kopfsteinpflaster und felsigem Gel\u00e4nde<\/strong> und ist eine ausgezeichnete Basis zum Aufbauen von <strong>Lichtern, Abnutzung und Schmutz<\/strong> mit Lasuren und Trockenb\u00fcrsten, um ein realistisches Finish auf Miniaturen und Bases zu erzielen.  <\/p>\n<p><strong>Verleihen Sie Ihren Modellen und Miniaturen ein professionelles Finish mit Model Color, der Wahl anspruchsvoller Modellbauer.<\/strong>  <\/p>\n<p>Die <a href=\"https:\/\/craftyminis.com\/de\/farben\/acrylfarben\/model-color-vallejo-2\/\"><strong>Model Color<\/strong> <\/a>Reihe bietet eine neue Formulierung, die au\u00dfergew\u00f6hnlichen Fluss, hohe Deckkraft und ein verbessertes mattes Finish kombiniert. Diese Acrylfarbenlinie wurde entwickelt, um konsistente, hochwertige Ergebnisse zu liefern und ist ideal f\u00fcr Miniaturen, Modellbau und alle Arten von Modellierprojekten.  <\/p>\n<p><strong>Hauptmerkmale:<\/strong>  <\/p>\n<ul>\n<li><strong>Schnelltrocknend:<\/strong> Farben trocknen schnell und bilden einen glatten, gleichm\u00e4\u00dfigen Anstrich, der sich perfekt ausgleicht und selbst feinste Details Ihrer Modelle bewahrt.<\/li>\n<li><strong>Leicht aufzutragen:<\/strong> Empfohlen f\u00fcr die Anwendung auf grundierten Oberfl\u00e4chen, garantieren diese Farben ein sauberes und gleichm\u00e4\u00dfiges Finish.<\/li>\n<li><strong>Praktische Flasche:<\/strong> 18 ml Tropfflaschen verhindern Verdunstung und vorzeitiges Austrocknen, sodass Sie nur die ben\u00f6tigte Menge verwenden und den Rest l\u00e4nger in gutem Zustand aufbewahren k\u00f6nnen.<\/li>\n<\/ul>\n<p><strong>Warum Model Color w\u00e4hlen:<\/strong><br \/>\nDiese Reihe wurde mit Blick auf die Bed\u00fcrfnisse von Modellbauern entwickelt und bietet eine zuverl\u00e4ssige und vielseitige Farbe. Ob Sie detaillierte Miniaturen mit dem Pinsel bemalen oder gro\u00dfe Modellfl\u00e4chen bearbeiten, Model Color sorgt f\u00fcr ein pr\u00e4zises, professionelles Finish.  <\/p>\n<p>Erh\u00e4ltlich in einer gro\u00dfen Vielfalt an Farbt\u00f6nen, ist diese Farbe perfekt f\u00fcr alle Arten von Projekten, von historischen Figuren bis hin zu Fahrzeugen, Geb\u00e4uden und Szenerien.  <\/p>\n<p><strong>Anwendungsempfehlungen:<\/strong><br \/>\nF\u00fcr beste Ergebnisse tragen Sie Model Color auf eine zuvor grundierte Oberfl\u00e4che auf. Verwenden Sie d\u00fcnne, gleichm\u00e4\u00dfige Schichten, um die Haftung zu maximieren und alle Details zu erhalten.  <\/p>\n<p>Bringen Sie Ihre Modellbauprojekte mit <a href=\"\/en\/brand\/vallejo\/\">Vallejo<\/a> Model Color 70884 Stone Grey Acrylfarbe auf das n\u00e4chste Level. Perfekt, um <strong>historische Genauigkeit zu erreichen und die Details sowie den Realismus Ihrer Miniaturen und Dioramen zu verbessern<\/strong>.  <\/p>\n<p><small>Weitere technische Details finden Sie auf der <a href=\"https:\/\/acrylicosvallejo.com\/\" target=\"_blank\" rel=\"noopener\">offiziellen Vallejo-Website<\/a>.<\/small><\/p>\n","protected":false},"excerpt":{"rendered":"<p><strong>Vallejo Model Color 70884 Stone Grey Acrylfarbe in einer 18 ml Tropfflasche, ideal f\u00fcr Modelle und Miniaturen.<\/strong> Formel mit ausgezeichnetem Fluss, hoher Deckkraft und einem glatten matten Finish, das die feinsten Details bewahrt. Schnelltrocknend und eine praktische Tropfflasche f\u00fcr effiziente Anwendung und langanhaltende Konservierung.<\/p>\n","protected":false},"featured_media":18907,"comment_status":"open","ping_status":"closed","template":"","meta":{"site-sidebar-layout":"default","site-content-layout":"","ast-site-content-layout":"default","site-content-style":"default","site-sidebar-style":"default","ast-global-header-display":"","ast-banner-title-visibility":"","ast-main-header-display":"","ast-hfb-above-header-display":"","ast-hfb-below-header-display":"","ast-hfb-mobile-header-display":"","site-post-title":"","ast-breadcrumbs-content":"","ast-featured-img":"","footer-sml-layout":"","ast-disable-related-posts":"","theme-transparent-header-meta":"default","adv-header-id-meta":"","stick-header-meta":"default","header-above-stick-meta":"","header-main-stick-meta":"","header-below-stick-meta":"","astra-migrate-meta-layouts":"default","ast-page-background-enabled":"default","ast-page-background-meta":{"desktop":{"background-color":"var(--ast-global-color-4)","background-image":"","background-repeat":"repeat","background-position":"center center","background-size":"auto","background-attachment":"scroll","background-type":"","background-media":"","overlay-type":"","overlay-color":"","overlay-opacity":"","overlay-gradient":""},"tablet":{"background-color":"","background-image":"","background-repeat":"repeat","background-position":"center center","background-size":"auto","background-attachment":"scroll","background-type":"","background-media":"","overlay-type":"","overlay-color":"","overlay-opacity":"","overlay-gradient":""},"mobile":{"background-color":"","background-image":"","background-repeat":"repeat","background-position":"center center","background-size":"auto","background-attachment":"scroll","background-type":"","background-media":"","overlay-type":"","overlay-color":"","overlay-opacity":"","overlay-gradient":""}},"ast-content-background-meta":{"desktop":{"background-color":"var(--ast-global-color-5)","background-image":"","background-repeat":"repeat","background-position":"center center","background-size":"auto","background-attachment":"scroll","background-type":"","background-media":"","overlay-type":"","overlay-color":"","overlay-opacity":"","overlay-gradient":""},"tablet":{"background-color":"var(--ast-global-color-5)","background-image":"","background-repeat":"repeat","background-position":"center center","background-size":"auto","background-attachment":"scroll","background-type":"","background-media":"","overlay-type":"","overlay-color":"","overlay-opacity":"","overlay-gradient":""},"mobile":{"background-color":"var(--ast-global-color-5)","background-image":"","background-repeat":"repeat","background-position":"center center","background-size":"auto","background-attachment":"scroll","background-type":"","background-media":"","overlay-type":"","overlay-color":"","overlay-opacity":"","overlay-gradient":""}}},"product_brand":[2242],"product_cat":[1948,2108,2138],"product_tag":[],"class_list":{"0":"post-18906","1":"product","2":"type-product","3":"status-publish","4":"has-post-thumbnail","6":"product_brand-vallejo","7":"product_cat-farben","8":"product_cat-acrylfarben","9":"product_cat-model-color-vallejo","10":"desktop-align-left","11":"tablet-align-left","12":"mobile-align-left","13":"ast-product-gallery-layout-first-image-large","14":"ast-product-gallery-with-no-image","15":"ast-magnify-disabled","16":"ast-product-tabs-layout-accordion","18":"first","19":"instock","20":"taxable","21":"shipping-taxable","22":"purchasable","23":"product-type-simple"},"_links":{"self":[{"href":"https:\/\/craftyminis.com\/de\/wp-json\/wp\/v2\/product\/18906","targetHints":{"allow":["GET"]}}],"collection":[{"href":"https:\/\/craftyminis.com\/de\/wp-json\/wp\/v2\/product"}],"about":[{"href":"https:\/\/craftyminis.com\/de\/wp-json\/wp\/v2\/types\/product"}],"replies":[{"embeddable":true,"href":"https:\/\/craftyminis.com\/de\/wp-json\/wp\/v2\/comments?post=18906"}],"wp:featuredmedia":[{"embeddable":true,"href":"https:\/\/craftyminis.com\/de\/wp-json\/wp\/v2\/media\/18907"}],"wp:attachment":[{"href":"https:\/\/craftyminis.com\/de\/wp-json\/wp\/v2\/media?parent=18906"}],"wp:term":[{"taxonomy":"product_brand","embeddable":true,"href":"https:\/\/craftyminis.com\/de\/wp-json\/wp\/v2\/product_brand?post=18906"},{"taxonomy":"product_cat","embeddable":true,"href":"https:\/\/craftyminis.com\/de\/wp-json\/wp\/v2\/product_cat?post=18906"},{"taxonomy":"product_tag","embeddable":true,"href":"https:\/\/craftyminis.com\/de\/wp-json\/wp\/v2\/product_tag?post=18906"}],"curies":[{"name":"wp","href":"https:\/\/api.w.org\/{rel}","templated":true}]}}