{"id":18690,"date":"2026-02-07T23:39:22","date_gmt":"2026-02-07T22:39:22","guid":{"rendered":"https:\/\/craftyminis.com\/unkategorisiert\/vallejo-model-color-70879-green-brown\/"},"modified":"2026-02-07T23:39:22","modified_gmt":"2026-02-07T22:39:22","slug":"vallejo-model-color-70879-green-brown","status":"publish","type":"product","link":"https:\/\/craftyminis.com\/de\/farben\/vallejo-model-color-70879-green-brown\/","title":{"rendered":"Vallejo Model Color 70879 Green Brown"},"content":{"rendered":"<h2>Perfektionieren Sie Ihre Miniaturen und Modellbau mit <strong>Vallejo Model Color 70879 Green Brown Acrylfarbe.<\/strong><\/h2>\n<p>Dieser Green Brown Farbton ist perfekt, um <strong>Tarnschemata und erdige Oberfl\u00e4chen<\/strong> nachzubilden, ideal zum Bemalen von <strong>Fahrzeugen, Panzern und Ausr\u00fcstung<\/strong> mit einem sehr realistischen, ged\u00e4mpften Look. Er eignet sich auch hervorragend f\u00fcr <strong>Uniformen, Planen und Gurte<\/strong> und ist ausgezeichnet, um <strong>Schmutz, Abnutzung und Schatten<\/strong> in Kampagnenumgebungen darzustellen. Au\u00dferdem ist er eine sehr n\u00fctzliche Basis, um <strong>trockene Vegetation, dunklen Moosbewuchs und feuchten Boden<\/strong> auf Dioramenbasen darzustellen.<\/p>\n<p><strong>Verleihen Sie Ihren Modellen und Miniaturen mit Model Color, der Wahl anspruchsvoller Hobbyisten, ein professionelles Finish.<\/strong><\/p>\n<p>Die <a href=\"https:\/\/craftyminis.com\/de\/farben\/acrylfarben\/model-color-vallejo-2\/\"><strong>Model Color<\/strong><\/a> Serie verf\u00fcgt \u00fcber eine neue Formulierung, die au\u00dfergew\u00f6hnlichen Fluss, hohe Deckkraft und ein verbessertes mattes Finish kombiniert. Entwickelt, um konsistente, hochwertige Ergebnisse zu liefern, ist diese Acrylfarbenlinie ideal f\u00fcr die Arbeit mit Miniaturen, Modellbau und Projekten jeglicher Themen.<\/p>\n<p><strong>Hauptmerkmale:<\/strong><\/p>\n<ul>\n<li><strong>Schnelltrocknend:<\/strong> Die Farben trocknen schnell und bilden einen homogenen Anstrich, der sich perfekt ausgleicht und selbst feinste Details Ihrer Modelle bewahrt.<\/li>\n<li><strong>Leicht aufzutragen:<\/strong> Empfohlen f\u00fcr die Anwendung auf grundierten Oberfl\u00e4chen, sorgen diese Farben f\u00fcr ein sauberes und gleichm\u00e4\u00dfiges Finish.<\/li>\n<li><strong>Praktische Flasche:<\/strong> 18 ml Tropfflaschen verhindern Verdunstung und vorzeitiges Austrocknen, sodass Sie nur die ben\u00f6tigte Menge verwenden und den Rest l\u00e4nger in perfektem Zustand aufbewahren k\u00f6nnen.<\/li>\n<\/ul>\n<p><strong>Warum Model Color w\u00e4hlen:<\/strong><br \/>\nDiese Serie ist auf die Bed\u00fcrfnisse von Modellbauern zugeschnitten und bietet zuverl\u00e4ssige und vielseitige Farben. Ob Sie mit dem Pinsel fein detaillierte Miniaturen oder gro\u00dfe Modellfl\u00e4chen bemalen, Model Color garantiert ein pr\u00e4zises, professionelles Ergebnis.<\/p>\n<p>Erh\u00e4ltlich in einer gro\u00dfen Vielfalt an Farbt\u00f6nen, ist diese Farbe perfekt f\u00fcr alle Arten von Projekten, von historischen Figuren bis hin zu Fahrzeugen, Geb\u00e4uden und Landschaften.<\/p>\n<p><strong>Anwendungsempfehlungen:<\/strong><br \/>\nF\u00fcr beste Ergebnisse tragen Sie Model Color auf eine zuvor grundierte Oberfl\u00e4che auf. Verwenden Sie d\u00fcnne, gleichm\u00e4\u00dfige Schichten, um die Haftung zu maximieren und jedes Detail scharf zu halten.<\/p>\n<p>Verbessern Sie Ihre Modellbauprojekte mit <a href=\"\/en\/brand\/vallejo\/\">Vallejo<\/a> Model Color 70879 Green Brown Acrylfarbe. Perfekt, um <strong>erdige Tarnungen, nat\u00fcrliche Schatten und \u00fcberzeugende Kampagneneffekte<\/strong> auf Miniaturen, Fahrzeugen und Dioramen zu erzielen.<\/p>\n<p><small>Weitere technische Details finden Sie auf der <a href=\"https:\/\/acrylicosvallejo.com\/\" target=\"_blank\" rel=\"noopener\">offiziellen Vallejo-Website<\/a>.<\/small><\/p>\n","protected":false},"excerpt":{"rendered":"<p><strong>Vallejo Model Color 70879 Green Brown Acrylfarbe in 18 ml Tropfflasche, ideal f\u00fcr Miniaturen und Modellbau.<\/strong> Formel mit ausgezeichnetem Fluss, hoher Deckkraft und einem glatten matten Finish, das die feinsten Details bewahrt. Schnelltrocknend und praktische Tropfflasche f\u00fcr effiziente Anwendung und langanhaltende Konservierung.<\/p>\n","protected":false},"featured_media":18691,"comment_status":"open","ping_status":"closed","template":"","meta":{"site-sidebar-layout":"default","site-content-layout":"","ast-site-content-layout":"default","site-content-style":"default","site-sidebar-style":"default","ast-global-header-display":"","ast-banner-title-visibility":"","ast-main-header-display":"","ast-hfb-above-header-display":"","ast-hfb-below-header-display":"","ast-hfb-mobile-header-display":"","site-post-title":"","ast-breadcrumbs-content":"","ast-featured-img":"","footer-sml-layout":"","ast-disable-related-posts":"","theme-transparent-header-meta":"default","adv-header-id-meta":"","stick-header-meta":"default","header-above-stick-meta":"","header-main-stick-meta":"","header-below-stick-meta":"","astra-migrate-meta-layouts":"default","ast-page-background-enabled":"default","ast-page-background-meta":{"desktop":{"background-color":"var(--ast-global-color-4)","background-image":"","background-repeat":"repeat","background-position":"center center","background-size":"auto","background-attachment":"scroll","background-type":"","background-media":"","overlay-type":"","overlay-color":"","overlay-opacity":"","overlay-gradient":""},"tablet":{"background-color":"","background-image":"","background-repeat":"repeat","background-position":"center center","background-size":"auto","background-attachment":"scroll","background-type":"","background-media":"","overlay-type":"","overlay-color":"","overlay-opacity":"","overlay-gradient":""},"mobile":{"background-color":"","background-image":"","background-repeat":"repeat","background-position":"center center","background-size":"auto","background-attachment":"scroll","background-type":"","background-media":"","overlay-type":"","overlay-color":"","overlay-opacity":"","overlay-gradient":""}},"ast-content-background-meta":{"desktop":{"background-color":"var(--ast-global-color-5)","background-image":"","background-repeat":"repeat","background-position":"center center","background-size":"auto","background-attachment":"scroll","background-type":"","background-media":"","overlay-type":"","overlay-color":"","overlay-opacity":"","overlay-gradient":""},"tablet":{"background-color":"var(--ast-global-color-5)","background-image":"","background-repeat":"repeat","background-position":"center center","background-size":"auto","background-attachment":"scroll","background-type":"","background-media":"","overlay-type":"","overlay-color":"","overlay-opacity":"","overlay-gradient":""},"mobile":{"background-color":"var(--ast-global-color-5)","background-image":"","background-repeat":"repeat","background-position":"center center","background-size":"auto","background-attachment":"scroll","background-type":"","background-media":"","overlay-type":"","overlay-color":"","overlay-opacity":"","overlay-gradient":""}}},"product_brand":[2242],"product_cat":[1948,2108,2138],"product_tag":[],"class_list":{"0":"post-18690","1":"product","2":"type-product","3":"status-publish","4":"has-post-thumbnail","6":"product_brand-vallejo","7":"product_cat-farben","8":"product_cat-acrylfarben","9":"product_cat-model-color-vallejo","10":"desktop-align-left","11":"tablet-align-left","12":"mobile-align-left","13":"ast-product-gallery-layout-first-image-large","14":"ast-product-gallery-with-no-image","15":"ast-magnify-disabled","16":"ast-product-tabs-layout-accordion","18":"first","19":"instock","20":"taxable","21":"shipping-taxable","22":"purchasable","23":"product-type-simple"},"_links":{"self":[{"href":"https:\/\/craftyminis.com\/de\/wp-json\/wp\/v2\/product\/18690","targetHints":{"allow":["GET"]}}],"collection":[{"href":"https:\/\/craftyminis.com\/de\/wp-json\/wp\/v2\/product"}],"about":[{"href":"https:\/\/craftyminis.com\/de\/wp-json\/wp\/v2\/types\/product"}],"replies":[{"embeddable":true,"href":"https:\/\/craftyminis.com\/de\/wp-json\/wp\/v2\/comments?post=18690"}],"wp:featuredmedia":[{"embeddable":true,"href":"https:\/\/craftyminis.com\/de\/wp-json\/wp\/v2\/media\/18691"}],"wp:attachment":[{"href":"https:\/\/craftyminis.com\/de\/wp-json\/wp\/v2\/media?parent=18690"}],"wp:term":[{"taxonomy":"product_brand","embeddable":true,"href":"https:\/\/craftyminis.com\/de\/wp-json\/wp\/v2\/product_brand?post=18690"},{"taxonomy":"product_cat","embeddable":true,"href":"https:\/\/craftyminis.com\/de\/wp-json\/wp\/v2\/product_cat?post=18690"},{"taxonomy":"product_tag","embeddable":true,"href":"https:\/\/craftyminis.com\/de\/wp-json\/wp\/v2\/product_tag?post=18690"}],"curies":[{"name":"wp","href":"https:\/\/api.w.org\/{rel}","templated":true}]}}