{"id":18674,"date":"2026-02-07T23:55:17","date_gmt":"2026-02-07T22:55:17","guid":{"rendered":"https:\/\/craftyminis.com\/unkategorisiert\/vallejo-model-color-70943-grey-blue\/"},"modified":"2026-02-07T23:55:17","modified_gmt":"2026-02-07T22:55:17","slug":"vallejo-model-color-70943-grey-blue","status":"publish","type":"product","link":"https:\/\/craftyminis.com\/de\/farben\/vallejo-model-color-70943-grey-blue\/","title":{"rendered":"Vallejo Model Color 70943 Grey Blue"},"content":{"rendered":"<h2>Perfektionieren Sie Ihre Miniaturen und Modellbau mit <strong>Vallejo Model Color 70943 Grey Blue Acrylfarbe.<\/strong><\/h2>\n<p>Dieser grau-blaue Ton ist ideal, um <strong>k\u00fchle, zur\u00fcckhaltende Oberfl\u00e4chen<\/strong> nachzubilden, perfekt zum Bemalen von <strong>aeronautischen und maritimen Fl\u00e4chen<\/strong>, und er eignet sich auch sehr gut f\u00fcr <strong>moderne Fahrzeuge, Paneele und Maschinen<\/strong>. Er ist ausgezeichnet, um <strong>weiche Schattierungen, Paneellinien und sanfte Verl\u00e4ufe<\/strong> zu erzielen und <strong>bew\u00f6lkten Himmel, gealtertes lackiertes Metall und Umgebungslichteffekte<\/strong> auf Dioramenbasen darzustellen.<\/p>\n<p><strong>Verleihen Sie Ihren Modellen und Miniaturen ein professionelles Finish mit Model Color, der Wahl anspruchsvoller Hobbyisten.<\/strong><\/p>\n<p>Die <a href=\"https:\/\/craftyminis.com\/de\/farben\/acrylfarben\/model-color-vallejo-2\/\"><strong>Model Color<\/strong><\/a> Serie verf\u00fcgt \u00fcber eine neue Formulierung, die au\u00dfergew\u00f6hnlichen Fluss, hohe Deckkraft und ein verbessertes mattes Finish kombiniert. Entwickelt, um konsistente, hochwertige Ergebnisse zu liefern, ist diese Acrylfarbenlinie ideal f\u00fcr die Arbeit mit Miniaturen, Modellbau und Projekten jeglichen Themas.<\/p>\n<p><strong>Hauptmerkmale:<\/strong><\/p>\n<ul>\n<li><strong>Schnelltrocknend:<\/strong> Farben trocknen schnell und bilden einen homogenen Anstrich, der sich perfekt ausgleicht und selbst feinste Details Ihrer Modelle bewahrt.<\/li>\n<li><strong>Leicht aufzutragen:<\/strong> Empfohlen f\u00fcr die Anwendung auf grundierten Fl\u00e4chen, sorgen diese Farben f\u00fcr ein sauberes und gleichm\u00e4\u00dfiges Finish.<\/li>\n<li><strong>Praktische Flasche:<\/strong> Die 18 ml Tropfflaschen verhindern Verdunstung und vorzeitiges Trocknen der Farbe, sodass Sie nur die ben\u00f6tigte Menge verwenden und den Rest l\u00e4nger in perfektem Zustand aufbewahren k\u00f6nnen.<\/li>\n<\/ul>\n<p><strong>Warum Model Color w\u00e4hlen:<\/strong><br \/>\nDiese Serie ist auf die Bed\u00fcrfnisse von Modellbauern zugeschnitten und bietet zuverl\u00e4ssige und vielseitige Farben. Ob Sie mit dem Pinsel fein detaillierte Miniaturen oder gro\u00dfe Modellfl\u00e4chen bemalen, Model Color garantiert ein pr\u00e4zises, professionelles Ergebnis.<\/p>\n<p>Erh\u00e4ltlich in einer gro\u00dfen Vielfalt an Farbt\u00f6nen, ist diese Farbe perfekt f\u00fcr alle Arten von Projekten, von historischen Figuren bis hin zu Fahrzeugen, Geb\u00e4uden und Landschaften.<\/p>\n<p><strong>Anwendungsempfehlungen:<\/strong><br \/>\nF\u00fcr beste Ergebnisse tragen Sie Model Color auf eine zuvor grundierte Oberfl\u00e4che auf. Verwenden Sie d\u00fcnne, gleichm\u00e4\u00dfige Schichten, um die Haftung zu maximieren und jedes Detail scharf zu halten.<\/p>\n<p>Verbessern Sie Ihre Modellbauprojekte mit <a href=\"\/en\/brand\/vallejo\/\">Vallejo<\/a> Model Color 70943 Grey Blue Acrylfarbe. Perfekt, um <strong>k\u00fchle Oberfl\u00e4chen, kontrollierte Schattierungen und verbesserte Details<\/strong> auf Miniaturen und Dioramen zu erzielen.<\/p>\n<p><small>Weitere technische Details finden Sie auf der <a href=\"https:\/\/acrylicosvallejo.com\/\" target=\"_blank\" rel=\"noopener\">offiziellen Vallejo-Website<\/a>.<\/small><\/p>\n","protected":false},"excerpt":{"rendered":"<p><strong>Vallejo Model Color 70943 Grey Blue Acrylfarbe in 18 ml Tropfflasche, ideal f\u00fcr Miniaturen und Modellbau.<\/strong> Formel mit ausgezeichnetem Fluss, hoher Deckkraft und einem glatten matten Finish, das die feinsten Details bewahrt. Schnelltrocknend und in einer praktischen Tropfflasche f\u00fcr effiziente Anwendung und langanhaltende Konservierung pr\u00e4sentiert.<\/p>\n","protected":false},"featured_media":18675,"comment_status":"open","ping_status":"closed","template":"","meta":{"site-sidebar-layout":"default","site-content-layout":"","ast-site-content-layout":"default","site-content-style":"default","site-sidebar-style":"default","ast-global-header-display":"","ast-banner-title-visibility":"","ast-main-header-display":"","ast-hfb-above-header-display":"","ast-hfb-below-header-display":"","ast-hfb-mobile-header-display":"","site-post-title":"","ast-breadcrumbs-content":"","ast-featured-img":"","footer-sml-layout":"","ast-disable-related-posts":"","theme-transparent-header-meta":"default","adv-header-id-meta":"","stick-header-meta":"default","header-above-stick-meta":"","header-main-stick-meta":"","header-below-stick-meta":"","astra-migrate-meta-layouts":"default","ast-page-background-enabled":"default","ast-page-background-meta":{"desktop":{"background-color":"var(--ast-global-color-4)","background-image":"","background-repeat":"repeat","background-position":"center center","background-size":"auto","background-attachment":"scroll","background-type":"","background-media":"","overlay-type":"","overlay-color":"","overlay-opacity":"","overlay-gradient":""},"tablet":{"background-color":"","background-image":"","background-repeat":"repeat","background-position":"center center","background-size":"auto","background-attachment":"scroll","background-type":"","background-media":"","overlay-type":"","overlay-color":"","overlay-opacity":"","overlay-gradient":""},"mobile":{"background-color":"","background-image":"","background-repeat":"repeat","background-position":"center center","background-size":"auto","background-attachment":"scroll","background-type":"","background-media":"","overlay-type":"","overlay-color":"","overlay-opacity":"","overlay-gradient":""}},"ast-content-background-meta":{"desktop":{"background-color":"var(--ast-global-color-5)","background-image":"","background-repeat":"repeat","background-position":"center center","background-size":"auto","background-attachment":"scroll","background-type":"","background-media":"","overlay-type":"","overlay-color":"","overlay-opacity":"","overlay-gradient":""},"tablet":{"background-color":"var(--ast-global-color-5)","background-image":"","background-repeat":"repeat","background-position":"center center","background-size":"auto","background-attachment":"scroll","background-type":"","background-media":"","overlay-type":"","overlay-color":"","overlay-opacity":"","overlay-gradient":""},"mobile":{"background-color":"var(--ast-global-color-5)","background-image":"","background-repeat":"repeat","background-position":"center center","background-size":"auto","background-attachment":"scroll","background-type":"","background-media":"","overlay-type":"","overlay-color":"","overlay-opacity":"","overlay-gradient":""}}},"product_brand":[2242],"product_cat":[1948,2108,2138],"product_tag":[],"class_list":{"0":"post-18674","1":"product","2":"type-product","3":"status-publish","4":"has-post-thumbnail","6":"product_brand-vallejo","7":"product_cat-farben","8":"product_cat-acrylfarben","9":"product_cat-model-color-vallejo","10":"desktop-align-left","11":"tablet-align-left","12":"mobile-align-left","13":"ast-product-gallery-layout-first-image-large","14":"ast-product-gallery-with-no-image","15":"ast-magnify-disabled","16":"ast-product-tabs-layout-accordion","18":"first","19":"instock","20":"taxable","21":"shipping-taxable","22":"purchasable","23":"product-type-simple"},"_links":{"self":[{"href":"https:\/\/craftyminis.com\/de\/wp-json\/wp\/v2\/product\/18674","targetHints":{"allow":["GET"]}}],"collection":[{"href":"https:\/\/craftyminis.com\/de\/wp-json\/wp\/v2\/product"}],"about":[{"href":"https:\/\/craftyminis.com\/de\/wp-json\/wp\/v2\/types\/product"}],"replies":[{"embeddable":true,"href":"https:\/\/craftyminis.com\/de\/wp-json\/wp\/v2\/comments?post=18674"}],"wp:featuredmedia":[{"embeddable":true,"href":"https:\/\/craftyminis.com\/de\/wp-json\/wp\/v2\/media\/18675"}],"wp:attachment":[{"href":"https:\/\/craftyminis.com\/de\/wp-json\/wp\/v2\/media?parent=18674"}],"wp:term":[{"taxonomy":"product_brand","embeddable":true,"href":"https:\/\/craftyminis.com\/de\/wp-json\/wp\/v2\/product_brand?post=18674"},{"taxonomy":"product_cat","embeddable":true,"href":"https:\/\/craftyminis.com\/de\/wp-json\/wp\/v2\/product_cat?post=18674"},{"taxonomy":"product_tag","embeddable":true,"href":"https:\/\/craftyminis.com\/de\/wp-json\/wp\/v2\/product_tag?post=18674"}],"curies":[{"name":"wp","href":"https:\/\/api.w.org\/{rel}","templated":true}]}}