{"id":18474,"date":"2026-02-09T09:46:14","date_gmt":"2026-02-09T08:46:14","guid":{"rendered":"https:\/\/craftyminis.com\/unkategorisiert\/vallejo-model-color-70885-pastel-green\/"},"modified":"2026-02-09T09:46:14","modified_gmt":"2026-02-09T08:46:14","slug":"vallejo-model-color-70885-pastel-green","status":"publish","type":"product","link":"https:\/\/craftyminis.com\/de\/farben\/vallejo-model-color-70885-pastel-green\/","title":{"rendered":"Vallejo Model Color 70885 Pastel Green"},"content":{"rendered":"<h2>Perfektionieren Sie Ihre Miniaturen und Modellbau mit <strong>Vallejo Model Color 70885 Pastel Green Acrylfarbe.<\/strong><\/h2>\n<p>Dieser pastellgr\u00fcne Ton ist ideal, um <strong>weiche Highlights und \u00dcberg\u00e4nge<\/strong> auf gr\u00fcnen Fl\u00e4chen zu schaffen, perfekt zum Bemalen von <strong>heller Vegetation, frischen Bl\u00e4ttern und Reflexionen<\/strong> auf Diorama-Basen. Er eignet sich auch hervorragend zur Nachbildung von <strong>verwitterten Oberfl\u00e4chen, sonnenverblasster Farbe und \u201eMint\u201c-T\u00f6nen<\/strong> auf Fahrzeugen, Paneelen und urbanen Szenerien. Au\u00dferdem ist er ausgezeichnet f\u00fcr subtile <strong>magische\/Energieeffekte<\/strong> und zum Hervorheben von <strong>Tarnmustern<\/strong>, ohne dabei einen nat\u00fcrlichen Look zu verlieren.<\/p>\n<p><strong>Verleihen Sie Ihren Modellen und Miniaturen ein professionelles Finish mit Model Color, der Wahl anspruchsvoller Hobbyisten.<\/strong><\/p>\n<p>Die <a href=\"https:\/\/craftyminis.com\/de\/farben\/acrylfarben\/model-color-vallejo-2\/\"><strong>Model Color<\/strong><\/a> Serie verf\u00fcgt \u00fcber eine neue Formulierung, die au\u00dfergew\u00f6hnlichen Fluss, hohe Deckkraft und ein verbessertes mattes Finish kombiniert. Entwickelt, um konsistente, hochwertige Ergebnisse zu liefern, ist diese Acrylfarbenlinie ideal f\u00fcr die Arbeit an Miniaturen, Modellbau und Projekten jeglichen Themas.<\/p>\n<p><strong>Hauptmerkmale:<\/strong><\/p>\n<ul>\n<li><strong>Schnelltrocknend:<\/strong> Die Farben trocknen schnell und bilden eine glatte, gleichm\u00e4\u00dfige Schicht, die sich perfekt ausgleicht und selbst feinste Details an Ihren Modellen bewahrt.<\/li>\n<li><strong>Leicht aufzutragen:<\/strong> Empfohlen f\u00fcr die Anwendung auf grundierten Oberfl\u00e4chen, garantieren diese Farben ein sauberes und gleichm\u00e4\u00dfiges Finish.<\/li>\n<li><strong>Praktische Flasche:<\/strong> Die 18-ml-Tropfflaschen verhindern Verdunstung und vorzeitiges Trocknen der Farbe, sodass Sie nur die ben\u00f6tigte Menge verwenden und den Inhalt l\u00e4nger aufbewahren k\u00f6nnen.<\/li>\n<\/ul>\n<p><strong>Warum Model Color w\u00e4hlen:<\/strong><br \/>\nDiese Serie wurde mit Blick auf die Bed\u00fcrfnisse von Modellbauern entwickelt und bietet zuverl\u00e4ssige und vielseitige Farbe. Egal, ob Sie mit dem Pinsel fein detaillierte Miniaturen oder gro\u00dfe Fl\u00e4chen von Modellen bemalen, Model Color sorgt f\u00fcr ein pr\u00e4zises, professionelles Finish.<\/p>\n<p>Erh\u00e4ltlich in einer gro\u00dfen Vielfalt an Farbt\u00f6nen, ist diese Farbe perfekt f\u00fcr alle Arten von Projekten, von historischen Figuren bis hin zu Fahrzeugen, Geb\u00e4uden und Szenerien.<\/p>\n<p><strong>Anwendungsempfehlungen:<\/strong><br \/>\nF\u00fcr beste Ergebnisse tragen Sie Model Color auf eine richtig grundierte Oberfl\u00e4che auf. Verwenden Sie d\u00fcnne, gleichm\u00e4\u00dfige Schichten, um die Haftung zu maximieren und alle Details scharf zu halten.<\/p>\n<p>Verbessern Sie Ihre Modellbauprojekte mit <a href=\"\/en\/brand\/vallejo\/\">Vallejo<\/a> Model Color 70885 Pastel Green Acrylfarbe. Perfekt, um <strong>weiche Highlights, realistischen Verschlei\u00df und nat\u00fcrliche \u00dcberg\u00e4nge<\/strong> auf Miniaturen und Dioramen zu erzielen.<\/p>\n<p><small>Weitere technische Details finden Sie auf der <a href=\"https:\/\/acrylicosvallejo.com\/\" target=\"_blank\" rel=\"noopener\">offiziellen Vallejo-Website<\/a>.<\/small><\/p>\n","protected":false},"excerpt":{"rendered":"<p><strong>Vallejo Model Color 70885 Pastel Green Acrylfarbe in einer 18-ml-Flasche, ideal f\u00fcr Miniaturen und Modellbau.<\/strong> Formel mit ausgezeichnetem Fluss, hoher Deckkraft und einem glatten matten Finish, das die feinsten Details bewahrt. Schnelltrocknend und in einer praktischen Tropfflasche f\u00fcr effiziente Anwendung und langanhaltende Konservierung pr\u00e4sentiert.<\/p>\n","protected":false},"featured_media":18475,"comment_status":"open","ping_status":"closed","template":"","meta":{"site-sidebar-layout":"default","site-content-layout":"","ast-site-content-layout":"default","site-content-style":"default","site-sidebar-style":"default","ast-global-header-display":"","ast-banner-title-visibility":"","ast-main-header-display":"","ast-hfb-above-header-display":"","ast-hfb-below-header-display":"","ast-hfb-mobile-header-display":"","site-post-title":"","ast-breadcrumbs-content":"","ast-featured-img":"","footer-sml-layout":"","ast-disable-related-posts":"","theme-transparent-header-meta":"default","adv-header-id-meta":"","stick-header-meta":"default","header-above-stick-meta":"","header-main-stick-meta":"","header-below-stick-meta":"","astra-migrate-meta-layouts":"default","ast-page-background-enabled":"default","ast-page-background-meta":{"desktop":{"background-color":"var(--ast-global-color-4)","background-image":"","background-repeat":"repeat","background-position":"center center","background-size":"auto","background-attachment":"scroll","background-type":"","background-media":"","overlay-type":"","overlay-color":"","overlay-opacity":"","overlay-gradient":""},"tablet":{"background-color":"","background-image":"","background-repeat":"repeat","background-position":"center center","background-size":"auto","background-attachment":"scroll","background-type":"","background-media":"","overlay-type":"","overlay-color":"","overlay-opacity":"","overlay-gradient":""},"mobile":{"background-color":"","background-image":"","background-repeat":"repeat","background-position":"center center","background-size":"auto","background-attachment":"scroll","background-type":"","background-media":"","overlay-type":"","overlay-color":"","overlay-opacity":"","overlay-gradient":""}},"ast-content-background-meta":{"desktop":{"background-color":"var(--ast-global-color-5)","background-image":"","background-repeat":"repeat","background-position":"center center","background-size":"auto","background-attachment":"scroll","background-type":"","background-media":"","overlay-type":"","overlay-color":"","overlay-opacity":"","overlay-gradient":""},"tablet":{"background-color":"var(--ast-global-color-5)","background-image":"","background-repeat":"repeat","background-position":"center center","background-size":"auto","background-attachment":"scroll","background-type":"","background-media":"","overlay-type":"","overlay-color":"","overlay-opacity":"","overlay-gradient":""},"mobile":{"background-color":"var(--ast-global-color-5)","background-image":"","background-repeat":"repeat","background-position":"center center","background-size":"auto","background-attachment":"scroll","background-type":"","background-media":"","overlay-type":"","overlay-color":"","overlay-opacity":"","overlay-gradient":""}}},"product_brand":[2242],"product_cat":[1948,2108,2138],"product_tag":[],"class_list":{"0":"post-18474","1":"product","2":"type-product","3":"status-publish","4":"has-post-thumbnail","6":"product_brand-vallejo","7":"product_cat-farben","8":"product_cat-acrylfarben","9":"product_cat-model-color-vallejo","10":"desktop-align-left","11":"tablet-align-left","12":"mobile-align-left","13":"ast-product-gallery-layout-first-image-large","14":"ast-product-gallery-with-no-image","15":"ast-magnify-disabled","16":"ast-product-tabs-layout-accordion","18":"first","19":"instock","20":"taxable","21":"shipping-taxable","22":"purchasable","23":"product-type-simple"},"_links":{"self":[{"href":"https:\/\/craftyminis.com\/de\/wp-json\/wp\/v2\/product\/18474","targetHints":{"allow":["GET"]}}],"collection":[{"href":"https:\/\/craftyminis.com\/de\/wp-json\/wp\/v2\/product"}],"about":[{"href":"https:\/\/craftyminis.com\/de\/wp-json\/wp\/v2\/types\/product"}],"replies":[{"embeddable":true,"href":"https:\/\/craftyminis.com\/de\/wp-json\/wp\/v2\/comments?post=18474"}],"wp:featuredmedia":[{"embeddable":true,"href":"https:\/\/craftyminis.com\/de\/wp-json\/wp\/v2\/media\/18475"}],"wp:attachment":[{"href":"https:\/\/craftyminis.com\/de\/wp-json\/wp\/v2\/media?parent=18474"}],"wp:term":[{"taxonomy":"product_brand","embeddable":true,"href":"https:\/\/craftyminis.com\/de\/wp-json\/wp\/v2\/product_brand?post=18474"},{"taxonomy":"product_cat","embeddable":true,"href":"https:\/\/craftyminis.com\/de\/wp-json\/wp\/v2\/product_cat?post=18474"},{"taxonomy":"product_tag","embeddable":true,"href":"https:\/\/craftyminis.com\/de\/wp-json\/wp\/v2\/product_tag?post=18474"}],"curies":[{"name":"wp","href":"https:\/\/api.w.org\/{rel}","templated":true}]}}