{"id":18230,"date":"2026-02-10T15:25:20","date_gmt":"2026-02-10T14:25:20","guid":{"rendered":"https:\/\/craftyminis.com\/unkategorisiert\/vallejo-model-color-70757-pacific-green\/"},"modified":"2026-02-10T15:25:20","modified_gmt":"2026-02-10T14:25:20","slug":"vallejo-model-color-70757-pacific-green","status":"publish","type":"product","link":"https:\/\/craftyminis.com\/de\/farben\/vallejo-model-color-70757-pacific-green\/","title":{"rendered":"Vallejo Model Color 70757 Pacific Green"},"content":{"rendered":"<h2>Perfektionieren Sie Ihre Miniaturen und Modelle mit <strong>Vallejo Model Color 70757 Pacific Green Acrylfarbe.<\/strong><\/h2>\n<p>Dieser Pacific-Gr\u00fcnton ist perfekt, um <strong>k\u00fchle, leicht bl\u00e4uliche Gr\u00fcnt\u00f6ne<\/strong> nachzubilden, ideal zum Bemalen von <strong>Uniformen, Tarnmustern und Ausr\u00fcstung<\/strong> mit einem Look, der sich von klassischen Olivt\u00f6nen abhebt. Er eignet sich auch hervorragend zur Darstellung von <strong>nasser Vegetation, Moos und Dschungelumgebungen<\/strong> auf Dioramenbasen und ist ausgezeichnet, um <strong>Schatten und \u00dcberg\u00e4nge<\/strong> in Gr\u00fcnt\u00f6nen zu schaffen, wenn er mit T\u00fcrkis- oder helleren Gr\u00fcnt\u00f6nen kombiniert wird, was Miniaturen und Szenerien Tiefe und Realismus verleiht.<\/p>\n<p><strong>Verleihen Sie Ihren Modellen und Miniaturen ein professionelles Finish mit Model Color, der Wahl anspruchsvoller Modellbauer.<\/strong><\/p>\n<p>Die <a href=\"https:\/\/craftyminis.com\/de\/farben\/acrylfarben\/model-color-vallejo-2\/\"><strong>Model Color<\/strong><\/a> Reihe bietet eine neue Formulierung, die au\u00dfergew\u00f6hnlichen Fluss, hohe Deckkraft und ein verbessertes mattes Finish kombiniert. Entwickelt, um konsistente, hochwertige Ergebnisse zu liefern, ist diese Acrylfarbenlinie ideal f\u00fcr die Arbeit mit Miniaturen, Modellbau und Hobbyprojekten jeglichen Themas.<\/p>\n<p><strong>Hauptmerkmale:<\/strong><\/p>\n<ul>\n<li><strong>Schnelltrocknend:<\/strong> Die Farben trocknen schnell und bilden eine homogene Schicht, die sich perfekt nivelliert und selbst feinste Details Ihrer Modelle bewahrt.<\/li>\n<li><strong>Leicht aufzutragen:<\/strong> Empfohlen f\u00fcr die Anwendung auf grundierten Oberfl\u00e4chen, garantieren diese Farben ein sauberes und gleichm\u00e4\u00dfiges Finish.<\/li>\n<li><strong>Praktischer Beh\u00e4lter:<\/strong> Die 18-ml-Flaschen mit Tropfer verhindern Verdunstung und vorzeitiges Trocknen der Farbe, sodass Sie nur die ben\u00f6tigte Menge verwenden und den Rest l\u00e4nger aufbewahren k\u00f6nnen.<\/li>\n<\/ul>\n<p><strong>Warum Model Color w\u00e4hlen:<\/strong><br \/>\nDiese Reihe ist auf die Bed\u00fcrfnisse von Modellbauern zugeschnitten und bietet zuverl\u00e4ssige und vielseitige Farbe. Ob Sie mit dem Pinsel an detaillierten Miniaturen oder gro\u00dfen Modellfl\u00e4chen arbeiten, Model Color sorgt f\u00fcr ein pr\u00e4zises, professionelles Finish.<\/p>\n<p><strong>Anwendungsempfehlungen:<\/strong><br \/>\nF\u00fcr beste Ergebnisse tragen Sie Model Color auf eine zuvor grundierte Oberfl\u00e4che auf. Verwenden Sie d\u00fcnne, gleichm\u00e4\u00dfige Schichten, um die Haftung zu maximieren und jedes Detail scharf zu halten.<\/p>\n<p>Verbessern Sie Ihre Modellbauprojekte mit <a href=\"\/en\/brand\/vallejo\/\">Vallejo<\/a> Model Color 70757 Pacific Green Acrylfarbe. Perfekt, um <strong>k\u00fchle Gr\u00fcnt\u00f6ne, nasse Vegetation und realistische Tarnungen<\/strong> auf Miniaturen und Dioramen zu erzielen.<\/p>\n<p><small>Weitere technische Details finden Sie auf der <a href=\"https:\/\/acrylicosvallejo.com\/\" target=\"_blank\" rel=\"noopener\">offiziellen Vallejo-Website<\/a>.<\/small><\/p>\n","protected":false},"excerpt":{"rendered":"<p><strong>Vallejo Modell 70757 Pacific Green Acrylfarbe in 18 ml Flasche, ideal f\u00fcr Modellbau und Miniaturen.<\/strong> Formel mit ausgezeichnetem Fluss, hoher Deckkraft und einem glatten matten Finish, das die feinsten Details bewahrt. Schnelltrocknend und geliefert in einer praktischen Tropfflasche f\u00fcr effiziente Nutzung und langfristige Konservierung.<\/p>\n","protected":false},"featured_media":18231,"comment_status":"open","ping_status":"closed","template":"","meta":{"site-sidebar-layout":"default","site-content-layout":"","ast-site-content-layout":"default","site-content-style":"default","site-sidebar-style":"default","ast-global-header-display":"","ast-banner-title-visibility":"","ast-main-header-display":"","ast-hfb-above-header-display":"","ast-hfb-below-header-display":"","ast-hfb-mobile-header-display":"","site-post-title":"","ast-breadcrumbs-content":"","ast-featured-img":"","footer-sml-layout":"","ast-disable-related-posts":"","theme-transparent-header-meta":"default","adv-header-id-meta":"","stick-header-meta":"default","header-above-stick-meta":"","header-main-stick-meta":"","header-below-stick-meta":"","astra-migrate-meta-layouts":"default","ast-page-background-enabled":"default","ast-page-background-meta":{"desktop":{"background-color":"var(--ast-global-color-4)","background-image":"","background-repeat":"repeat","background-position":"center center","background-size":"auto","background-attachment":"scroll","background-type":"","background-media":"","overlay-type":"","overlay-color":"","overlay-opacity":"","overlay-gradient":""},"tablet":{"background-color":"","background-image":"","background-repeat":"repeat","background-position":"center center","background-size":"auto","background-attachment":"scroll","background-type":"","background-media":"","overlay-type":"","overlay-color":"","overlay-opacity":"","overlay-gradient":""},"mobile":{"background-color":"","background-image":"","background-repeat":"repeat","background-position":"center center","background-size":"auto","background-attachment":"scroll","background-type":"","background-media":"","overlay-type":"","overlay-color":"","overlay-opacity":"","overlay-gradient":""}},"ast-content-background-meta":{"desktop":{"background-color":"var(--ast-global-color-5)","background-image":"","background-repeat":"repeat","background-position":"center center","background-size":"auto","background-attachment":"scroll","background-type":"","background-media":"","overlay-type":"","overlay-color":"","overlay-opacity":"","overlay-gradient":""},"tablet":{"background-color":"var(--ast-global-color-5)","background-image":"","background-repeat":"repeat","background-position":"center center","background-size":"auto","background-attachment":"scroll","background-type":"","background-media":"","overlay-type":"","overlay-color":"","overlay-opacity":"","overlay-gradient":""},"mobile":{"background-color":"var(--ast-global-color-5)","background-image":"","background-repeat":"repeat","background-position":"center center","background-size":"auto","background-attachment":"scroll","background-type":"","background-media":"","overlay-type":"","overlay-color":"","overlay-opacity":"","overlay-gradient":""}}},"product_brand":[2242],"product_cat":[1948,2108,2138],"product_tag":[],"class_list":{"0":"post-18230","1":"product","2":"type-product","3":"status-publish","4":"has-post-thumbnail","6":"product_brand-vallejo","7":"product_cat-farben","8":"product_cat-acrylfarben","9":"product_cat-model-color-vallejo","10":"desktop-align-left","11":"tablet-align-left","12":"mobile-align-left","13":"ast-product-gallery-layout-first-image-large","14":"ast-product-gallery-with-no-image","15":"ast-magnify-disabled","16":"ast-product-tabs-layout-accordion","18":"first","19":"instock","20":"taxable","21":"shipping-taxable","22":"purchasable","23":"product-type-simple"},"_links":{"self":[{"href":"https:\/\/craftyminis.com\/de\/wp-json\/wp\/v2\/product\/18230","targetHints":{"allow":["GET"]}}],"collection":[{"href":"https:\/\/craftyminis.com\/de\/wp-json\/wp\/v2\/product"}],"about":[{"href":"https:\/\/craftyminis.com\/de\/wp-json\/wp\/v2\/types\/product"}],"replies":[{"embeddable":true,"href":"https:\/\/craftyminis.com\/de\/wp-json\/wp\/v2\/comments?post=18230"}],"wp:featuredmedia":[{"embeddable":true,"href":"https:\/\/craftyminis.com\/de\/wp-json\/wp\/v2\/media\/18231"}],"wp:attachment":[{"href":"https:\/\/craftyminis.com\/de\/wp-json\/wp\/v2\/media?parent=18230"}],"wp:term":[{"taxonomy":"product_brand","embeddable":true,"href":"https:\/\/craftyminis.com\/de\/wp-json\/wp\/v2\/product_brand?post=18230"},{"taxonomy":"product_cat","embeddable":true,"href":"https:\/\/craftyminis.com\/de\/wp-json\/wp\/v2\/product_cat?post=18230"},{"taxonomy":"product_tag","embeddable":true,"href":"https:\/\/craftyminis.com\/de\/wp-json\/wp\/v2\/product_tag?post=18230"}],"curies":[{"name":"wp","href":"https:\/\/api.w.org\/{rel}","templated":true}]}}