{"id":18036,"date":"2025-01-02T11:47:13","date_gmt":"2025-01-02T10:47:13","guid":{"rendered":"https:\/\/craftyminis.com\/unkategorisiert\/battleship-bismarck-1700\/"},"modified":"2025-01-02T11:47:13","modified_gmt":"2025-01-02T10:47:13","slug":"battleship-bismarck-1700","status":"publish","type":"product","link":"https:\/\/craftyminis.com\/de\/modellbausaetze\/battleship-bismarck-1700\/","title":{"rendered":"Battleship Bismarck &#8211; Revell 1:700"},"content":{"rendered":"<p>Das Schlachtschiff Bismarck, eines der ikonischsten Kriegsschiffe des Zweiten Weltkriegs, war ein imposantes 251 Meter langes Schiff, das am 24. August 1940 in Dienst gestellt wurde. Seine Rolle bei der Operation Rhein\u00fcbung sicherte ihm einen Platz in der Marinegeschichte. Im Mai 1941 nahm es an einer Seeschlacht vor Gr\u00f6nland teil und versenkte den britischen Schlachtkreuzer HMS Hood. Nachdem es jedoch am Bug besch\u00e4digt wurde, wurde es von britischen Streitkr\u00e4ften verfolgt und schlie\u00dflich am 27. Mai 1941 im Atlantik versenkt.<\/p>\n<p>Dieses Modellbausatz stellt das Schlachtschiff Bismarck mit aufwendigen Details wie Nieten und b\u00fcndigen Verbindungen originalgetreu nach. Wichtige Merkmale des Bausatzes sind:<\/p>\n<ul>\n<li>Ein detaillierter Rumpf mit einem pr\u00e4zisen Antriebssystem.<\/li>\n<li>Realistisch gestaltete Decks mit Plankenstruktur.<\/li>\n<li>T\u00fcrme mit einzeln beweglichen Rohren.<\/li>\n<li>Fein gearbeitete Masten.<\/li>\n<li>18 Boote und 2 Arado 196 Wasserflugzeuge.<\/li>\n<li>Detaillierte Kr\u00e4ne mit Takelage.<\/li>\n<li>Pr\u00e4sentationsst\u00e4nder f\u00fcr eine ansprechende Ausstellung inklusive.<\/li>\n<\/ul>\n<p><strong>Lackierungsoptionen:<\/strong><\/p>\n<ul>\n<li>Ostsee, Winter 1940\/41.<\/li>\n<li>Ostsee, M\u00e4rz 1941.<\/li>\n<\/ul>\n<p><strong>Bausatzinhalt:<\/strong><br \/>\nEnth\u00e4lt alle notwendigen Komponenten zum Zusammenbau des Modells, detaillierte Anleitungen und Decals f\u00fcr eine historisch genaue Gestaltung.<\/p>\n","protected":false},"excerpt":{"rendered":"<p>Bauen Sie ein Modell im Ma\u00dfstab 1:25 des legend\u00e4ren Mustang Boss 351 von 1971. Mit 120 Teilen, einem detaillierten V8-Motor, funktionierender Motorhaube und verchromten Details f\u00e4ngt dieses Set die Essenz der amerikanischen Muscle Cars ein und ist ein Highlight f\u00fcr jede Sammlung.<\/p>\n<p>[paints_data]<\/p>\n","protected":false},"featured_media":18040,"comment_status":"open","ping_status":"closed","template":"","meta":{"site-sidebar-layout":"default","site-content-layout":"","ast-site-content-layout":"default","site-content-style":"default","site-sidebar-style":"default","ast-global-header-display":"","ast-banner-title-visibility":"","ast-main-header-display":"","ast-hfb-above-header-display":"","ast-hfb-below-header-display":"","ast-hfb-mobile-header-display":"","site-post-title":"","ast-breadcrumbs-content":"","ast-featured-img":"","footer-sml-layout":"","ast-disable-related-posts":"","theme-transparent-header-meta":"default","adv-header-id-meta":"","stick-header-meta":"default","header-above-stick-meta":"","header-main-stick-meta":"","header-below-stick-meta":"","astra-migrate-meta-layouts":"default","ast-page-background-enabled":"default","ast-page-background-meta":{"desktop":{"background-color":"var(--ast-global-color-4)","background-image":"","background-repeat":"repeat","background-position":"center center","background-size":"auto","background-attachment":"scroll","background-type":"","background-media":"","overlay-type":"","overlay-color":"","overlay-opacity":"","overlay-gradient":""},"tablet":{"background-color":"","background-image":"","background-repeat":"repeat","background-position":"center center","background-size":"auto","background-attachment":"scroll","background-type":"","background-media":"","overlay-type":"","overlay-color":"","overlay-opacity":"","overlay-gradient":""},"mobile":{"background-color":"","background-image":"","background-repeat":"repeat","background-position":"center center","background-size":"auto","background-attachment":"scroll","background-type":"","background-media":"","overlay-type":"","overlay-color":"","overlay-opacity":"","overlay-gradient":""}},"ast-content-background-meta":{"desktop":{"background-color":"var(--ast-global-color-5)","background-image":"","background-repeat":"repeat","background-position":"center center","background-size":"auto","background-attachment":"scroll","background-type":"","background-media":"","overlay-type":"","overlay-color":"","overlay-opacity":"","overlay-gradient":""},"tablet":{"background-color":"var(--ast-global-color-5)","background-image":"","background-repeat":"repeat","background-position":"center center","background-size":"auto","background-attachment":"scroll","background-type":"","background-media":"","overlay-type":"","overlay-color":"","overlay-opacity":"","overlay-gradient":""},"mobile":{"background-color":"var(--ast-global-color-5)","background-image":"","background-repeat":"repeat","background-position":"center center","background-size":"auto","background-attachment":"scroll","background-type":"","background-media":"","overlay-type":"","overlay-color":"","overlay-opacity":"","overlay-gradient":""}}},"product_brand":[2226],"product_cat":[1741,1779,1780],"product_tag":[],"class_list":{"0":"post-18036","1":"product","2":"type-product","3":"status-publish","4":"has-post-thumbnail","6":"product_brand-revell","7":"product_cat-modellbausaetze","8":"product_cat-schiffe","9":"product_cat-schiffe-revell","10":"desktop-align-left","11":"tablet-align-left","12":"mobile-align-left","13":"ast-product-gallery-layout-first-image-large","14":"ast-magnify-disabled","15":"ast-product-tabs-layout-accordion","17":"first","18":"instock","19":"taxable","20":"shipping-taxable","21":"purchasable","22":"product-type-simple"},"_links":{"self":[{"href":"https:\/\/craftyminis.com\/de\/wp-json\/wp\/v2\/product\/18036","targetHints":{"allow":["GET"]}}],"collection":[{"href":"https:\/\/craftyminis.com\/de\/wp-json\/wp\/v2\/product"}],"about":[{"href":"https:\/\/craftyminis.com\/de\/wp-json\/wp\/v2\/types\/product"}],"replies":[{"embeddable":true,"href":"https:\/\/craftyminis.com\/de\/wp-json\/wp\/v2\/comments?post=18036"}],"wp:featuredmedia":[{"embeddable":true,"href":"https:\/\/craftyminis.com\/de\/wp-json\/wp\/v2\/media\/18040"}],"wp:attachment":[{"href":"https:\/\/craftyminis.com\/de\/wp-json\/wp\/v2\/media?parent=18036"}],"wp:term":[{"taxonomy":"product_brand","embeddable":true,"href":"https:\/\/craftyminis.com\/de\/wp-json\/wp\/v2\/product_brand?post=18036"},{"taxonomy":"product_cat","embeddable":true,"href":"https:\/\/craftyminis.com\/de\/wp-json\/wp\/v2\/product_cat?post=18036"},{"taxonomy":"product_tag","embeddable":true,"href":"https:\/\/craftyminis.com\/de\/wp-json\/wp\/v2\/product_tag?post=18036"}],"curies":[{"name":"wp","href":"https:\/\/api.w.org\/{rel}","templated":true}]}}