{"id":17238,"date":"2025-01-13T09:45:50","date_gmt":"2025-01-13T08:45:50","guid":{"rendered":"https:\/\/craftyminis.com\/unkategorisiert\/soviet-ball-tank-miniart-135\/"},"modified":"2026-02-24T13:54:47","modified_gmt":"2026-02-24T12:54:47","slug":"soviet-ball-tank-miniart-135","status":"publish","type":"product","link":"https:\/\/craftyminis.com\/de\/modellbausaetze\/soviet-ball-tank-miniart-135\/","title":{"rendered":"Soviet Ball Tank with Winter Ski &#8211; MiniArt 1:35"},"content":{"rendered":"<div class=\"flex max-w-full flex-col flex-grow\">\n<div class=\"min-h-8 text-message flex w-full flex-col items-end gap-2 whitespace-normal break-words text-start [.text-message+&amp;]:mt-5\" dir=\"auto\" data-message-author-role=\"assistant\" data-message-id=\"ec58c06d-028f-4b4d-861b-187c6bf83d28\" data-message-model-slug=\"gpt-4o\">\n<div class=\"flex w-full flex-col gap-1 empty:hidden first:pt-[3px]\">\n<div class=\"markdown prose w-full break-words dark:prose-invert light\">\n<div class=\"flex max-w-full flex-col flex-grow\">\n<div class=\"min-h-8 text-message flex w-full flex-col items-end gap-2 whitespace-normal break-words text-start [.text-message+&amp;]:mt-5\" dir=\"auto\" data-message-author-role=\"assistant\" data-message-id=\"dba85688-f9bb-448b-a451-a3b85f4fc592\" data-message-model-slug=\"gpt-4o\">\n<div class=\"flex w-full flex-col gap-1 empty:hidden first:pt-[3px]\">\n<div class=\"markdown prose w-full break-words dark:prose-invert light\">\n<div class=\"flex max-w-full flex-col flex-grow\">\n<div class=\"min-h-8 text-message flex w-full flex-col items-end gap-2 whitespace-normal break-words text-start [.text-message+&amp;]:mt-5\" dir=\"auto\" data-message-author-role=\"assistant\" data-message-id=\"ba58fbe1-8cd0-4041-8866-04a1ba796c5f\" data-message-model-slug=\"gpt-4o\">\n<div class=\"flex w-full flex-col gap-1 empty:hidden first:pt-[3px]\">\n<div class=\"markdown prose w-full break-words dark:prose-invert light\">\n<p>Entdecken Sie das faszinierende Modell im Ma\u00dfstab 1:35 des <strong>Sowjetischer Kugelpanzer mit Winter Ski von Miniart<\/strong>, ein Meisterwerk, das sowohl f\u00fcr Modellbau-Enthusiasten als auch f\u00fcr Geschichtsinteressierte entworfen wurde. Dieses einzigartige Set, inspiriert von einem konzeptionellen Entwurf aus dem Zweiten Weltkrieg, zeigt die Einfallsreichtum und den Ehrgeiz sowjetischer Ingenieure bei der Suche nach innovativen Kampfl\u00f6sungen.<\/p>\n<p>Der <strong>Sowjetischer Kugelpanzer<\/strong>, auch als Kugelpanzer bezeichnet, war eine bahnbrechende Idee, die darauf abzielte, die Man\u00f6vrierf\u00e4higkeit im unwegsamen Gel\u00e4nde zu maximieren und gleichzeitig die Sichtbarkeit f\u00fcr den Feind zu minimieren. Obwohl er nie in Serienproduktion ging, bleibt das Konzept ein Symbol f\u00fcr mutige milit\u00e4rische Ingenieurskunst.<\/p>\n<p>Dieses Set bietet au\u00dfergew\u00f6hnliche Details und ist ideal f\u00fcr fortgeschrittene Modellbauer, die jeden Aspekt dieses au\u00dfergew\u00f6hnlichen Fahrzeugs nachbilden m\u00f6chten. Es verf\u00fcgt \u00fcber ein <strong>vollst\u00e4ndig detailliertes Innenleben<\/strong>, klare Teile f\u00fcr zus\u00e4tzliche Realit\u00e4tsn\u00e4he und die M\u00f6glichkeit, Luken offen oder geschlossen darzustellen. Ausgestattet mit Winterskiern f\u00e4ngt das Modell die harten Bedingungen ein, f\u00fcr die es entworfen wurde, und ergibt eine wirklich beeindruckende Nachbildung.<\/p>\n<p>Mit einem Decalbogen, der sechs verschiedene Varianten bietet, erm\u00f6glicht dieses Set die individuelle Gestaltung Ihres Projekts, um historische Genauigkeit oder Ihre eigene kreative Vision widerzuspiegeln. Perfekt zur Ausstellung oder als Leinwand, um fortgeschrittene Mal- und Alterungstechniken zu perfektionieren, ist dieses Modell ein Muss f\u00fcr engagierte Hobbyisten.<\/p>\n<\/div>\n<\/div>\n<\/div>\n<\/div>\n<div class=\"mb-2 flex gap-3 empty:hidden -ml-2\">\n<div class=\"items-center justify-start rounded-xl p-1 flex\">\n<div class=\"flex items-center\"><\/div>\n<\/div>\n<\/div>\n<\/div>\n<\/div>\n<\/div>\n<\/div>\n<\/div>\n<\/div>\n<\/div>\n<\/div>\n","protected":false},"excerpt":{"rendered":"<p>Entdecken Sie das unglaubliche <strong>Sowjetischer Kugelpanzer Modell von Miniart<\/strong> im Ma\u00dfstab 1:35, mit einem vollst\u00e4ndig detaillierten Innenraum, klaren Teilen und Winterskiern. Perfekt f\u00fcr fortgeschrittene Modellbauer und Geschichtsbegeisterte.<br \/>\n[paints_data]<\/p>\n","protected":false},"featured_media":17239,"comment_status":"open","ping_status":"closed","template":"","meta":{"site-sidebar-layout":"default","site-content-layout":"","ast-site-content-layout":"default","site-content-style":"default","site-sidebar-style":"default","ast-global-header-display":"","ast-banner-title-visibility":"","ast-main-header-display":"","ast-hfb-above-header-display":"","ast-hfb-below-header-display":"","ast-hfb-mobile-header-display":"","site-post-title":"","ast-breadcrumbs-content":"","ast-featured-img":"","footer-sml-layout":"","ast-disable-related-posts":"","theme-transparent-header-meta":"default","adv-header-id-meta":"","stick-header-meta":"default","header-above-stick-meta":"","header-main-stick-meta":"","header-below-stick-meta":"","astra-migrate-meta-layouts":"default","ast-page-background-enabled":"default","ast-page-background-meta":{"desktop":{"background-color":"var(--ast-global-color-4)","background-image":"","background-repeat":"repeat","background-position":"center center","background-size":"auto","background-attachment":"scroll","background-type":"","background-media":"","overlay-type":"","overlay-color":"","overlay-opacity":"","overlay-gradient":""},"tablet":{"background-color":"","background-image":"","background-repeat":"repeat","background-position":"center center","background-size":"auto","background-attachment":"scroll","background-type":"","background-media":"","overlay-type":"","overlay-color":"","overlay-opacity":"","overlay-gradient":""},"mobile":{"background-color":"","background-image":"","background-repeat":"repeat","background-position":"center center","background-size":"auto","background-attachment":"scroll","background-type":"","background-media":"","overlay-type":"","overlay-color":"","overlay-opacity":"","overlay-gradient":""}},"ast-content-background-meta":{"desktop":{"background-color":"var(--ast-global-color-5)","background-image":"","background-repeat":"repeat","background-position":"center center","background-size":"auto","background-attachment":"scroll","background-type":"","background-media":"","overlay-type":"","overlay-color":"","overlay-opacity":"","overlay-gradient":""},"tablet":{"background-color":"var(--ast-global-color-5)","background-image":"","background-repeat":"repeat","background-position":"center center","background-size":"auto","background-attachment":"scroll","background-type":"","background-media":"","overlay-type":"","overlay-color":"","overlay-opacity":"","overlay-gradient":""},"mobile":{"background-color":"var(--ast-global-color-5)","background-image":"","background-repeat":"repeat","background-position":"center center","background-size":"auto","background-attachment":"scroll","background-type":"","background-media":"","overlay-type":"","overlay-color":"","overlay-opacity":"","overlay-gradient":""}}},"product_brand":[2216],"product_cat":[1741,1870,1874],"product_tag":[],"class_list":{"0":"post-17238","1":"product","2":"type-product","3":"status-publish","4":"has-post-thumbnail","6":"product_brand-miniart","7":"product_cat-modellbausaetze","8":"product_cat-panzer","9":"product_cat-panzer-miniart","10":"desktop-align-left","11":"tablet-align-left","12":"mobile-align-left","13":"ast-product-gallery-layout-first-image-large","14":"ast-magnify-disabled","15":"ast-product-tabs-layout-accordion","17":"first","18":"instock","19":"taxable","20":"shipping-taxable","21":"purchasable","22":"product-type-simple"},"_links":{"self":[{"href":"https:\/\/craftyminis.com\/de\/wp-json\/wp\/v2\/product\/17238","targetHints":{"allow":["GET"]}}],"collection":[{"href":"https:\/\/craftyminis.com\/de\/wp-json\/wp\/v2\/product"}],"about":[{"href":"https:\/\/craftyminis.com\/de\/wp-json\/wp\/v2\/types\/product"}],"replies":[{"embeddable":true,"href":"https:\/\/craftyminis.com\/de\/wp-json\/wp\/v2\/comments?post=17238"}],"wp:featuredmedia":[{"embeddable":true,"href":"https:\/\/craftyminis.com\/de\/wp-json\/wp\/v2\/media\/17239"}],"wp:attachment":[{"href":"https:\/\/craftyminis.com\/de\/wp-json\/wp\/v2\/media?parent=17238"}],"wp:term":[{"taxonomy":"product_brand","embeddable":true,"href":"https:\/\/craftyminis.com\/de\/wp-json\/wp\/v2\/product_brand?post=17238"},{"taxonomy":"product_cat","embeddable":true,"href":"https:\/\/craftyminis.com\/de\/wp-json\/wp\/v2\/product_cat?post=17238"},{"taxonomy":"product_tag","embeddable":true,"href":"https:\/\/craftyminis.com\/de\/wp-json\/wp\/v2\/product_tag?post=17238"}],"curies":[{"name":"wp","href":"https:\/\/api.w.org\/{rel}","templated":true}]}}