{"id":17172,"date":"2026-02-03T15:48:53","date_gmt":"2026-02-03T14:48:53","guid":{"rendered":"https:\/\/craftyminis.com\/unkategorisiert\/revell-lich-king\/"},"modified":"2026-02-24T13:54:31","modified_gmt":"2026-02-24T12:54:31","slug":"revell-lich-king","status":"publish","type":"product","link":"https:\/\/craftyminis.com\/de\/modellbausaetze\/revell-lich-king\/","title":{"rendered":"Revell \u2013 Lich King: World of Warcraft 1\/16"},"content":{"rendered":"<p><strong>Revell Lich King<\/strong> im Ma\u00dfstab 1\/16 ist ein Charakter-Modellbausatz mit viel Pr\u00e4senz: gro\u00dfe Gr\u00f6\u00dfe, scharfe Details an R\u00fcstung und Umhang und ein Endergebnis, das auf der Vitrine gro\u00dfartig aussieht. Es ist ein sehr angenehmes Projekt, egal ob Sie einen einfachen Zusammenbau bevorzugen oder Zeit in eine fortgeschrittenere Bemalung investieren m\u00f6chten.  <\/p>\n<h2>Empfohlene Montage<\/h2>\n<ul>\n<li><strong>Vorbereitung:<\/strong> Entfernen Sie Gussgrate und verfeinern Sie die Verbindungen mit <a href=\"https:\/\/craftyminis.com\/de\/zubehor\/schleifpapier\/\">Schleifwerkzeugen f\u00fcr Modellbaus\u00e4tze<\/a>.<\/li>\n<li><strong>Sauberes Verkleben:<\/strong> F\u00fcr pr\u00e4zise Verbindungen verwenden Sie <a href=\"https:\/\/craftyminis.com\/de\/zubehor\/revell-contacta-professional-cement\/\">Revell Contacta Professional Klebstoff<\/a> oder sehen Sie weitere Optionen unter <a href=\"https:\/\/craftyminis.com\/de\/zubehor\/klebstoffe\/\">Klebstoffe<\/a>.<\/li>\n<li><strong>Vitrinenreifes Finish:<\/strong> Wenn Sie nahtlose Verbindungen w\u00fcnschen, verwenden Sie <a href=\"https:\/\/craftyminis.com\/de\/zubehor\/spachtelmassen\/\">Spachtelmasse<\/a>, zum Beispiel <a href=\"https:\/\/craftyminis.com\/de\/zubehor\/spachtelmassen\/vallejo-plastic-spachtelmasse-70400-18-ml-acryl-modellier-spachtelmasse\/\">Vallejo Plastic Putty 70400<\/a>.<\/li>\n<\/ul>\n<h2>Bemalung und empfohlene Materialien<\/h2>\n<p>Um einen kalten, dunklen Look zu erzielen, beginnen Sie mit einer soliden Grundierung und beenden Sie mit Schatten und Lack:  <\/p>\n<ul>\n<li><strong>Grundierung:<\/strong> W\u00e4hlen Sie aus <a href=\"https:\/\/craftyminis.com\/de\/farben\/grundierung\/\">Grundierungen<\/a>. F\u00fcr eine schnelle Spr\u00fchoption probieren Sie <a href=\"https:\/\/craftyminis.com\/de\/farben\/vallejo-black-primer-spray-28012\/\">Vallejo Black Primer Spray 28012<\/a>.<\/li>\n<li><strong>Farben:<\/strong> Finden Sie passende Farben und Metallics in unseren <a href=\"https:\/\/craftyminis.com\/de\/farben\/\">Farben f\u00fcr Modelle und Miniaturen<\/a>.<\/li>\n<li><strong>Pinsel:<\/strong> F\u00fcr Kanten und feine Details sehen Sie unsere <a href=\"https:\/\/craftyminis.com\/de\/zubehor\/pinsel\/\">Pinsel<\/a>, zum Beispiel das <a href=\"https:\/\/craftyminis.com\/de\/zubehor\/pinsel\/vallejo-detail-pinsel-set-b02991-groessen-0-1-und-2\/\">Vallejo Detail Brush Set B02991<\/a>.<\/li>\n<li><strong>Abschlie\u00dfender Lack:<\/strong> Sch\u00fctzen Sie Ihre Arbeit mit <a href=\"https:\/\/craftyminis.com\/de\/farben\/lacke\/lacke-vallejo\/\">Vallejo Lacken<\/a>, und f\u00fcr selektiven Glanz verwenden Sie <a href=\"https:\/\/craftyminis.com\/de\/farben\/vallejo-acrylic-gloss-varnish-26517\/\">Vallejo Acrylic Gloss Varnish 26517<\/a>.<\/li>\n<\/ul>\n<p>Wenn Sie Baus\u00e4tze dieser Marke m\u00f6gen, besuchen Sie <a href=\"https:\/\/craftyminis.com\/en\/brand\/revell\/\">Revell<\/a> oder st\u00f6bern Sie in der allgemeinen Kategorie <a href=\"https:\/\/craftyminis.com\/de\/modellbausaetze\/\">Modellbau im Ma\u00dfstab<\/a>. Um die Gr\u00f6\u00dfe des Bausatzes besser einsch\u00e4tzen zu k\u00f6nnen, sehen Sie sich unseren <a href=\"https:\/\/craftyminis.com\/de\/modellbau-massstabe\/\">Leitfaden zu Modellbausatz-Ma\u00dfst\u00e4ben<\/a> an.<\/p>\n","protected":false},"excerpt":{"rendered":"<p data-start=\"697\" data-end=\"858\"><strong data-start=\"697\" data-end=\"724\">Revell Lich King 1\/16<\/strong> ist ein Charaktermodell-Bausatz, perfekt f\u00fcr World of Warcraft-Fans: einfach zu bauen, macht gro\u00dfen Spa\u00df beim Bemalen und ist spektakul\u00e4r in einer Vitrine.<\/p>\n<ul data-start=\"859\" data-end=\"943\">\n<li data-start=\"859\" data-end=\"904\">\n<p data-start=\"861\" data-end=\"904\">55 Teile \u00b7 ca. 18,1 cm \u00b7 Schwierigkeitsgrad 3<\/p>\n<\/li>\n<li data-start=\"905\" data-end=\"943\">\n<p data-start=\"907\" data-end=\"943\">Enth\u00e4lt Farben, Kleber und Pinsel<\/p>\n<\/li>\n<\/ul>\n","protected":false},"featured_media":17177,"comment_status":"open","ping_status":"closed","template":"","meta":{"site-sidebar-layout":"default","site-content-layout":"","ast-site-content-layout":"default","site-content-style":"default","site-sidebar-style":"default","ast-global-header-display":"","ast-banner-title-visibility":"","ast-main-header-display":"","ast-hfb-above-header-display":"","ast-hfb-below-header-display":"","ast-hfb-mobile-header-display":"","site-post-title":"","ast-breadcrumbs-content":"","ast-featured-img":"","footer-sml-layout":"","ast-disable-related-posts":"","theme-transparent-header-meta":"default","adv-header-id-meta":"","stick-header-meta":"default","header-above-stick-meta":"","header-main-stick-meta":"","header-below-stick-meta":"","astra-migrate-meta-layouts":"default","ast-page-background-enabled":"default","ast-page-background-meta":{"desktop":{"background-color":"var(--ast-global-color-4)","background-image":"","background-repeat":"repeat","background-position":"center center","background-size":"auto","background-attachment":"scroll","background-type":"","background-media":"","overlay-type":"","overlay-color":"","overlay-opacity":"","overlay-gradient":""},"tablet":{"background-color":"","background-image":"","background-repeat":"repeat","background-position":"center center","background-size":"auto","background-attachment":"scroll","background-type":"","background-media":"","overlay-type":"","overlay-color":"","overlay-opacity":"","overlay-gradient":""},"mobile":{"background-color":"","background-image":"","background-repeat":"repeat","background-position":"center center","background-size":"auto","background-attachment":"scroll","background-type":"","background-media":"","overlay-type":"","overlay-color":"","overlay-opacity":"","overlay-gradient":""}},"ast-content-background-meta":{"desktop":{"background-color":"var(--ast-global-color-5)","background-image":"","background-repeat":"repeat","background-position":"center center","background-size":"auto","background-attachment":"scroll","background-type":"","background-media":"","overlay-type":"","overlay-color":"","overlay-opacity":"","overlay-gradient":""},"tablet":{"background-color":"var(--ast-global-color-5)","background-image":"","background-repeat":"repeat","background-position":"center center","background-size":"auto","background-attachment":"scroll","background-type":"","background-media":"","overlay-type":"","overlay-color":"","overlay-opacity":"","overlay-gradient":""},"mobile":{"background-color":"var(--ast-global-color-5)","background-image":"","background-repeat":"repeat","background-position":"center center","background-size":"auto","background-attachment":"scroll","background-type":"","background-media":"","overlay-type":"","overlay-color":"","overlay-opacity":"","overlay-gradient":""}}},"product_brand":[2226],"product_cat":[1741,1814,1815],"product_tag":[],"class_list":{"0":"post-17172","1":"product","2":"type-product","3":"status-publish","4":"has-post-thumbnail","6":"product_brand-revell","7":"product_cat-modellbausaetze","8":"product_cat-figuren-charaktere","9":"product_cat-figuren-charaktere-revell","10":"desktop-align-left","11":"tablet-align-left","12":"mobile-align-left","13":"ast-product-gallery-layout-first-image-large","14":"ast-magnify-disabled","15":"ast-product-tabs-layout-accordion","17":"first","18":"instock","19":"taxable","20":"shipping-taxable","21":"purchasable","22":"product-type-simple"},"_links":{"self":[{"href":"https:\/\/craftyminis.com\/de\/wp-json\/wp\/v2\/product\/17172","targetHints":{"allow":["GET"]}}],"collection":[{"href":"https:\/\/craftyminis.com\/de\/wp-json\/wp\/v2\/product"}],"about":[{"href":"https:\/\/craftyminis.com\/de\/wp-json\/wp\/v2\/types\/product"}],"replies":[{"embeddable":true,"href":"https:\/\/craftyminis.com\/de\/wp-json\/wp\/v2\/comments?post=17172"}],"wp:featuredmedia":[{"embeddable":true,"href":"https:\/\/craftyminis.com\/de\/wp-json\/wp\/v2\/media\/17177"}],"wp:attachment":[{"href":"https:\/\/craftyminis.com\/de\/wp-json\/wp\/v2\/media?parent=17172"}],"wp:term":[{"taxonomy":"product_brand","embeddable":true,"href":"https:\/\/craftyminis.com\/de\/wp-json\/wp\/v2\/product_brand?post=17172"},{"taxonomy":"product_cat","embeddable":true,"href":"https:\/\/craftyminis.com\/de\/wp-json\/wp\/v2\/product_cat?post=17172"},{"taxonomy":"product_tag","embeddable":true,"href":"https:\/\/craftyminis.com\/de\/wp-json\/wp\/v2\/product_tag?post=17172"}],"curies":[{"name":"wp","href":"https:\/\/api.w.org\/{rel}","templated":true}]}}