{"id":26462,"date":"2023-12-28T17:33:12","date_gmt":"2023-12-28T16:33:12","guid":{"rendered":"https:\/\/craftyminis.com\/bedingungen-und-konditionen\/"},"modified":"2026-02-25T12:17:27","modified_gmt":"2026-02-25T11:17:27","slug":"bedingungen-und-konditionen","status":"publish","type":"page","link":"https:\/\/craftyminis.com\/de\/bedingungen-und-konditionen\/","title":{"rendered":"Allgemeine Gesch\u00e4ftsbedingungen"},"content":{"rendered":"\n<p><strong>Vorabinformationen zum Vertragsprozess<\/strong><\/p>\n\n<p>Die vorliegende Webseite\u00a0craftyminis.com\u00a0ist Eigentum von MARC GARCIA GUSTEMS mit DNI ES77318268L und steuerlicher Adresse in C\/ GREGAL N2 BEGUES (BARCELONA), der kommerziell unter der Marke CRAFTYMINIS auftritt.<\/p>\n\n<p>Die allgemeinen Vertragsbedingungen regeln das Fernabsatzverh\u00e4ltnis zwischen Craftyminis und dem Nutzer oder Kunden gem\u00e4\u00df den gesetzlichen Bestimmungen, insbesondere dem Gesetz 7\/1998 vom 13. April \u00fcber Allgemeine Gesch\u00e4ftsbedingungen, dem Gesetz 3\/2014 vom 27. M\u00e4rz, durch das der konsolidierte Text des Allgemeinen Gesetzes zum Schutz der Verbraucher und Nutzer ge\u00e4ndert wird, den geltenden Vorschriften zum Schutz personenbezogener Daten, dem Gesetz 7\/1996 vom 15. Januar \u00fcber die Regelung des Einzelhandels sowie dem Gesetz 34\/2002 vom 11. Juli \u00fcber Dienste der Informationsgesellschaft und des elektronischen Gesch\u00e4ftsverkehrs.<\/p>\n\n<p>Craftyminis beh\u00e4lt sich das Recht vor, \u00c4nderungen an den Allgemeinen Gesch\u00e4ftsbedingungen vorzunehmen, die es f\u00fcr angemessen h\u00e4lt, ohne vorherige Ank\u00fcndigung. Diese \u00c4nderungen k\u00f6nnen \u00fcber seine Websites auf jede rechtlich zul\u00e4ssige Weise vorgenommen werden und sind w\u00e4hrend der Zeit, in der sie auf der Website ver\u00f6ffentlicht sind, sowie bis zu ihrer g\u00fcltigen \u00c4nderung durch sp\u00e4tere Bestimmungen verbindlich. Nichtsdestotrotz beh\u00e4lt sich Craftyminis das Recht vor, in bestimmten F\u00e4llen besondere Vertragsbedingungen mit Vorrang vor diesen Allgemeinen Gesch\u00e4ftsbedingungen anzuwenden, wenn es dies f\u00fcr angebracht h\u00e4lt, und diese rechtzeitig und ordnungsgem\u00e4\u00df bekannt zu geben.<\/p>\n\n<p>Der Zweck der\u00a0Webseite ist der Verkauf von Resinfiguren und Produkten im Zusammenhang mit Modellbau, Modellen und Wargames.<\/p>\n\n<p>Die Vertragsdauer ist an die Lieferung des Produkts gebunden, unbeschadet des Widerrufsrechts.<\/p>\n\n<p>Als Benutzer oder Kunde erkl\u00e4rt __XLIFF_TOKEN_00000__ ausdr\u00fccklich, die Nutzungsbedingungen und diese allgemeinen Kaufbedingungen zu kennen, zu verstehen und zu akzeptieren. Ebenso erkl\u00e4rt __XLIFF_TOKEN_00000__, vollj\u00e4hrig zu sein und die rechtliche und gesch\u00e4ftsf\u00e4hige Handlungsf\u00e4higkeit zu besitzen, die f\u00fcr den Zugang zu den Websites von Craftyminis.com und den Vertragsabschluss \u00fcber diese erforderlich ist.<\/p>\n\n<p>Um unsere Produkte zu erwerben, k\u00f6nnen Sie den entsprechenden Bereich in unserem Onlineshop aufsuchen.<\/p>\n\n<p>Nach Abschluss des Kaufvorgangs erh\u00e4lt der Kunde eine Best\u00e4tigung per E-Mail. Es ist unerl\u00e4sslich, dass der Benutzer w\u00e4hrend des Kaufvorgangs eine g\u00fcltige E-Mail-Adresse angibt. Wenn Sie innerhalb von 24 Stunden nach Abschluss der Bestellung keine Best\u00e4tigung erhalten, wenden Sie sich bitte an Craftyminis unter der Kundendiensttelefonnummer <a href=\"tel:644577794\">644 577 794<\/a> oder per E-Mail an <a href=\"mailto:hola@craftyminis.com\">hola@craftyminis.com<\/a><\/p>\n\n<p>Alle Inhalte der Website sind auf Spanisch.<\/p>\n\n<p>Der Kunde erh\u00e4lt bei Erhalt des Produkts an die angegebene Lieferadresse eine Kopie der get\u00e4tigten Bestellung.<\/p>\n\n<h2 class=\"wp-block-heading\">Angebot und G\u00fcltigkeit<\/h2>\n\n<p>Im Falle eines Angebotsprodukts werden stets zusammen mit seinen wesentlichen Merkmalen der Angebotspreis und dessen G\u00fcltigkeit angegeben.<\/p>\n\n<p>In \u00dcbereinstimmung mit den geltenden Vorschriften bietet Craftyminis Informationen \u00fcber alle zum Verkauf stehenden Artikel, deren Merkmale und Preise. Dennoch beh\u00e4lt sich Craftyminis das Recht vor, die \u00fcber seine Webseite angebotenen Produkte durch einfache \u00c4nderung des Inhalts derselben zu entfernen, zu ersetzen oder zu \u00e4ndern. Auf diese Weise unterliegen die jeweils auf der Webseite angebotenen Produkte den jeweils geltenden Allgemeinen Gesch\u00e4ftsbedingungen. Ebenso hat das Unternehmen das Recht, den Zugang zu den genannten Produkten jederzeit und ohne vorherige Ank\u00fcndigung einzustellen.<\/p>\n\n<h2 class=\"wp-block-heading\">Wesentliche Produkteigenschaften<\/h2>\n\n<p>Die in unserem Onlineshop angebotenen Produkte enthalten ein Foto und die wesentlichen Merkmale des Produkts, diese Informationen stammen vom Hersteller selbst. Die auf dem Foto sichtbare Farbe des Produkts ist nicht verbindlich. In den Merkmalen wird sie angegeben.<\/p>\n\n<h2 class=\"wp-block-heading\">Garantien<\/h2>\n\n<p>Alle auf craftyminis.com verkauften Produkte haben die vom Hersteller angegebene Garantie. Diese betr\u00e4gt in der Regel 2 Jahre und deckt nur ab, wenn das Produkt fehlerhaft ist. Bei konkreten Fragen zu einem Teil k\u00f6nnen Sie uns per E-Mail unter <a href=\"mailto:hola@mahoganyspecialtycoffee.com\"><\/a><a href=\"mailto:hola@craftyminis.com\">hola@craftyminis.com<\/a> oder telefonisch unter der Kundenservice-Nummer <a href=\"tel:644577794\">644 577 794<\/a> kontaktieren.<\/p>\n\n<h2 class=\"wp-block-heading\">Preise<\/h2>\n\n<p>Alle Produkte geben den Verkaufspreis in Euro an und enthalten die Mehrwertsteuer (MwSt.).<\/p>\n\n<p>Falls eine andere Steuer anwendbar w\u00e4re, w\u00fcrde dies so angegeben werden (IGIC oder IPSI).<\/p>\n\n<h2 class=\"wp-block-heading\">Liefer- und Transportkosten<\/h2>\n\n<p>Sie k\u00f6nnen eingesehen werden unter<a href=\" https:\/\/craftyminis.com\/politicas-de-envio\/\"> https:\/\/craftyminis.com\/politicas-de-envio\/<\/a><\/p>\n\n<h2 class=\"wp-block-heading\">Zahlungsarten und Auftragsausf\u00fchrung<\/h2>\n\n<p>Der Kunde kann den Betrag seiner Bestellung mit einer Visa-, Mastercard- oder Maestro-Kreditkarte bezahlen.<\/p>\n\n<p>Alle Vorg\u00e4nge, die die \u00dcbertragung von pers\u00f6nlichen oder Bankdaten beinhalten, werden unter Verwendung einer sicheren Umgebung durchgef\u00fchrt, einem Server, der auf der Standard-Sicherheitstechnologie SSL (Secure Sockets Layer) basiert. Alle Informationen, die Sie uns \u00fcbermitteln, werden verschl\u00fcsselt \u00fcber das Netzwerk \u00fcbertragen.<\/p>\n\n<p>Ebenso werden die Daten zu Ihrer Kreditkarte direkt auf der Bankseite, im TPV (Terminal Punto de venta del Banco) eingegeben und nicht auf einem Server von Craftyminis eingegeben oder gespeichert.<\/p>\n\n<p>Beim Bezahlen mit VISA-, MASTERCARD- oder MAESTRO-Karte werden Ihnen stets die folgenden Daten abgefragt: die Kartennummer, das Ablaufdatum und ein Validierungscode, der mit den letzten drei Ziffern der kursiv auf der R\u00fcckseite Ihrer VISA-, MASTERCARD- oder MAESTRO-Karte aufgedruckten Nummer \u00fcbereinstimmt und somit mehr Sicherheit f\u00fcr die Transaktion bietet.<\/p>\n\n<p>Diese Zahlungsmethode ist nur auf der Webseite g\u00fcltig.<\/p>\n\n<p>Wenn der Betrag eines Kaufs betr\u00fcgerisch oder unrechtm\u00e4\u00dfig unter Verwendung der Nummer einer Zahlungskarte belastet wurde, kann der Karteninhaber die sofortige Stornierung der Belastung verlangen. In diesem Fall werden die entsprechenden Belastungs- und Gutschriftbuchungen auf den Konten des Anbieters und des Inhabers so schnell wie m\u00f6glich vorgenommen.<\/p>\n\n<p>Wenn der Kauf jedoch tats\u00e4chlich vom Karteninhaber get\u00e4tigt worden w\u00e4re und die R\u00fcckforderung nicht auf der Aus\u00fcbung des Widerrufs- oder R\u00fccktrittsrechts beruht und somit die Stornierung der entsprechenden Belastung unrechtm\u00e4\u00dfig verlangt wurde, ist dieser gegen\u00fcber Craftyminis zur Schadensersatzzahlung f\u00fcr die durch diese Stornierung entstandenen Sch\u00e4den verpflichtet.<\/p>\n\n<p>Die Verf\u00fcgbarkeit der von Craftyminis angebotenen Produkte kann je nach Kundennachfrage variieren. Obwohl Craftyminis den Lagerbestand regelm\u00e4\u00dfig aktualisiert, k\u00f6nnte das vom Kunden angeforderte Produkt zu diesem Zeitpunkt ausverkauft sein. Im Falle einer Nichtausf\u00fchrung aufgrund von Nichtverf\u00fcgbarkeit wird Craftyminis den Kunden unverz\u00fcglich nach Kenntnisnahme dieser Situation per E-Mail oder telefonisch benachrichtigen. Der Zeitraum dieser Mitteilung wird in keinem Fall die H\u00f6chstdauer von 30 Tagen \u00fcberschreiten. Craftyminis kann dem Kunden die doppelte Option anbieten: entweder die Lieferung eines Produkts mit \u00e4hnlichen oder h\u00f6herwertigen Eigenschaften ohne Preiserh\u00f6hung oder, sofern gerechtfertigte und nachweisbare Gr\u00fcnde seitens Craftyminis innerhalb dieses Zeitraums vorliegen, die R\u00fcckerstattung der f\u00fcr die stornierte Bestellung gezahlten Betr\u00e4ge.<\/p>\n\n<h2 class=\"wp-block-heading\">Widerrufsrecht, R\u00fcckgaben und Reklamationen<\/h2>\n\n<p><strong>Widerrufsrecht<\/strong><\/p>\n\n<p>Der K\u00e4ufer hat ab dem Tag, an dem der Kunde das Produkt erh\u00e4lt, eine Frist von vierzehn Kalendertagen, um ohne jegliche Strafe und ohne Angabe von Gr\u00fcnden vom Vertrag zur\u00fcckzutreten.<\/p>\n\n<p>Die Aus\u00fcbung des Widerrufsrechts muss durch eine Mitteilung an Craftyminis erfolgen, entweder telefonisch unter <a href=\"tel:644577794\">644 577 794<\/a> oder per E-Mail an <a href=\"mailto:hola@mahoganyspecialtycoffee.com\"><\/a><a href=\"mailto:hola@craftyminis.com\">hola@craftyminis.com<\/a>.<\/p>\n\n<p>Gem\u00e4\u00df Artikel 103 des Gesetzes 3\/2014 vom 27. M\u00e4rz, durch das der konsolidierte Text des Allgemeinen Gesetzes zum Schutz der Verbraucher und Nutzer ge\u00e4ndert wird, sind Lieferungen von Dienstleistungen oder Waren, die nach den Vorgaben des Verbrauchers angefertigt oder eindeutig personalisiert sind oder die aufgrund ihrer Beschaffenheit nicht zur\u00fcckgegeben werden k\u00f6nnen oder schnell verderben oder verfallen k\u00f6nnen, vom Widerrufsrecht ausgeschlossen.<\/p>\n\n<p><strong>Die R\u00fcckgabe<\/strong><\/p>\n\n<p>Der Kunde ist verpflichtet, sich mit Craftyminis unter der Telefonnummer <a href=\"tel:644577794\">644 577 794<\/a> oder per E-Mail an <a href=\"mailto:hola@mahoganyspecialtycoffee.com\"><\/a><a href=\"mailto:hola@mahoganyspecialtycoffee.com\"><\/a><a href=\"mailto:hola@craftyminis.com\">hola@craftyminis.com<\/a> zu wenden, um den R\u00fccksendegrund mitzuteilen. Craftyminis kann den R\u00fccksendegrund akzeptieren oder ablehnen. Im Falle einer Annahme durch Craftyminis geben wir an, wohin das Produkt gesendet werden soll. Die R\u00fccksendekosten tr\u00e4gt der Kunde. Sobald das Produkt eingegangen und gepr\u00fcft wurde, dass es sich in einwandfreiem Zustand befindet, wird der entsprechende Betrag erstattet.<\/p>\n\n<p>Ohne unangemessene Verz\u00f6gerung und in jedem Fall innerhalb einer H\u00f6chstfrist von vierzehn Kalendertagen ab dem Datum, an dem das Widerrufsrecht des Vertrags ausge\u00fcbt wird. Die Frist gilt als eingehalten, wenn der Kunde die R\u00fccksendung des Produkts vor Ablauf der Frist vornimmt.<\/p>\n\n<p><strong>R\u00fcckerstattung der Zahlung<\/strong><\/p>\n\n<p>Die R\u00fcckerstattung der vom Kunden erhaltenen Betr\u00e4ge erfolgt unter Verwendung derselben vom Kunden verwendeten Zahlungsmittel, sofern nicht anders vereinbart wurde.<\/p>\n\n<p>Craftyminis kann die R\u00fcckerstattung zur\u00fcckhalten, bis das Produkt, der Widerrufsgrund, eingegangen ist oder bis der Kunde einen R\u00fcckgabenachweis vorlegt, je nachdem, welche Bedingung zuerst erf\u00fcllt wird.<\/p>\n\n<p><strong>Bestellungen nach mehreren Zustellversuchen zur\u00fcckgegeben<\/strong><\/p>\n\n<p>Bestellungen, die nach mehreren Zustellversuchen durch die Transportagentur zur\u00fcckgesendet werden, es sei denn, es liegt ein Fehler seitens Craftyminis oder der Transportfirma vor, werden erstattet, mit Ausnahme der Versandkosten und R\u00fccksendekosten, die durch den Transport entstehen. Dies gilt f\u00fcr alle Lieferarten, einschlie\u00dflich solcher, die den Mindestbetrag f\u00fcr kostenlosen Versand, der von Craftyminis \u00fcbernommen wird, \u00fcberschreiten.<\/p>\n\n<p>Ebenso wie Produkte auf Bestellung vom Widerrufsrecht ausgenommen sind, wird bei einer R\u00fccksendung nach mehreren Versuchen, die ein auf Bestellung gefertigtes Produkt enth\u00e4lt, der Betrag dieses Produkts von der R\u00fcckerstattung ausgeschlossen.<\/p>\n\n<p><strong>R\u00fcckgabe des fehlerhaften Produkts<\/strong><\/p>\n\n<p>Falls das Produkt nicht in einwandfreiem Zustand ist und die Ursachen daf\u00fcr dem Produkt zuzuschreiben sind, nicht jedoch dem Kunden, hat dieser das Recht auf R\u00fcckgabe des Produkts, indem er Craftyminis den R\u00fcckgabegrund \u00fcber eines der in diesen Vertragsbedingungen angegebenen Mittel mitteilt, und zwar ohne Kosten f\u00fcr den Kunden. Diese R\u00fcckgabe aufgrund eines Mangels oder schlechten Zustands des Produkts wird nicht als Widerrufsrecht betrachtet.<\/p>\n\n<p>Craftyminis verpflichtet sich, die R\u00fccksendekosten zu \u00fcbernehmen und das Produkt gem\u00e4\u00df den zum Zeitpunkt des Verkaufs akzeptierten Bedingungen durch ein neues zu ersetzen.<\/p>\n\n<p>Wenn der Kunde eine Beschwerde einreichen m\u00f6chte, befindet sich die Niederlassung von Craftyminis in C\/ GREGAL N2 BEGUES (BARCELONA) oder per E-Mail <a href=\"mailto:hola@mahoganyspecialtycoffee.com\"><\/a><a href=\"mailto:hola@mahoganyspecialtycoffee.com\"><\/a><a href=\"mailto:hola@craftyminis.com\">hola@craftyminis.com<\/a> oder telefonisch unter <a href=\"tel:644577794\">644 577 794<\/a>.<\/p>\n\n<p><strong>Gerichtsbarkeit<\/strong><\/p>\n\n<p>Ebenso beh\u00e4lt sich Craftyminis das Recht vor, zivil- oder strafrechtliche Schritte einzuleiten, die es f\u00fcr angemessen h\u00e4lt, aufgrund der missbr\u00e4uchlichen Nutzung seiner Website und Inhalte oder wegen der Nichteinhaltung dieser Bedingungen.<\/p>\n\n<p>Die Beziehung zwischen dem Benutzer und dem Dienstleister unterliegt den geltenden und im spanischen Hoheitsgebiet anwendbaren Vorschriften. Im Falle von Streitigkeiten k\u00f6nnen die Parteien ihre Konflikte einem Schiedsverfahren unterwerfen oder die ordentliche Gerichtsbarkeit unter Einhaltung der diesbez\u00fcglichen Zust\u00e4ndigkeits- und Kompetenzregeln in Anspruch nehmen. Craftyminis hat seinen Sitz in Begues, Spanien.<\/p>\n\n<h2 class=\"wp-block-heading\"><strong>ELEKTRONISCHE RECHNUNGSKLAUSEL<\/strong><\/h2>\n\n<p>In \u00dcbereinstimmung mit den Bestimmungen der geltenden Datenschutzvorschriften informieren wir Sie, dass Ihre personenbezogenen Daten in eine Datei unter der Verantwortung von Craftyminis aufgenommen werden, mit dem Zweck, die Verpflichtungen aus der Beziehung, die wir mit Ihnen unterhalten, erf\u00fcllen zu k\u00f6nnen.<\/p>\n\n<p>Sie k\u00f6nnen Ihre Rechte auf Zugang, Berichtigung, Einschr\u00e4nkung der Verarbeitung, L\u00f6schung, Daten\u00fcbertragbarkeit und Widerspruch gegen die Verarbeitung durch ein Schreiben an die Adresse aus\u00fcben: C\/ GREGAL N2 BEGUES (BARCELONA).<\/p>\n\n<p>Wenn Sie uns innerhalb von 30 Tagen nichts Gegenteiliges mitteilen, gehen wir davon aus, dass Ihre Daten nicht ge\u00e4ndert wurden, dass Sie sich verpflichten, uns \u00fcber jede \u00c4nderung zu informieren, und dass wir Ihre Zustimmung haben, diese zu verarbeiten, um Ihre Abrechnung bearbeiten zu k\u00f6nnen.<\/p>\n\n<p>Ebenso informieren wir Sie, dass Sie die erteilte Zustimmung zum Empfang der elektronischen Rechnung jederzeit widerrufen k\u00f6nnen, indem Sie eine E-Mail an die E-Mail-Adresse <a href=\"mailto:hola@mahoganyspecialtycoffee.com\"><\/a><a href=\"mailto:hola@craftyminis.com\">hola@craftyminis.com<\/a> senden.<\/p>\n\n<div style=\"height:30px\" aria-hidden=\"true\" class=\"wp-block-spacer uag-hide-desktop uag-hide-tab\"><\/div>\n","protected":false},"excerpt":{"rendered":"<p>Vorabinformationen zum Vertragsprozess Die vorliegende Webseite\u00a0craftyminis.com\u00a0ist Eigentum von MARC GARCIA GUSTEMS mit DNI ES77318268L und steuerlicher Adresse in C\/ GREGAL [&hellip;]<\/p>\n","protected":false},"author":1,"featured_media":0,"parent":0,"menu_order":-1,"comment_status":"closed","ping_status":"closed","template":"","meta":{"site-sidebar-layout":"default","site-content-layout":"","ast-site-content-layout":"default","site-content-style":"default","site-sidebar-style":"default","ast-global-header-display":"","ast-banner-title-visibility":"","ast-main-header-display":"","ast-hfb-above-header-display":"","ast-hfb-below-header-display":"","ast-hfb-mobile-header-display":"","site-post-title":"","ast-breadcrumbs-content":"","ast-featured-img":"","footer-sml-layout":"","ast-disable-related-posts":"","theme-transparent-header-meta":"","adv-header-id-meta":"","stick-header-meta":"","header-above-stick-meta":"","header-main-stick-meta":"","header-below-stick-meta":"","astra-migrate-meta-layouts":"default","ast-page-background-enabled":"default","ast-page-background-meta":{"desktop":{"background-color":"var(--ast-global-color-4)","background-image":"","background-repeat":"repeat","background-position":"center center","background-size":"auto","background-attachment":"scroll","background-type":"","background-media":"","overlay-type":"","overlay-color":"","overlay-opacity":"","overlay-gradient":""},"tablet":{"background-color":"","background-image":"","background-repeat":"repeat","background-position":"center center","background-size":"auto","background-attachment":"scroll","background-type":"","background-media":"","overlay-type":"","overlay-color":"","overlay-opacity":"","overlay-gradient":""},"mobile":{"background-color":"","background-image":"","background-repeat":"repeat","background-position":"center center","background-size":"auto","background-attachment":"scroll","background-type":"","background-media":"","overlay-type":"","overlay-color":"","overlay-opacity":"","overlay-gradient":""}},"ast-content-background-meta":{"desktop":{"background-color":"var(--ast-global-color-5)","background-image":"","background-repeat":"repeat","background-position":"center center","background-size":"auto","background-attachment":"scroll","background-type":"","background-media":"","overlay-type":"","overlay-color":"","overlay-opacity":"","overlay-gradient":""},"tablet":{"background-color":"var(--ast-global-color-5)","background-image":"","background-repeat":"repeat","background-position":"center center","background-size":"auto","background-attachment":"scroll","background-type":"","background-media":"","overlay-type":"","overlay-color":"","overlay-opacity":"","overlay-gradient":""},"mobile":{"background-color":"var(--ast-global-color-5)","background-image":"","background-repeat":"repeat","background-position":"center center","background-size":"auto","background-attachment":"scroll","background-type":"","background-media":"","overlay-type":"","overlay-color":"","overlay-opacity":"","overlay-gradient":""}},"footnotes":""},"class_list":["post-26462","page","type-page","status-publish","hentry"],"_links":{"self":[{"href":"https:\/\/craftyminis.com\/de\/wp-json\/wp\/v2\/pages\/26462","targetHints":{"allow":["GET"]}}],"collection":[{"href":"https:\/\/craftyminis.com\/de\/wp-json\/wp\/v2\/pages"}],"about":[{"href":"https:\/\/craftyminis.com\/de\/wp-json\/wp\/v2\/types\/page"}],"author":[{"embeddable":true,"href":"https:\/\/craftyminis.com\/de\/wp-json\/wp\/v2\/users\/1"}],"replies":[{"embeddable":true,"href":"https:\/\/craftyminis.com\/de\/wp-json\/wp\/v2\/comments?post=26462"}],"version-history":[{"count":1,"href":"https:\/\/craftyminis.com\/de\/wp-json\/wp\/v2\/pages\/26462\/revisions"}],"predecessor-version":[{"id":26463,"href":"https:\/\/craftyminis.com\/de\/wp-json\/wp\/v2\/pages\/26462\/revisions\/26463"}],"wp:attachment":[{"href":"https:\/\/craftyminis.com\/de\/wp-json\/wp\/v2\/media?parent=26462"}],"curies":[{"name":"wp","href":"https:\/\/api.w.org\/{rel}","templated":true}]}}