{"id":26450,"date":"2023-11-28T18:53:32","date_gmt":"2023-11-28T17:53:32","guid":{"rendered":"https:\/\/craftyminis.com\/datenschutzrichtlinie\/"},"modified":"2026-02-25T12:17:26","modified_gmt":"2026-02-25T11:17:26","slug":"datenschutzrichtlinie","status":"publish","type":"page","link":"https:\/\/craftyminis.com\/de\/datenschutzrichtlinie\/","title":{"rendered":"Datenschutzrichtlinie"},"content":{"rendered":"\n<p>Der Inhaber informiert Sie \u00fcber seine Datenschutzrichtlinie bez\u00fcglich der Verarbeitung und des Schutzes personenbezogener Daten von Nutzern und Kunden, die w\u00e4hrend der Navigation, beim Kauf eines Produkts oder bei der Beauftragung einer Dienstleistung \u00fcber die Website <a href=\"https:\/\/craftyminis.com\/de\/datenschutzrichtlinie\/\">https:\/\/craftyminis.com<\/a> erhoben werden k\u00f6nnen.<\/p>\n\n<p>In diesem Sinne gew\u00e4hrleistet der Inhaber die Einhaltung der geltenden Vorschriften zum Schutz personenbezogener Daten, die im Organischen Gesetz 3\/2018 vom 5. Dezember \u00fcber den Schutz personenbezogener Daten und die Gew\u00e4hrleistung digitaler Rechte (LOPD GDD) festgelegt sind. Er erf\u00fcllt auch die Verordnung (EU) 2016\/679 des Europ\u00e4ischen Parlaments und des Rates vom 27. April 2016 zum Schutz nat\u00fcrlicher Personen (DSGVO).<\/p>\n\n<p>Die Nutzung der Website setzt die Akzeptanz dieser Datenschutzrichtlinie sowie der im <a href=\"https:\/\/craftyminis.com\/de\/rechtlicher-hinweis\/\">Rechtlichen Hinweis<\/a> enthaltenen Bedingungen voraus.<\/p>\n\n<h2 class=\"wp-block-heading\">Identit\u00e4t des Verantwortlichen<\/h2>\n\n<ul class=\"wp-block-list\">\n<li><strong>Verantwortlich:<\/strong>\u00a0 Marc Garcia Gustems.<\/li>\n\n\n\n<li><strong>NIF:<\/strong>\u00a077318268L<\/li>\n\n\n\n<li><strong>Adresse:<\/strong>\u00a0 Calle Gregal 2 Begues , Barcelona &#8211; Spanien.<\/li>\n\n\n\n<li><strong>E-Mail:<\/strong>\u00a0 hola@craftyminis.com<\/li>\n\n\n\n<li><strong>Webseite:<\/strong>\u00a0\u00a0<a href=\"https:\/\/craftyminis.com\/de\/datenschutzrichtlinie\/\">https:\/\/craftyminis.com<\/a><\/li>\n<\/ul>\n\n<figure class=\"wp-block-image size-large is-resized\"><img decoding=\"async\" src=\"https:\/\/craftyminis.com\/wp-content\/uploads\/2024\/07\/CONBANDERA_KITDIGITAL2-1400x71.png\" alt=\"\" class=\"wp-image-4430\" style=\"width:800px\"\/><figcaption class=\"wp-element-caption\">Finanziert von der Europ\u00e4ischen Union \u2013 NextGenerationUE<\/figcaption><\/figure>\n\n<h2 class=\"wp-block-heading\">Grunds\u00e4tze, die bei der Datenverarbeitung angewendet werden<\/h2>\n\n<p>Bei der Verarbeitung Ihrer personenbezogenen Daten wendet der Inhaber die folgenden Grunds\u00e4tze an, die den Anforderungen der neuen europ\u00e4ischen Datenschutz-Grundverordnung (DSGVO) entsprechen:<\/p>\n\n<ul class=\"wp-block-list\">\n<li>Grundsatz der Rechtm\u00e4\u00dfigkeit, Treue und Transparenz: Der Inhaber wird stets die Einwilligung f\u00fcr die Verarbeitung personenbezogener Daten einholen, die f\u00fcr einen oder mehrere spezifische Zwecke erfolgen kann, \u00fcber die der Inhaber den Nutzer zuvor mit absoluter Transparenz informieren wird.<\/li>\n\n\n\n<li>Grundsatz der Datenminimierung: Der Inhaber wird nur die unbedingt notwendigen Daten f\u00fcr den Zweck oder die Zwecke anfordern, f\u00fcr die sie angefordert werden.<\/li>\n\n\n\n<li>Grundsatz der Begrenzung der Aufbewahrungsfrist: Der Verantwortliche wird die erhobenen personenbezogenen Daten nur so lange aufbewahren, wie es f\u00fcr den Zweck oder die Zwecke der Verarbeitung unbedingt erforderlich ist. Der Verantwortliche wird den Nutzer \u00fcber die entsprechende Aufbewahrungsfrist gem\u00e4\u00df dem Zweck informieren.<br\/>Im Falle von Abonnements wird der Verantwortliche die Listen regelm\u00e4\u00dfig \u00fcberpr\u00fcfen und diejenigen Eintr\u00e4ge l\u00f6schen, die \u00fcber einen l\u00e4ngeren Zeitraum inaktiv waren.<\/li>\n\n\n\n<li>Grundsatz der Integrit\u00e4t und Vertraulichkeit: Die erhobenen personenbezogenen Daten werden so behandelt, dass deren Sicherheit, Vertraulichkeit und Integrit\u00e4t gew\u00e4hrleistet ist.<br\/>Der Inhaber trifft die notwendigen Vorkehrungen, um den unbefugten Zugriff oder die missbr\u00e4uchliche Verwendung der Daten seiner Nutzer durch Dritte zu verhindern.<\/li>\n<\/ul>\n\n<h2 class=\"wp-block-heading\">Erfassung pers\u00f6nlicher Daten<\/h2>\n\n<p>Um die Website zu durchsuchen, ist es nicht erforderlich, pers\u00f6nliche Daten anzugeben.<\/p>\n\n<p>Die F\u00e4lle, in denen Sie Ihre pers\u00f6nlichen Daten angeben, sind die folgenden:<\/p>\n\n<ul class=\"wp-block-list\">\n<li>Beim Kontakt \u00fcber die Kontaktformulare oder das Senden einer E-Mail.<\/li>\n\n\n\n<li>Beim Kauf eines Produkts oder der Beauftragung einer Dienstleistung.<\/li>\n\n\n\n<li>Beim Anmelden zu einem Abonnementformular oder einem Newsletter, den der Inhaber mit MailChimp verwaltet.<\/li>\n<\/ul>\n\n<h2 class=\"wp-block-heading\">Rechte<\/h2>\n\n<p>Der Inhaber informiert Sie dar\u00fcber, dass Sie bez\u00fcglich Ihrer pers\u00f6nlichen Daten das Recht haben:<\/p>\n\n<ul class=\"wp-block-list\">\n<li>Zugriff auf die gespeicherten Daten anfordern.<\/li>\n\n\n\n<li>Eine Berichtigung oder L\u00f6schung beantragen.<\/li>\n\n\n\n<li>Anforderung der Einschr\u00e4nkung der Verarbeitung.<\/li>\n\n\n\n<li>Behandlung ablehnen.<\/li>\n<\/ul>\n\n<p>Er kann das Recht auf Daten\u00fcbertragbarkeit nicht aus\u00fcben.<\/p>\n\n<p>Die Aus\u00fcbung dieser Rechte ist pers\u00f6nlich und muss daher direkt vom Betroffenen ausge\u00fcbt werden, indem er sie direkt beim Inhaber beantragt, was bedeutet, dass jeder Kunde, Abonnent oder Mitarbeiter, der irgendwann seine Daten bereitgestellt hat, sich an den Inhaber wenden und Informationen \u00fcber die gespeicherten Daten und deren Herkunft anfordern, die Berichtigung derselben verlangen, der Verarbeitung widersprechen, deren Nutzung einschr\u00e4nken oder die L\u00f6schung dieser Daten in den Dateien des Inhabers beantragen kann.<\/p>\n\n<p>Um Ihre Rechte auszu\u00fcben, m\u00fcssen Sie Ihre Anfrage zusammen mit einer Fotokopie des Personalausweises oder eines gleichwertigen Dokuments an die E-Mail-Adresse senden: hola@craftyminis.com<\/p>\n\n<p>Die Aus\u00fcbung dieser Rechte umfasst keine Daten, die der Inhaber zu Verwaltungs-, Rechts- oder Sicherheitszwecken aufbewahren muss.<\/p>\n\n<p>Sie haben das Recht auf wirksamen gerichtlichen Rechtsschutz und k\u00f6nnen eine Beschwerde bei der Aufsichtsbeh\u00f6rde einreichen, in diesem Fall der Spanischen Datenschutzbeh\u00f6rde, wenn Sie der Ansicht sind, dass die Verarbeitung personenbezogener Daten, die Sie betreffen, gegen die Verordnung verst\u00f6\u00dft.<\/p>\n\n<h2 class=\"wp-block-heading\" id=\"finalidad-del-tratamiento-de-datos-personales\">Zweck der Verarbeitung personenbezogener Daten<\/h2>\n\n<p>Wenn Sie sich auf der Website verbinden, um eine E-Mail an den Inhaber zu senden, sich f\u00fcr seinen Newsletter anzumelden oder ein Produkt oder eine Dienstleistung zu beauftragen, stellen Sie personenbezogene Daten bereit, f\u00fcr die der Inhaber verantwortlich ist. Diese Informationen k\u00f6nnen personenbezogene Daten wie Ihre IP-Adresse, Vor- und Nachname, physische Adresse, E-Mail-Adresse, Telefonnummer und andere Informationen umfassen. Indem Sie diese Informationen bereitstellen, stimmen Sie zu, dass Ihre Informationen von \u2014 IONOS \u2014 nur wie auf den Seiten beschrieben gesammelt, verwendet, verwaltet und gespeichert werden:<\/p>\n\n<ul class=\"wp-block-list\">\n<li><a href=\"https:\/\/craftyminis.com\/de\/rechtlicher-hinweis\/\">Rechtlicher Hinweis<\/a><\/li>\n\n\n\n<li><a href=\"https:\/\/craftyminis.com\/de\/datenschutzrichtlinie\/\">Datenschutzerkl\u00e4rung<\/a><\/li>\n<\/ul>\n\n<p>Die personenbezogenen Daten und der Zweck der Verarbeitung durch den Inhaber unterscheiden sich je nach dem Informationsaufnahme-System:<\/p>\n\n<ul class=\"wp-block-list\">\n<li>Kontaktformulare: Der Inhaber verlangt personenbezogene Daten, zu denen geh\u00f6ren k\u00f6nnen: Name und Nachname, E-Mail-Adresse, Telefonnummer und Website-Adresse, mit dem Zweck, Anfragen der Nutzer zu beantworten, Informationen und Demonstrationen der Produkte und Dienstleistungen des Inhabers anzubieten, einschlie\u00dflich Kostenvoranschl\u00e4gen.<br\/>Beispielsweise verwendet der Inhaber diese Daten, um auf Nachrichten, Zweifel, Beschwerden, Kommentare oder Anliegen der Nutzer zu antworten, die sich auf die auf der Website enthaltenen Informationen, die Produkte und Dienstleistungen, die \u00fcber die Website erbracht werden, die Verarbeitung personenbezogener Daten, Fragen zu den auf der Website enthaltenen rechtlichen Texten sowie auf jede andere Anfrage beziehen, die der Nutzer haben kann und die nicht den Bedingungen der Website oder den Vertragsbedingungen unterliegt.<\/li>\n\n\n\n<li>Formulare zur Produkt- oder Dienstleistungsvertragsabschluss: Der Inhaber verlangt personenbezogene Daten, zu denen geh\u00f6ren k\u00f6nnen: Name und Nachname, Ausweisdokument (Steueridentifikationsnummer, Ausl\u00e4nderidentifikationsnummer, Reisepass oder Aufenthaltserlaubnis), E-Mail-Adresse, Postanschrift, Telefonnummer und Zahlungsdaten (Zahlungsmethoden oder Bankdaten), mit dem Zweck, eine Gesch\u00e4ftsbeziehung mit dem Benutzer aufrechtzuerhalten, die Bestellungen zu versenden, die beauftragten Dienstleistungen zu erbringen und die Rechnungsstellung sowie die Einziehung der f\u00fcr die Produkte oder Dienstleistungen zu zahlenden Betr\u00e4ge durchzuf\u00fchren.<\/li>\n\n\n\n<li>Abonnementformulare f\u00fcr Inhalte: Der Inhaber verlangt die folgenden personenbezogenen Daten: Vor- und Nachname, E-Mail-Adresse, Telefonnummer und die Adresse einer Website, um die Abonnementliste zu verwalten, Newsletter, Werbeaktionen und Sonderangebote zu versenden. Die dem Inhaber bereitgestellten personenbezogenen Daten werden auf den Servern von The Rocket Science Group LLC d\/b\/a mit Sitz in den USA gespeichert. (Mailchimp).<\/li>\n<\/ul>\n\n<p>Es gibt weitere Zwecke, f\u00fcr die der Inhaber personenbezogene Daten verarbeitet:<\/p>\n\n<ul class=\"wp-block-list\">\n<li>Um die Einhaltung der auf der Seite Rechtshinweis und des geltenden Gesetzes festgelegten Bedingungen zu gew\u00e4hrleisten. Dies kann die Entwicklung von Werkzeugen und Algorithmen umfassen, die der Website dabei helfen, die Vertraulichkeit der gesammelten personenbezogenen Daten zu gew\u00e4hrleisten.<\/li>\n\n\n\n<li>Um die von dieser Website angebotenen Dienste zu unterst\u00fctzen und zu verbessern.<\/li>\n\n\n\n<li>Zur Verwaltung der sozialen Netzwerke. Der Inhaber ist in sozialen Netzwerken pr\u00e4sent. Wenn Sie den sozialen Netzwerken des Inhabers folgen, unterliegt die Verarbeitung der personenbezogenen Daten diesem Abschnitt sowie den Nutzungsbedingungen, Datenschutzrichtlinien und Zugangsbestimmungen, die f\u00fcr das jeweilige soziale Netzwerk gelten und die Sie zuvor akzeptiert haben.<br\/>Sie k\u00f6nnen die Datenschutzrichtlinien der wichtigsten sozialen Netzwerke unter diesen Links einsehen:<ul><li><a href=\"https:\/\/www.facebook.com\/help\/cookies\" rel=\"noreferrer noopener\" target=\"_blank\">Facebook<\/a><\/li><li><a href=\"https:\/\/twitter.com\/privacy\" rel=\"noreferrer noopener\" target=\"_blank\">Twitter<\/a><\/li><li><a href=\"https:\/\/www.linkedin.com\/legal\/cookie-policy\" rel=\"noreferrer noopener\" target=\"_blank\">Linkedin<\/a><\/li><li><a href=\"https:\/\/www.youtube.com\/privacy\" rel=\"noreferrer noopener\" target=\"_blank\">YouTube<\/a><\/li><li><a href=\"https:\/\/www.instagram.com\/legal\/privacy\/\" rel=\"noreferrer noopener\" target=\"_blank\">Instagram<\/a><\/li><\/ul>Der Inhaber wird Ihre personenbezogenen Daten zum Zweck der ordnungsgem\u00e4\u00dfen Verwaltung seiner Pr\u00e4senz im sozialen Netzwerk verarbeiten, Sie \u00fcber seine Aktivit\u00e4ten, Produkte oder Dienstleistungen informieren sowie f\u00fcr alle anderen Zwecke, die die Vorschriften der sozialen Netzwerke erlauben. In keinem Fall wird der Inhaber die Profile der Follower in sozialen Netzwerken verwenden, um Werbung individuell zu versenden.<\/li>\n<\/ul>\n\n<h2 class=\"wp-block-heading\">Datensicherheit der pers\u00f6nlichen Daten<\/h2>\n\n<p>Um Ihre pers\u00f6nlichen Daten zu sch\u00fctzen, trifft der Inhaber alle zumutbaren Vorsichtsma\u00dfnahmen und folgt den besten Branchenpraktiken, um deren Verlust, Missbrauch, unbefugten Zugriff, Offenlegung, Ver\u00e4nderung oder Zerst\u00f6rung zu vermeiden.<\/p>\n\n<p>Die Website wird gehostet bei: IONOS. Die Datensicherheit ist gew\u00e4hrleistet, da alle notwendigen Sicherheitsma\u00dfnahmen ergriffen werden. Sie k\u00f6nnen deren Datenschutzrichtlinie f\u00fcr weitere Informationen einsehen.<\/p>\n\n<p>Der Inhaber informiert den Benutzer, dass seine personenbezogenen Daten nicht an Dritte weitergegeben werden, mit der Ausnahme, dass diese Datenweitergabe durch eine gesetzliche Verpflichtung gedeckt ist oder wenn die Erbringung einer Dienstleistung die Notwendigkeit einer vertraglichen Beziehung mit einem Auftragsverarbeiter erfordert. In diesem letzten Fall erfolgt die Datenweitergabe an den Dritten nur, wenn der Inhaber die ausdr\u00fcckliche Zustimmung des Benutzers hat.<\/p>\n\n<p>__XLIFF_TOKEN_00000__Jedoch k\u00f6nnen in einigen F\u00e4llen Kooperationen mit anderen Fachleuten durchgef\u00fchrt werden, in diesen F\u00e4llen ist die Zustimmung des Nutzers erforderlich, wobei \u00fcber die Identit\u00e4t des Mitarbeiters und den Zweck der Zusammenarbeit informiert wird. Dies erfolgt stets nach den strengsten Sicherheitsstandards.__XLIFF_TOKEN_00000__<\/p>\n\n<h2 class=\"wp-block-heading\">Inhalt anderer Websites<\/h2>\n\n<p>Die Seiten dieser Website k\u00f6nnen eingebettete Inhalte enthalten (z. B. Videos, Bilder, Artikel usw.). Eingebettete Inhalte von anderen Websites verhalten sich genau so, als ob Sie die andere Website besucht h\u00e4tten.<\/p>\n\n<p>Diese Websites k\u00f6nnen Daten \u00fcber Sie sammeln, Cookies verwenden, zus\u00e4tzlichen Drittanbieter-Tracking-Code einbetten und Ihre Interaktion mit diesem Code \u00fcberwachen.<\/p>\n\n<h2 class=\"wp-block-heading\">Cookie-Richtlinie<\/h2>\n\n<p>Damit diese Website ordnungsgem\u00e4\u00df funktioniert, m\u00fcssen Cookies verwendet werden, bei denen es sich um Informationen handelt, die in Ihrem Webbrowser gespeichert werden.<\/p>\n\n<h2 class=\"wp-block-heading\">Rechtsgrundlage f\u00fcr die Datenverarbeitung<\/h2>\n\n<p>Die Rechtsgrundlage f\u00fcr die Verarbeitung Ihrer Daten ist:<\/p>\n\n<ul class=\"wp-block-list\">\n<li>Die Einwilligung der betroffenen Person.<\/li>\n\n\n\n<li>Durchf\u00fchrung des Vertrags oder die Anwendung vorvertraglicher Ma\u00dfnahmen mit dem Interessenten, um ihm ein vom Inhaber erworbenes Produkt oder eine Dienstleistung bereitzustellen.<\/li>\n\n\n\n<li>Um den gesetzlichen Verpflichtungen nachzukommen.<\/li>\n<\/ul>\n\n<h2 class=\"wp-block-heading\">Kategorien personenbezogener Daten<\/h2>\n\n<p>Die Kategorien personenbezogener Daten, die der Inhaber verarbeitet, sind:<\/p>\n\n<ul class=\"wp-block-list\">\n<li>Identifizierende Daten.<\/li>\n\n\n\n<li>Es werden keine Kategorien besonders gesch\u00fctzter Daten behandelt.<\/li>\n<\/ul>\n\n<h2 class=\"wp-block-heading\">Speicherung personenbezogener Daten<\/h2>\n\n<p>Die dem Inhaber bereitgestellten personenbezogenen Daten werden so lange aufbewahrt, bis deren L\u00f6schung angefordert wird.<\/p>\n\n<h2 class=\"wp-block-heading\">Empf\u00e4nger personenbezogener Daten<\/h2>\n\n<ul class=\"wp-block-list\">\n<li><strong>Mailchimp<\/strong>\u00a0The Rocket Science Group LLC d\/b\/a , mit Sitz in den USA.<br\/>Weitere Informationen unter:\u00a0<a href=\"https:\/\/mailchimp.com\/legal\/privacy\/\" rel=\"noreferrer noopener\" target=\"_blank\">https:\/\/mailchimp.com<\/a><br\/>The Rocket Science Group LLC d\/b\/a verarbeitet die Daten zum Zweck der Erbringung seiner E-Mail-Marketing-Dienstleistungen f\u00fcr den Inhaber.<\/li>\n\n\n\n<li><strong>Google Analytics<\/strong> ist ein Webanalyse-Dienst, der von Google, Inc., einem Unternehmen aus Delaware mit Hauptsitz in 1600 Amphitheatre Parkway, Mountain View (Kalifornien), CA 94043, Vereinigte Staaten (&#8222;Google&#8220;), bereitgestellt wird.<br\/>Google Analytics verwendet &#8222;Cookies&#8220;, das sind Textdateien, die auf deinem Computer gespeichert werden, um dem Inhaber zu helfen, die Nutzung der Website durch die Nutzer zu analysieren. Die durch das Cookie erzeugten Informationen \u00fcber die Nutzung der Website (einschlie\u00dflich der IP-Adresse) werden direkt an Google auf Server in den Vereinigten Staaten \u00fcbermittelt und dort gespeichert.<br\/>Weitere Informationen unter: <a href=\"https:\/\/policies.google.com\/privacy?hl=es-ES\" rel=\"noreferrer noopener\" target=\"_blank\">https:\/\/analytics.google.com<\/a><\/li>\n\n\n\n<li><strong>Google AdSense<\/strong> ist ein Werbedienstleistungsangebot von Google, Inc., einem Unternehmen aus Delaware mit Hauptsitz in 1600 Amphitheatre Parkway, Mountain View (Kalifornien), CA 94043, Vereinigte Staaten (&#8222;Google&#8220;).<br\/>AdSense verwendet Cookies, um die Werbung zu verbessern, sie auf f\u00fcr die Nutzer relevante Inhalte auszurichten und die Leistungsberichte der Kampagnen zu optimieren.<br\/>Weitere Informationen unter: <a href=\"https:\/\/policies.google.com\/privacy?hl=es-ES\" rel=\"noreferrer noopener\" target=\"_blank\">https:\/\/www.google.com\/adsense<\/a><\/li>\n<\/ul>\n\n<p>Sie k\u00f6nnen nachlesen, wie Google den Datenschutz in Bezug auf die Verwendung von Cookies und anderen Informationen auf der Google-Datenschutzerkl\u00e4rungsseite handhabt: <a target=\"_blank\" href=\"https:\/\/policies.google.com\/privacy?hl=es\" rel=\"noreferrer noopener\">https:\/\/policies.google.com\/privacy?hl=es<\/a><\/p>\n\n<p>Sie k\u00f6nnen auch eine Liste der von Google und seinen Partnern verwendeten Cookie-Typen sowie alle Informationen zur Nutzung von Werbecookies unter folgendem Link einsehen:<\/p>\n\n<ul class=\"wp-block-list\">\n<li><a target=\"_blank\" href=\"https:\/\/policies.google.com\/technologies\/types?hl=es\" rel=\"noreferrer noopener\">Arten von Cookies, die Google verwendet<\/a><\/li>\n\n\n\n<li><a target=\"_blank\" rel=\"noreferrer noopener\" href=\"https:\/\/policies.google.com\/technologies\/ads?hl=es\">Wie Google Cookies in der Werbung verwendet<\/a>.<\/li>\n<\/ul>\n\n<h2 class=\"wp-block-heading\">Web-Navigation<\/h2>\n\n<p>Beim Surfen auf der Website k\u00f6nnen nicht identifizierende Daten gesammelt werden, die die IP-Adresse, Geolokalisierung, eine Aufzeichnung dar\u00fcber, wie die Dienste und Websites genutzt werden, Surfgewohnheiten und andere Daten umfassen k\u00f6nnen, die nicht zur Identifizierung Ihrer Person verwendet werden k\u00f6nnen.<\/p>\n\n<p>Die Website verwendet die folgenden Analyse-Dienste von Drittanbietern:<\/p>\n\n<ul class=\"wp-block-list\">\n<li>Google Analytics.<\/li>\n\n\n\n<li>Google AdSense.<\/li>\n<\/ul>\n\n<p>Der Inhaber verwendet die erhaltenen Informationen, um statistische Daten zu erhalten, Trends zu analysieren, die Website zu verwalten, Navigationsmuster zu untersuchen und demografische Informationen zu sammeln.<\/p>\n\n<p>Der Inhaber \u00fcbernimmt keine Verantwortung f\u00fcr die Verarbeitung personenbezogener Daten, die von den Webseiten durchgef\u00fchrt wird, auf die \u00fcber die verschiedenen Links auf der Website zugegriffen werden kann.<\/p>\n\n<h2 class=\"wp-block-heading\">Genauigkeit und Wahrhaftigkeit der pers\u00f6nlichen Daten<\/h2>\n\n<p>Sie verpflichten sich, dass die dem Inhaber bereitgestellten Daten korrekt, vollst\u00e4ndig, genau und aktuell sind sowie diese ordnungsgem\u00e4\u00df auf dem neuesten Stand zu halten.<\/p>\n\n<p>Als Benutzer der Website sind Sie allein verantwortlich f\u00fcr die Richtigkeit und Korrektheit der an die Website \u00fcbermittelten Daten und stellen den Inhaber diesbez\u00fcglich von jeglicher Haftung frei.<\/p>\n\n<h2 class=\"wp-block-heading\">Akzeptanz und Zustimmung<\/h2>\n\n<p>Als Benutzer der Website erkl\u00e4rt __XLIFF_TOKEN_00000__ sich dar\u00fcber informiert zu haben, dass personenbezogene Daten gesch\u00fctzt werden, und stimmt der Verarbeitung dieser Daten durch den Inhaber in der in dieser Datenschutzrichtlinie angegebenen Form und zu den angegebenen Zwecken zu.<\/p>\n\n<p>Um den Inhaber zu kontaktieren, einen Newsletter zu abonnieren oder Kommentare auf dieser Website abzugeben, m\u00fcssen Sie die vorliegende Datenschutzrichtlinie akzeptieren.<\/p>\n\n<h2 class=\"wp-block-heading\">\u00c4nderungen der Datenschutzrichtlinie<\/h2>\n\n<p>Der Inhaber beh\u00e4lt sich das Recht vor, diese Datenschutzrichtlinie zu \u00e4ndern, um sie an neue gesetzliche oder gerichtliche Entwicklungen sowie an Branchenpraktiken anzupassen.<\/p>\n\n<p>Diese Richtlinien gelten, bis sie durch andere ordnungsgem\u00e4\u00df ver\u00f6ffentlichte ge\u00e4ndert werden.<\/p>\n\n<div style=\"height:30px\" aria-hidden=\"true\" class=\"wp-block-spacer uag-hide-desktop uag-hide-tab\"><\/div>\n","protected":false},"excerpt":{"rendered":"<p>Der Inhaber informiert Sie \u00fcber seine Datenschutzrichtlinie bez\u00fcglich der Verarbeitung und des Schutzes personenbezogener Daten von Nutzern und Kunden, die [&hellip;]<\/p>\n","protected":false},"author":1,"featured_media":0,"parent":0,"menu_order":-1,"comment_status":"closed","ping_status":"closed","template":"","meta":{"site-sidebar-layout":"default","site-content-layout":"","ast-site-content-layout":"default","site-content-style":"default","site-sidebar-style":"default","ast-global-header-display":"","ast-banner-title-visibility":"","ast-main-header-display":"","ast-hfb-above-header-display":"","ast-hfb-below-header-display":"","ast-hfb-mobile-header-display":"","site-post-title":"","ast-breadcrumbs-content":"","ast-featured-img":"","footer-sml-layout":"","ast-disable-related-posts":"","theme-transparent-header-meta":"","adv-header-id-meta":"","stick-header-meta":"","header-above-stick-meta":"","header-main-stick-meta":"","header-below-stick-meta":"","astra-migrate-meta-layouts":"default","ast-page-background-enabled":"default","ast-page-background-meta":{"desktop":{"background-color":"var(--ast-global-color-4)","background-image":"","background-repeat":"repeat","background-position":"center center","background-size":"auto","background-attachment":"scroll","background-type":"","background-media":"","overlay-type":"","overlay-color":"","overlay-opacity":"","overlay-gradient":""},"tablet":{"background-color":"","background-image":"","background-repeat":"repeat","background-position":"center center","background-size":"auto","background-attachment":"scroll","background-type":"","background-media":"","overlay-type":"","overlay-color":"","overlay-opacity":"","overlay-gradient":""},"mobile":{"background-color":"","background-image":"","background-repeat":"repeat","background-position":"center center","background-size":"auto","background-attachment":"scroll","background-type":"","background-media":"","overlay-type":"","overlay-color":"","overlay-opacity":"","overlay-gradient":""}},"ast-content-background-meta":{"desktop":{"background-color":"var(--ast-global-color-5)","background-image":"","background-repeat":"repeat","background-position":"center center","background-size":"auto","background-attachment":"scroll","background-type":"","background-media":"","overlay-type":"","overlay-color":"","overlay-opacity":"","overlay-gradient":""},"tablet":{"background-color":"var(--ast-global-color-5)","background-image":"","background-repeat":"repeat","background-position":"center center","background-size":"auto","background-attachment":"scroll","background-type":"","background-media":"","overlay-type":"","overlay-color":"","overlay-opacity":"","overlay-gradient":""},"mobile":{"background-color":"var(--ast-global-color-5)","background-image":"","background-repeat":"repeat","background-position":"center center","background-size":"auto","background-attachment":"scroll","background-type":"","background-media":"","overlay-type":"","overlay-color":"","overlay-opacity":"","overlay-gradient":""}},"footnotes":""},"class_list":["post-26450","page","type-page","status-publish","hentry"],"_links":{"self":[{"href":"https:\/\/craftyminis.com\/de\/wp-json\/wp\/v2\/pages\/26450","targetHints":{"allow":["GET"]}}],"collection":[{"href":"https:\/\/craftyminis.com\/de\/wp-json\/wp\/v2\/pages"}],"about":[{"href":"https:\/\/craftyminis.com\/de\/wp-json\/wp\/v2\/types\/page"}],"author":[{"embeddable":true,"href":"https:\/\/craftyminis.com\/de\/wp-json\/wp\/v2\/users\/1"}],"replies":[{"embeddable":true,"href":"https:\/\/craftyminis.com\/de\/wp-json\/wp\/v2\/comments?post=26450"}],"version-history":[{"count":1,"href":"https:\/\/craftyminis.com\/de\/wp-json\/wp\/v2\/pages\/26450\/revisions"}],"predecessor-version":[{"id":26451,"href":"https:\/\/craftyminis.com\/de\/wp-json\/wp\/v2\/pages\/26450\/revisions\/26451"}],"wp:attachment":[{"href":"https:\/\/craftyminis.com\/de\/wp-json\/wp\/v2\/media?parent=26450"}],"curies":[{"name":"wp","href":"https:\/\/api.w.org\/{rel}","templated":true}]}}